{"id":150,"date":"2023-02-23T23:06:05","date_gmt":"2023-02-23T23:06:05","guid":{"rendered":"https:\/\/doreytiles.pt\/?page_id=150"},"modified":"2025-07-04T18:04:48","modified_gmt":"2025-07-04T18:04:48","slug":"sobre-nos","status":"publish","type":"page","link":"https:\/\/doreytiles.pt\/pt-pt\/sobre-nos\/","title":{"rendered":"Sobre n\u00f3s"},"content":{"rendered":"<section class=\"banner-about nav-transparent\" style=\"background-image: url(https:\/\/doreytiles.pt\/wp-content\/uploads\/2025\/05\/IMG_2318-scaled.jpg)\">\n\n\t<div class=\"img-overlay\">\n\t\t<div class=\"container\">\n\t\t\t<h1 class=\"animationRight\">D&#8217;Orey Tiles <br \/>\r\n<br \/>\r\nUma miss\u00e3o de recuperar acervos perdidos <\/h1>\n\t\t\t\t\t<\/div>\n\t<\/div>\n\n<\/section>\n\n\n\n<section class=\"home-sobre \" id=\"sobre\">\n\t<div class=\"container\">\n\t\t<h2 class=\"animationFadeIn\">Colecionadores, Comerciantes e Dedicados de Alma ao Azulejo<\/h2>\n\t\t<div class=\"inside  center \">\n\t\t\t<h2 class=\"animationFadeIn\"><\/h2>\n\t\t\t<div class=\"inside-text  animationUp \" > \n\t\t\t\n\t\t\t\t<p><p>A D\u2019Orey Azulejos e Antiguidades \u00e9 um local de refer\u00eancia na \u00e1rea dos azulejos antigos.<\/p>\n<p><strong>Fundada em 2008 por Manuel D\u2019Orey Capucho<\/strong>, a d\u2019Orey tiles tornou-se um verdadeiro marco cultural na cidade de Lisboa. Com quase duas d\u00e9cadas de hist\u00f3ria, este projeto familiar foi crescendo. O ano de 2024 foi um importante na hist\u00f3ria da empresa com a abertura de uma <strong>Galeria de 400m2, com 4 andares na Rua da\u00a0 Miseric\u00f3rdia,<\/strong> situada em pleno Chiado, uma das zonas mais emblem\u00e1ticas de Lisboa.<\/p>\n<p>&nbsp;<\/p>\n<p>&nbsp;<\/p>\n<\/p>\n\t\t\t\t\t\t\t<\/div>\n\t\t<\/div>\n\t<\/div>\n<\/section>\n\n\n\n<section class=\"container imagem-dividida\n           imagem-dividida--division-0\n           imagem-dividida--text-esquerda\">\n            <div class=\"info_title info_title--left animationDown\">\n        <div class=\"container\">\n            <h2>Espa\u00e7o de encontro<\/h2>\n            <div><p>A D\u2019Orey Tiles \u00e9 um espa\u00e7o de <strong>encontro entre o passado e o presente,<\/strong> onde cada pe\u00e7a conta uma hist\u00f3ria e contribui para preservar o patrim\u00f3nio art\u00edstico e cultural de Portugal. O acervo inclui <strong>azulejos de diferentes \u00e9pocas, estilos e proveni\u00eancias<\/strong>, cuidadosamente seleccionados para coleccionadores, arquitectos, decoradores e amantes da azulejaria tradicional.<\/p>\n<p><span style=\"font-weight: 400;\">Ao longo dos anos, t\u00eam-se estabelecidas parcerias com museus, institui\u00e7\u00f5es culturais e ateliers de arquitectura, colaborando em projectos de grande valor hist\u00f3rico e art\u00edstico. Esta rede de colabora\u00e7\u00f5es refor\u00e7a o nosso compromisso com a preserva\u00e7\u00e3o e valoriza\u00e7\u00e3o deste patrim\u00f3nio material, levando o azulejo antigo para al\u00e9m das fronteiras nacionais.<\/span><\/p>\n<\/div>\n        <\/div>\n    <\/div>\n    \n        <div class=\"container img-container animationFadeIn\">\n        <img decoding=\"async\" src=\"https:\/\/doreytiles.pt\/wp-content\/uploads\/2025\/05\/DSC_0182-scaled.jpg\" alt=\"\" class=\"back-img\"\/>\n        <div class=\"color-mask\"><\/div>\n\n            <\/div>\n\n        <\/section>\n\n\n<section class=\"container imagem-dividida\n           imagem-dividida--division-4\n           imagem-dividida--text-direita\">\n        \n        <div class=\"container img-container animationFadeIn\">\n        <img decoding=\"async\" src=\"https:\/\/doreytiles.pt\/wp-content\/uploads\/2025\/05\/DSF6861-scaled.jpg\" alt=\"\" class=\"back-img\"\/>\n        <div class=\"color-mask\"><\/div>\n\n                <img decoding=\"async\" src=\"https:\/\/doreytiles.pt\/wp-content\/themes\/task4it\/assets\/images\/mask8.svg\" alt=\"\" class=\"mask mask--4\" \/>\n            <\/div>\n\n            <div class=\"info_title info_title--right animationDown\">\n        <div class=\"container\">\n            <h2>Atmosferas \u00fanicas<\/h2>\n            <div><p><span style=\"font-weight: 400;\">Um pilar importante da empresa \u00e9 a <strong>cria\u00e7\u00e3o de atmosferas \u00fanicas com azulejos antigos,<\/strong> quer atrav\u00e9s da integra\u00e7\u00e3o de pain\u00e9is azulejares de \u00e9poca, quer atrav\u00e9s de composi\u00e7\u00f5es modernas utilizando azulejos do s\u00e9c XVIII, denominadas de <strong>patchwork,<\/strong> em espa\u00e7os estrategicamente escolhidos.<\/span><\/p>\n<p><span style=\"font-weight: 400;\"><strong>A d\u2019Orey Tiles conta ainda com v\u00e1rios espa\u00e7os<\/strong> onde s\u00e3o preparados e preservados os azulejos e um armaz\u00e9m dedicado \u00e0s pedras decorativas e est\u00e1tuas localizados em Manique, no concelho de Sintra.<\/span><\/p>\n<\/div>\n        <\/div>\n    <\/div>\n    <\/section>\n\n\n<figure class=\"wp-block-gallery has-nested-images columns-default is-cropped wp-block-gallery-1 is-layout-flex wp-block-gallery-is-layout-flex\">\n<figure class=\"wp-block-image size-large\"><img loading=\"lazy\" decoding=\"async\" width=\"1024\" height=\"649\" data-id=\"1182\" src=\"http:\/\/doreytiles.pt\/wp-content\/uploads\/2025\/05\/IMG_2322-1024x649.jpg\" alt=\"\" class=\"wp-image-1182\" srcset=\"https:\/\/doreytiles.pt\/wp-content\/uploads\/2025\/05\/IMG_2322-1024x649.jpg 1024w, https:\/\/doreytiles.pt\/wp-content\/uploads\/2025\/05\/IMG_2322-300x190.jpg 300w, https:\/\/doreytiles.pt\/wp-content\/uploads\/2025\/05\/IMG_2322-768x487.jpg 768w, https:\/\/doreytiles.pt\/wp-content\/uploads\/2025\/05\/IMG_2322-1536x973.jpg 1536w, https:\/\/doreytiles.pt\/wp-content\/uploads\/2025\/05\/IMG_2322-2048x1297.jpg 2048w, https:\/\/doreytiles.pt\/wp-content\/uploads\/2025\/05\/IMG_2322-600x380.jpg 600w, https:\/\/doreytiles.pt\/wp-content\/uploads\/2025\/05\/IMG_2322-scaled.jpg 1920w\" sizes=\"auto, (max-width: 1024px) 100vw, 1024px\" \/><\/figure>\n<\/figure>\n\n\n<section class=\"home-sobre  just-text \" id=\"sobre\">\n\t<div class=\"container\">\n\t\t<h2 class=\"animationFadeIn\"><\/h2>\n\t\t<div class=\"inside  center \">\n\t\t\t<h2 class=\"animationFadeIn\"><\/h2>\n\t\t\t<div class=\"inside-text  animationUp \" > \n\t\t\t\n\t\t\t\t<p><p><span style=\"font-weight: 400;\">Al\u00e9m da vertente comercial e curatorial, promovemos tamb\u00e9m a\u00e7\u00f5es de sensibiliza\u00e7\u00e3o e divulga\u00e7\u00e3o cultural, atrav\u00e9s de exposi\u00e7\u00f5es tem\u00e1ticas, visitas guiadas e publica\u00e7\u00f5es especializadas. Acreditamos que a partilha do conhecimento \u00e9 uma forma de manter viva a tradi\u00e7\u00e3o e inspirar novas gera\u00e7\u00f5es a descobrir o encanto intemporal da azulejaria.<\/span><\/p>\n<\/p>\n\t\t\t\t\t\t\t\t<a href=\"https:\/\/doreytiles.pt\/pt-pt\/contact\/\" >Entre em contacto connosco<\/a>\n\t\t\t\t\t\t\t<\/div>\n\t\t<\/div>\n\t<\/div>\n<\/section>\n\n\n<section class=\"o-azulejo \" id=\"azulejo\">\n\n\t<div class=\"container\">\n\t\t<div class=\"o-azulejo__top\">\n\t\t\t<div class=\"left animationDown\">\n\t\t\t\t<h2>A alma do Azulejo<\/h2>\n\t\t\t\t<p>O Azulejo \u00e9 uma p\u00e1gina dedicada a explorar a riqueza e a hist\u00f3ria deste \u00edcone da cultura portuguesa. Atrav\u00e9s de publica\u00e7\u00f5es regulares, vamos desvendar a origem do azulejo, os mestres do s\u00e9culo XVIII que imortalizaram a sua arte, e o papel fundamental que o azulejo desempenha na arquitetura moderna.<\/p>\n<p>Aqui, voc\u00ea encontrar\u00e1 artigos, curiosidades e inspira\u00e7\u00f5es para apreciar ainda mais esta tradi\u00e7\u00e3o que atravessa s\u00e9culos e continua a enriquecer espa\u00e7os e patrim\u00f3nios em todo o mundo.<\/p>\n\n\t\t\t<\/div>\n\t\t\t<div class=\"right\">\n\t\t\t\t<a href=\"https:\/\/doreytiles.pt\/pt-pt\/o-azulejo\" class=\"button\">\n\t\t\t\t\t<span>\n\t\t\t\t\t\t<strong>\n\t\t\t\t\t\t\tEntre em contacto connosco\n\t\t\t\t\t\t<\/strong>\n\t\t\t\t\t<\/span>\n\t\t\t\t<\/a>\n\t\t\t<\/div>\n\t\t<\/div>\n\t\t<ul class=\"cards_azulejos animationFadeIn\">\n\t\t\t<div>\n\t\t\t\t<img decoding=\"async\" src=\"https:\/\/doreytiles.pt\/wp-content\/uploads\/2025\/05\/descarregar-10.jpg\" alt=\"\">\n\t\t\t\t<img decoding=\"async\" src=\"https:\/\/doreytiles.pt\/wp-content\/uploads\/2025\/05\/descarregar-9.jpg\" alt=\"\">\n\t\t\t<\/div>\n\t\t\t<div>\n\t\t\t\t<img decoding=\"async\" src=\"https:\/\/doreytiles.pt\/wp-content\/uploads\/2025\/05\/Catedral-de-Santarem.jpg\" alt=\"\">\n\t\t\t\t<img decoding=\"async\" src=\"https:\/\/doreytiles.pt\/wp-content\/uploads\/2025\/05\/descarregar-8.jpg\" alt=\"\">\n\t\t\t<\/div>\n\t\t\t<div>\n\t\t\t\t<img decoding=\"async\" src=\"https:\/\/doreytiles.pt\/wp-content\/uploads\/2025\/05\/descarregar-11.jpg\" alt=\"\">\n\t\t\t\t<img decoding=\"async\" src=\"https:\/\/doreytiles.pt\/wp-content\/uploads\/2025\/05\/descarregar-6.jpg\" alt=\"\">\n\t\t\t<\/div>\n\t\t<\/ul>\n\t<\/div>\n<\/section>","protected":false},"excerpt":{"rendered":"","protected":false},"author":1,"featured_media":0,"parent":0,"menu_order":0,"comment_status":"closed","ping_status":"closed","template":"","meta":{"_acf_changed":false,"footnotes":""},"class_list":["post-150","page","type-page","status-publish","hentry"],"acf":[],"_links":{"self":[{"href":"https:\/\/doreytiles.pt\/pt-pt\/wp-json\/wp\/v2\/pages\/150","targetHints":{"allow":["GET"]}}],"collection":[{"href":"https:\/\/doreytiles.pt\/pt-pt\/wp-json\/wp\/v2\/pages"}],"about":[{"href":"https:\/\/doreytiles.pt\/pt-pt\/wp-json\/wp\/v2\/types\/page"}],"author":[{"embeddable":true,"href":"https:\/\/doreytiles.pt\/pt-pt\/wp-json\/wp\/v2\/users\/1"}],"replies":[{"embeddable":true,"href":"https:\/\/doreytiles.pt\/pt-pt\/wp-json\/wp\/v2\/comments?post=150"}],"version-history":[{"count":48,"href":"https:\/\/doreytiles.pt\/pt-pt\/wp-json\/wp\/v2\/pages\/150\/revisions"}],"predecessor-version":[{"id":3687,"href":"https:\/\/doreytiles.pt\/pt-pt\/wp-json\/wp\/v2\/pages\/150\/revisions\/3687"}],"wp:attachment":[{"href":"https:\/\/doreytiles.pt\/pt-pt\/wp-json\/wp\/v2\/media?parent=150"}],"curies":[{"name":"wp","href":"https:\/\/api.w.org\/{rel}","templated":true}]}}