{"id":219,"date":"2023-02-24T21:15:48","date_gmt":"2023-02-24T21:15:48","guid":{"rendered":"https:\/\/doreytiles.pt\/?page_id=219"},"modified":"2025-05-06T10:29:41","modified_gmt":"2025-05-06T10:29:41","slug":"terms-and-conditions","status":"publish","type":"page","link":"https:\/\/doreytiles.pt\/pt-pt\/terms-and-conditions\/","title":{"rendered":"Terms and Conditions"},"content":{"rendered":"<section class=\"termsandconditions\">\n\t<div class=\"container\">\n\t\t<div class=\"content_terms\">\n\t\t\t<div class=\"right\">\n\t\t\t\t<h1>Termos e Condi\u00e7\u00f5es<\/h1>\n\t\t\t\t<ul>\n\t\t\t\t\t\t\t\t\t\t\t<li class=\"active\">\n\t\t\t\t\t\t\t<span>\n\t\t\t\t\t\t\t\t<a href=\"#section-1\">Introdu\u00e7\u00e3o<\/a>\n\t\t\t\t\t\t\t<\/span>\n\t\t\t\t\t\t<\/li>\n\t\t\t\t\t\t\t\t\t\t\t<li class=\"\">\n\t\t\t\t\t\t\t<span>\n\t\t\t\t\t\t\t\t<a href=\"#section-2\">Direitos de Propriedade<\/a>\n\t\t\t\t\t\t\t<\/span>\n\t\t\t\t\t\t<\/li>\n\t\t\t\t\t\t\t\t\t\t\t<li class=\"\">\n\t\t\t\t\t\t\t<span>\n\t\t\t\t\t\t\t\t<a href=\"#section-3\">Restri\u00e7\u00f5es<\/a>\n\t\t\t\t\t\t\t<\/span>\n\t\t\t\t\t\t<\/li>\n\t\t\t\t\t\t\t\t\t\t\t<li class=\"\">\n\t\t\t\t\t\t\t<span>\n\t\t\t\t\t\t\t\t<a href=\"#section-4\">O Seu Conte\u00fado<\/a>\n\t\t\t\t\t\t\t<\/span>\n\t\t\t\t\t\t<\/li>\n\t\t\t\t\t\t\t\t\t\t\t<li class=\"\">\n\t\t\t\t\t\t\t<span>\n\t\t\t\t\t\t\t\t<a href=\"#section-5\">Sem Garantias<\/a>\n\t\t\t\t\t\t\t<\/span>\n\t\t\t\t\t\t<\/li>\n\t\t\t\t\t\t\t\t\t\t\t<li class=\"\">\n\t\t\t\t\t\t\t<span>\n\t\t\t\t\t\t\t\t<a href=\"#section-6\">Limita\u00e7\u00f5es de Responsabilidade<\/a>\n\t\t\t\t\t\t\t<\/span>\n\t\t\t\t\t\t<\/li>\n\t\t\t\t\t\t\t\t\t\t\t<li class=\"\">\n\t\t\t\t\t\t\t<span>\n\t\t\t\t\t\t\t\t<a href=\"#section-7\">Indemniza\u00e7\u00e3o<\/a>\n\t\t\t\t\t\t\t<\/span>\n\t\t\t\t\t\t<\/li>\n\t\t\t\t\t\t\t\t\t\t\t<li class=\"\">\n\t\t\t\t\t\t\t<span>\n\t\t\t\t\t\t\t\t<a href=\"#section-8\">Divisibilidade<\/a>\n\t\t\t\t\t\t\t<\/span>\n\t\t\t\t\t\t<\/li>\n\t\t\t\t\t\t\t\t\t\t\t<li class=\"\">\n\t\t\t\t\t\t\t<span>\n\t\t\t\t\t\t\t\t<a href=\"#section-9\">Varia\u00e7\u00e3o de Termos<\/a>\n\t\t\t\t\t\t\t<\/span>\n\t\t\t\t\t\t<\/li>\n\t\t\t\t\t\t\t\t\t\t\t<li class=\"\">\n\t\t\t\t\t\t\t<span>\n\t\t\t\t\t\t\t\t<a href=\"#section-10\">Permiss\u00f5es<\/a>\n\t\t\t\t\t\t\t<\/span>\n\t\t\t\t\t\t<\/li>\n\t\t\t\t\t\t\t\t\t\t\t<li class=\"\">\n\t\t\t\t\t\t\t<span>\n\t\t\t\t\t\t\t\t<a href=\"#section-11\">Acordo Total<\/a>\n\t\t\t\t\t\t\t<\/span>\n\t\t\t\t\t\t<\/li>\n\t\t\t\t\t\t\t\t\t\t\t<li class=\"\">\n\t\t\t\t\t\t\t<span>\n\t\t\t\t\t\t\t\t<a href=\"#section-12\">Lei Aplic\u00e1vel e Jurisdi\u00e7\u00e3o<\/a>\n\t\t\t\t\t\t\t<\/span>\n\t\t\t\t\t\t<\/li>\n\t\t\t\t\t\t\t\t\t<\/ul>\n\t\t\t<\/div>\n\t\t\t<div class=\"left\">\n\t\t\t\t\t\t\t\t\t<div class=\"descriptionText\">\n\t\t\t\t\t\t<p>Vis\u00e3o geral de como lidamos com as suas informa\u00e7\u00f5es:<\/p>\n<ul>\n<li>Usamos as suas informa\u00e7\u00f5es somente para contacto direto e de factura\u00e7\u00e3o<\/li>\n<li>N\u00f3s n\u00e3o vendemos, partilhamos ou trocamos qualquer informa\u00e7\u00e3o sua, nunca<\/li>\n<li>A sua informa\u00e7\u00e3o n\u00e3o vai sair da UE<\/li>\n<\/ul>\n\n\t\t\t\t\t<\/div>\n\t\t\t\t\n\t\t\t\t\t\t\t\t\t<div class=\"text\" id=\"section-1\">\n\t\t\t\t\t\t<h5>\n\t\t\t\t\t\t\t<strong>Introdu\u00e7\u00e3o<\/strong>\n\t\t\t\t\t\t<\/h5>\n\t\t\t\t\t\t<p>Os Termos e Condi\u00e7\u00f5es do Website, escritos nesta p\u00e1gina, devem gerir a sua utiliza\u00e7\u00e3o do nosso site, D\u2019Orey Tiles acess\u00edvel em https:\/\/doreytiles.pt.<\/p>\n<p>Estes Termos ser\u00e3o aplicados integralmente e afectam o seu uso deste site. Ao usar este site, voc\u00ea concorda em aceitar todos os termos e condi\u00e7\u00f5es aqui descritos. N\u00e3o deve usar este site se n\u00e3o concordar com qualquer um destes Termos e Condi\u00e7\u00f5es do site.<\/p>\n\n\t\t\t\t\t<\/div>\n\t\t\t\t\t\t\t\t\t<div class=\"text\" id=\"section-2\">\n\t\t\t\t\t\t<h5>\n\t\t\t\t\t\t\t<strong>Direitos de Propriedade<\/strong>\n\t\t\t\t\t\t<\/h5>\n\t\t\t\t\t\t<p>Para al\u00e9m do conte\u00fado que possui, sob estes Termos, a D\u2019Orey Tiles possui todos os direitos de propriedade intelectual e material contidos neste Website.<\/p>\n<p>\u00c9 concedida uma licen\u00e7a limitada apenas para fins de visualiza\u00e7\u00e3o do material contido neste site.<\/p>\n\n\t\t\t\t\t<\/div>\n\t\t\t\t\t\t\t\t\t<div class=\"text\" id=\"section-3\">\n\t\t\t\t\t\t<h5>\n\t\t\t\t\t\t\t<strong>Restri\u00e7\u00f5es<\/strong>\n\t\t\t\t\t\t<\/h5>\n\t\t\t\t\t\t<p>Est\u00e1 especificamente restrito de:<\/p>\n<ul>\n<li>publicar qualquer conte\u00fado do site noutro canal de Media sem aviso pr\u00e9vio;<\/li>\n<li>vender, sublicenciar e\/ou comercializar qualquer conte\u00fado do Website;<\/li>\n<li>fazer publicidade com o conte\u00fado contido neste Website;<\/li>\n<li>utilizar este Website de maneira a que possa danificar o pr\u00f3prio Website;<\/li>\n<li>utilizar este Website de qualquer maneira que tenha impacto no acesso do usu\u00e1rio ao pr\u00f3prio Website;<\/li>\n<li>Usar este Website contrariamente \u00e0s leis e regulamentos aplic\u00e1veis, ou de alguma maneira, causar danos ao Website, ou a qualquer pessoa ou entidade comercial;<\/li>\n<li>Envolver-se em qualquer minera\u00e7\u00e3o de dados, coleta de dados, extra\u00e7\u00e3o de dados ou qualquer outra atividade semelhante em rela\u00e7\u00e3o a este Website;<\/li>\n<li>Utilizar este site para se envolver em qualquer publicidade ou marketing.<\/li>\n<\/ul>\n<p>Existem \u00e1reas resctritas neste Website e a D\u2019Orey Tiles pode restringir ainda mais o seu acesso a qualquer \u00e1rea do Website, a qualquer momento, com absoluta discri\u00e7\u00e3o. Qualquer ID de usu\u00e1rio e senha que possa ter para este Website s\u00e3o confidenciais e dever\u00e1 manter a sua confidencialidade.<\/p>\n\n\t\t\t\t\t<\/div>\n\t\t\t\t\t\t\t\t\t<div class=\"text\" id=\"section-4\">\n\t\t\t\t\t\t<h5>\n\t\t\t\t\t\t\t<strong>O Seu Conte\u00fado<\/strong>\n\t\t\t\t\t\t<\/h5>\n\t\t\t\t\t\t<p>Nestes Termos e Condi\u00e7\u00f5es do Website, \u201cO Seu Conte\u00fado\u201d significa qualquer \u00e1udio, v\u00eddeo, imagens ou outro material que voc\u00ea escolher para exibir neste site. Ao exibir o Seu Conte\u00fado, concede \u00e0 D\u2019Orey Tiles uma licen\u00e7a sublicenci\u00e1vel, irrevog\u00e1vel e n\u00e3o exclusiva para usar, reproduzir, adaptar, publicar, traduzir e distribuir em qualquer canal de Media.<\/p>\n<p>O Seu conte\u00fado deve ser seu e n\u00e3o deve invadir os direitos de terceiros. A D\u2019Orey Tiles reserva-se ao direito de remover qualquer Conte\u00fado deste Site a qualquer momento, sem aviso pr\u00e9vio.<\/p>\n\n\t\t\t\t\t<\/div>\n\t\t\t\t\t\t\t\t\t<div class=\"text\" id=\"section-5\">\n\t\t\t\t\t\t<h5>\n\t\t\t\t\t\t\t<strong>Sem Garantias<\/strong>\n\t\t\t\t\t\t<\/h5>\n\t\t\t\t\t\t<p>Este Website \u00e9 fornecido \u201ccomo est\u00e1\u201d, com todas as falhas que possa ter, e a D\u2019Orey Tiles n\u00e3o expressa representa\u00e7\u00f5es ou garantias, de qualquer tipo, relacionadas a este Website ou aos conte\u00fados contidos no pr\u00f3prio. Al\u00e9m disso, nada contido neste site deve ser interpretado como \u201cpublica\u00e7\u00e3o pr\u00f3pria\u201d.<\/p>\n\n\t\t\t\t\t<\/div>\n\t\t\t\t\t\t\t\t\t<div class=\"text\" id=\"section-6\">\n\t\t\t\t\t\t<h5>\n\t\t\t\t\t\t\t<strong>Limita\u00e7\u00f5es de Responsabilidade<\/strong>\n\t\t\t\t\t\t<\/h5>\n\t\t\t\t\t\t<p>Em hip\u00f3tese alguma, a D\u2019Orey Tiles, nem quaisquer dos seus diretores ou funcion\u00e1rios, ser\u00e3o responsabilizados por qualquer ac\u00e7\u00e3o decorrente ou de alguma forma relacionada ao seu uso deste Website, independentemente de tal responsabilidade estar sob contrato. A D\u2019Orey Tiles, incluindo os seus diretores e funcion\u00e1rios, n\u00e3o devem ser responsabilizados por qualquer responsabilidade indireta, consequente ou especial, decorrente de qualquer forma relacionada ao uso deste Website.<\/p>\n\n\t\t\t\t\t<\/div>\n\t\t\t\t\t\t\t\t\t<div class=\"text\" id=\"section-7\">\n\t\t\t\t\t\t<h5>\n\t\t\t\t\t\t\t<strong>Indemniza\u00e7\u00e3o<\/strong>\n\t\t\t\t\t\t<\/h5>\n\t\t\t\t\t\t<p>Voc\u00ea, por meio deste, indemniza, no m\u00e1ximo, a D\u2019Orey Tiles de e contra quaisquer e \/ ou todas as responsabilidades, custos, demandas, causas de a\u00e7\u00e3o, danos e despesas decorrentes de qualquer forma relacionada \u00e0 sua viola\u00e7\u00e3o de qualquer uma das disposi\u00e7\u00f5es destes Termos.<\/p>\n\n\t\t\t\t\t<\/div>\n\t\t\t\t\t\t\t\t\t<div class=\"text\" id=\"section-8\">\n\t\t\t\t\t\t<h5>\n\t\t\t\t\t\t\t<strong>Divisibilidade<\/strong>\n\t\t\t\t\t\t<\/h5>\n\t\t\t\t\t\t<p>Se qualquer disposi\u00e7\u00e3o destes Termos for considerada inv\u00e1lida sob qualquer lei aplic\u00e1vel, tais disposi\u00e7\u00f5es dever\u00e3o ser exclu\u00eddas sem afetar as demais cl\u00e1usulas aqui contidas.<\/p>\n\n\t\t\t\t\t<\/div>\n\t\t\t\t\t\t\t\t\t<div class=\"text\" id=\"section-9\">\n\t\t\t\t\t\t<h5>\n\t\t\t\t\t\t\t<strong>Varia\u00e7\u00e3o de Termos<\/strong>\n\t\t\t\t\t\t<\/h5>\n\t\t\t\t\t\t<p>D\u2019Orey Tiles \u00e9 permitida rever estes Termos a qualquer momento, e ao usar este site, voc\u00ea dever\u00e1 rever estes Termos regularmente.<\/p>\n\n\t\t\t\t\t<\/div>\n\t\t\t\t\t\t\t\t\t<div class=\"text\" id=\"section-10\">\n\t\t\t\t\t\t<h5>\n\t\t\t\t\t\t\t<strong>Permiss\u00f5es<\/strong>\n\t\t\t\t\t\t<\/h5>\n\t\t\t\t\t\t<p>A D\u2019Orey Tiles permite-se atribuir, transferir e sub-contratar os seus direitos e \/ ou obriga\u00e7\u00f5es sob estes Termos sem qualquer notifica\u00e7\u00e3o. No entanto, voc\u00ea n\u00e3o tem permiss\u00e3o para ceder, transferir ou sub-contratar quaisquer de seus direitos e \/ ou obriga\u00e7\u00f5es sob estes Termos.<\/p>\n\n\t\t\t\t\t<\/div>\n\t\t\t\t\t\t\t\t\t<div class=\"text\" id=\"section-11\">\n\t\t\t\t\t\t<h5>\n\t\t\t\t\t\t\t<strong>Acordo Total<\/strong>\n\t\t\t\t\t\t<\/h5>\n\t\t\t\t\t\t<p>Estes Termos constituem um entendimento entre a D\u2019Orey Tiles e o utilizador em rela\u00e7\u00e3o \u00e0 utiliza\u00e7\u00e3o deste Website, e substituem todos os acordos e entendimentos anteriores.<\/p>\n\n\t\t\t\t\t<\/div>\n\t\t\t\t\t\t\t\t\t<div class=\"text\" id=\"section-12\">\n\t\t\t\t\t\t<h5>\n\t\t\t\t\t\t\t<strong>Lei Aplic\u00e1vel e Jurisdi\u00e7\u00e3o<\/strong>\n\t\t\t\t\t\t<\/h5>\n\t\t\t\t\t\t<div id=\"mk-tabs\" class=\"wpb_tabs mk-tabs-5 wpb_content_element mobile-true default-style horizental-style\" data-interval=\"\">\n<div class=\"wpb_wrapper wpb_tour_tabs_wrapper ui-tabs vc_clearfix ui-corner-all ui-widget ui-widget-content\">\n<div id=\"tab-1527010438-1-56\" class=\"wpb_tab ui-tabs-panel wpb_ui-tabs-hide vc_clearfix ui-corner-bottom ui-widget-content\" role=\"tabpanel\" aria-labelledby=\"ui-id-1\" aria-hidden=\"false\">\n<div class=\" vc_custom_1527864600712\">\n<div id=\"text-block-6\" class=\"mk-text-block  jupiter-donut- \">\n<p>Estes Termos ser\u00e3o regidos e interpretados de acordo com as leis do Estado de Portugal, e s\u00e3o submetidos \u00e0 jurisdi\u00e7\u00e3o n\u00e3o exclusiva dos tribunais localizados em Portugal para a resolu\u00e7\u00e3o de quaisquer disputas.<\/p>\n<div class=\"clearboth\"><\/div>\n<\/div>\n<\/div>\n<\/div>\n<\/div>\n<\/div>\n\n\t\t\t\t\t<\/div>\n\t\t\t\t\t\t\t<\/div>\n\t\t<\/div>\n\t<\/div>\n<\/section>\n","protected":false},"excerpt":{"rendered":"","protected":false},"author":1,"featured_media":0,"parent":0,"menu_order":0,"comment_status":"closed","ping_status":"closed","template":"","meta":{"_acf_changed":false,"footnotes":""},"class_list":["post-219","page","type-page","status-publish","hentry"],"acf":[],"_links":{"self":[{"href":"https:\/\/doreytiles.pt\/pt-pt\/wp-json\/wp\/v2\/pages\/219","targetHints":{"allow":["GET"]}}],"collection":[{"href":"https:\/\/doreytiles.pt\/pt-pt\/wp-json\/wp\/v2\/pages"}],"about":[{"href":"https:\/\/doreytiles.pt\/pt-pt\/wp-json\/wp\/v2\/types\/page"}],"author":[{"embeddable":true,"href":"https:\/\/doreytiles.pt\/pt-pt\/wp-json\/wp\/v2\/users\/1"}],"replies":[{"embeddable":true,"href":"https:\/\/doreytiles.pt\/pt-pt\/wp-json\/wp\/v2\/comments?post=219"}],"version-history":[{"count":4,"href":"https:\/\/doreytiles.pt\/pt-pt\/wp-json\/wp\/v2\/pages\/219\/revisions"}],"predecessor-version":[{"id":905,"href":"https:\/\/doreytiles.pt\/pt-pt\/wp-json\/wp\/v2\/pages\/219\/revisions\/905"}],"wp:attachment":[{"href":"https:\/\/doreytiles.pt\/pt-pt\/wp-json\/wp\/v2\/media?parent=219"}],"curies":[{"name":"wp","href":"https:\/\/api.w.org\/{rel}","templated":true}]}}