{"id":3,"date":"2023-02-06T17:47:16","date_gmt":"2023-02-06T17:47:16","guid":{"rendered":"https:\/\/doreytiles.pt\/?page_id=3"},"modified":"2025-05-06T10:33:02","modified_gmt":"2025-05-06T10:33:02","slug":"privacy-policy","status":"publish","type":"page","link":"https:\/\/doreytiles.pt\/pt-pt\/privacy-policy\/","title":{"rendered":"Privacy Policy"},"content":{"rendered":"<section class=\"termsandconditions\">\n\t<div class=\"container\">\n\t\t<div class=\"content_terms\">\n\t\t\t<div class=\"right\">\n\t\t\t\t<h1>Pol\u00edtica de Privacidade<\/h1>\n\t\t\t\t<ul>\n\t\t\t\t\t\t\t\t\t\t\t<li class=\"active\">\n\t\t\t\t\t\t\t<span>\n\t\t\t\t\t\t\t\t<a href=\"#section-1\">Pol\u00edtica de Privacidade<\/a>\n\t\t\t\t\t\t\t<\/span>\n\t\t\t\t\t\t<\/li>\n\t\t\t\t\t\t\t\t\t\t\t<li class=\"\">\n\t\t\t\t\t\t\t<span>\n\t\t\t\t\t\t\t\t<a href=\"#section-2\">General Data Protection Regulation (GDPR)<\/a>\n\t\t\t\t\t\t\t<\/span>\n\t\t\t\t\t\t<\/li>\n\t\t\t\t\t\t\t\t\t\t\t<li class=\"\">\n\t\t\t\t\t\t\t<span>\n\t\t\t\t\t\t\t\t<a href=\"#section-3\">Arquivos de log<\/a>\n\t\t\t\t\t\t\t<\/span>\n\t\t\t\t\t\t<\/li>\n\t\t\t\t\t\t\t\t\t\t\t<li class=\"\">\n\t\t\t\t\t\t\t<span>\n\t\t\t\t\t\t\t\t<a href=\"#section-4\">Cookies e Web Beacons<\/a>\n\t\t\t\t\t\t\t<\/span>\n\t\t\t\t\t\t<\/li>\n\t\t\t\t\t\t\t\t\t\t\t<li class=\"\">\n\t\t\t\t\t\t\t<span>\n\t\t\t\t\t\t\t\t<a href=\"#section-5\">Politicas de Privacidade<\/a>\n\t\t\t\t\t\t\t<\/span>\n\t\t\t\t\t\t<\/li>\n\t\t\t\t\t\t\t\t\t\t\t<li class=\"\">\n\t\t\t\t\t\t\t<span>\n\t\t\t\t\t\t\t\t<a href=\"#section-6\">Pol\u00edticas de Privacidade de Terceiros<\/a>\n\t\t\t\t\t\t\t<\/span>\n\t\t\t\t\t\t<\/li>\n\t\t\t\t\t\t\t\t\t\t\t<li class=\"\">\n\t\t\t\t\t\t\t<span>\n\t\t\t\t\t\t\t\t<a href=\"#section-7\">Informa\u00e7\u00f5es sobre Crian\u00e7as<\/a>\n\t\t\t\t\t\t\t<\/span>\n\t\t\t\t\t\t<\/li>\n\t\t\t\t\t\t\t\t\t\t\t<li class=\"\">\n\t\t\t\t\t\t\t<span>\n\t\t\t\t\t\t\t\t<a href=\"#section-8\">Pol\u00edtica de Privacidade Online (Apenas)<\/a>\n\t\t\t\t\t\t\t<\/span>\n\t\t\t\t\t\t<\/li>\n\t\t\t\t\t\t\t\t\t\t\t<li class=\"\">\n\t\t\t\t\t\t\t<span>\n\t\t\t\t\t\t\t\t<a href=\"#section-9\">Consentimento<\/a>\n\t\t\t\t\t\t\t<\/span>\n\t\t\t\t\t\t<\/li>\n\t\t\t\t\t\t\t\t\t<\/ul>\n\t\t\t<\/div>\n\t\t\t<div class=\"left\">\n\t\t\t\t\t\t\t\t\t<div class=\"descriptionText\">\n\t\t\t\t\t\t<p>Vis\u00e3o geral de como lidamos com as suas informa\u00e7\u00f5es:<\/p>\n<ul>\n<li>Usamos as suas informa\u00e7\u00f5es somente para contacto direto e de factura\u00e7\u00e3o<\/li>\n<li>N\u00f3s n\u00e3o vendemos, partilhamos ou trocamos qualquer informa\u00e7\u00e3o sua, nunca<\/li>\n<li>A sua informa\u00e7\u00e3o n\u00e3o vai sair da UE<\/li>\n<\/ul>\n\n\t\t\t\t\t<\/div>\n\t\t\t\t\n\t\t\t\t\t\t\t\t\t<div class=\"text\" id=\"section-1\">\n\t\t\t\t\t\t<h5>\n\t\t\t\t\t\t\t<strong>Pol\u00edtica de Privacidade<\/strong>\n\t\t\t\t\t\t<\/h5>\n\t\t\t\t\t\t<p>Na D\u2019Orey Tiles, acess\u00edvel a partir de https:\/\/doreytiles.pt, uma das nossas principais prioridades \u00e9 a privacidade dos nossos visitantes. Este documento de Pol\u00edtica de Privacidade cont\u00e9m tipos de informa\u00e7\u00f5es que s\u00e3o recolhidas e registadas pela D\u2019Orey Tiles e a maneira como n\u00f3s usamos\/aplicamos essa informa\u00e7\u00e3o.<\/p>\n<p>Se tiver mais quest\u00f5es ou necessitar de mais informa\u00e7\u00f5es sobre a nossa Pol\u00edtica de Privacidade, n\u00e3o hesite em contactar-nos atrav\u00e9s do email\u00a0<a href=\"https:\/\/doreytiles.pt\/termos-e-condicoes-e-politica-de-privacidade-gdpr\/geral@doreytiles.pt\">geral@doreytiles.pt<\/a><\/p>\n\n\t\t\t\t\t<\/div>\n\t\t\t\t\t\t\t\t\t<div class=\"text\" id=\"section-2\">\n\t\t\t\t\t\t<h5>\n\t\t\t\t\t\t\t<strong>General Data Protection Regulation (GDPR)<\/strong>\n\t\t\t\t\t\t<\/h5>\n\t\t\t\t\t\t<p>N\u00f3s somos um controlador de dados das suas informa\u00e7\u00f5es.<\/p>\n<p>A base legal da D\u2019Orey Tiles para recolher e usar as informa\u00e7\u00f5es pessoais descritas nesta Pol\u00edtica de Privacidade depende das Informa\u00e7\u00f5es Pessoais que recolhemos e do contexto espec\u00edfico no qual o fazemos:<\/p>\n<ul>\n<li>D\u2019Orey Tiles precisa realizar um contrato consigo<\/li>\n<li>Deu a sua permiss\u00e3o a D\u2019Orey Tiles para faz\u00ea-lo<\/li>\n<li>Processar as suas informa\u00e7\u00f5es pessoais est\u00e1 nos interesses leg\u00edtimos da D\u2019Orey Tiles<\/li>\n<li>A D\u2019Orey Tiles precisa cumprir a lei<\/li>\n<\/ul>\n<p>A D\u2019Orey Tiles manter\u00e1 as suas informa\u00e7\u00f5es pessoais apenas pelo tempo que for necess\u00e1rio para os prop\u00f3sitos estabelecidos nesta Pol\u00edtica de Privacidade. Reteremos e usaremos as suas informa\u00e7\u00f5es na medida necess\u00e1ria para cumprir as nossas obriga\u00e7\u00f5es legais, resolver disputas e aplicar as nossas pol\u00edticas.<\/p>\n<p>Se \u00e9 um residente do Espa\u00e7o Econ\u00f3mico Europeu (EEE), voc\u00ea tem certos direitos de prote\u00e7\u00e3o de dados. Se deseja ser informado sobre quaisquer informa\u00e7\u00f5es pessoais que mantemos sobre si e se deseja que sejam removidas do nosso sistema, por favor entre em contacto connosco.<\/p>\n<p>Em determinadas circunst\u00e2ncias, voc\u00ea tem os seguintes direitos de prote\u00e7\u00e3o de dados:<\/p>\n<ul>\n<li>O direito de aceder, actualizar ou excluir as informa\u00e7\u00f5es que temos sobre si.<\/li>\n<li>O direito de rectifica\u00e7\u00e3o<\/li>\n<li>O direito de se opor<\/li>\n<li>O direito de restri\u00e7\u00e3o<\/li>\n<li>O direito \u00e0 portabilidade de dados<\/li>\n<li>O direito de retirar o consentimento<\/li>\n<\/ul>\n\n\t\t\t\t\t<\/div>\n\t\t\t\t\t\t\t\t\t<div class=\"text\" id=\"section-3\">\n\t\t\t\t\t\t<h5>\n\t\t\t\t\t\t\t<strong>Arquivos de log<\/strong>\n\t\t\t\t\t\t<\/h5>\n\t\t\t\t\t\t<p>A D\u2019Orey Tiles segue um procedimento padr\u00e3o de uso de arquivos de log. Esses arquivos registam os visitantes quando visitam os sites. Todas as empresas de hosting fazem isso e fazem parte da an\u00e1lise de servi\u00e7os de hosting. As informa\u00e7\u00f5es coletadas pelos arquivos de registro incluem endere\u00e7os de protocolo da Internet (IP), tipo de navegador, provedor de servi\u00e7os de Internet (ISP), data e hora, p\u00e1ginas de refer\u00eancia \/ sa\u00edda e, possivelmente, o n\u00famero de cliques. Estes n\u00e3o est\u00e3o ligados a nenhuma informa\u00e7\u00e3o que seja pessoalmente identific\u00e1vel. O objetivo das informa\u00e7\u00f5es \u00e9 analisar tend\u00eancias, gerir o site, rastrear o movimento dos utilizadores no site e recolher informa\u00e7\u00f5es demogr\u00e1ficas.<\/p>\n\n\t\t\t\t\t<\/div>\n\t\t\t\t\t\t\t\t\t<div class=\"text\" id=\"section-4\">\n\t\t\t\t\t\t<h5>\n\t\t\t\t\t\t\t<strong>Cookies e Web Beacons<\/strong>\n\t\t\t\t\t\t<\/h5>\n\t\t\t\t\t\t<p>Como qualquer outro site, a D\u2019Orey Tiles usa \u2018cookies\u2019. Esses cookies s\u00e3o usados para armazenar informa\u00e7\u00f5es, incluindo as prefer\u00eancias dos visitantes e as p\u00e1ginas do site que o visitante acedeu ou visitou. As informa\u00e7\u00f5es s\u00e3o usadas para optimizar a experi\u00eancia dos usu\u00e1rios, personalizando o conte\u00fado da nossa p\u00e1gina da Web com base no tipo de navegador dos visitantes e \/ ou outras informa\u00e7\u00f5es.<\/p>\n\n\t\t\t\t\t<\/div>\n\t\t\t\t\t\t\t\t\t<div class=\"text\" id=\"section-5\">\n\t\t\t\t\t\t<h5>\n\t\t\t\t\t\t\t<strong>Politicas de Privacidade<\/strong>\n\t\t\t\t\t\t<\/h5>\n\t\t\t\t\t\t<p>Pode consultar esta lista para encontrar a Pol\u00edtica de Privacidade para cada um dos parceiros publicit\u00e1rios da D\u2019Orey Tiles.<\/p>\n<p>Servidores de an\u00fancios de terceiros ou redes de an\u00fancios usam tecnologias como cookies, JavaScript ou Web Beacons que s\u00e3o usados nos seus respectivos an\u00fancios e links que possam aparecer no Website da D\u2019Orey Tiles. Estes dados s\u00e3o enviados diretamente para o navegador dos utilizadores. Eles recebem automaticamente o seu endere\u00e7o IP quando isso ocorre. Estas tecnologias s\u00e3o usadas para medir a efic\u00e1cia das suas campanhas publicit\u00e1rias e \/ ou para personalizar o conte\u00fado publicit\u00e1rio que voc\u00ea v\u00ea nos sites que acede.<\/p>\n<p>Observe-se que a D\u2019Orey Tiles n\u00e3o tem acesso ou controle sobre esses cookies que s\u00e3o usados por anunciantes de terceiros.<\/p>\n\n\t\t\t\t\t<\/div>\n\t\t\t\t\t\t\t\t\t<div class=\"text\" id=\"section-6\">\n\t\t\t\t\t\t<h5>\n\t\t\t\t\t\t\t<strong>Pol\u00edticas de Privacidade de Terceiros<\/strong>\n\t\t\t\t\t\t<\/h5>\n\t\t\t\t\t\t<p>A Pol\u00edtica de Privacidade da D\u2019Orey Tiles n\u00e3o se aplica a outros anunciantes ou sites. Assim, aconselhamos que consulte as respectivas Pol\u00edticas de Privacidade desses servidores de an\u00fancios de terceiros para obter informa\u00e7\u00f5es mais detalhadas. Isso pode incluir as suas pr\u00e1ticas e instru\u00e7\u00f5es sobre como desativar determinadas op\u00e7\u00f5es.<\/p>\n<p>Pode optar por desativar os cookies por via de suas op\u00e7\u00f5es individuais de navegador. Para obter informa\u00e7\u00f5es mais detalhadas sobre o gerenciamento de cookies com navegadores espec\u00edficos, elas podem ser encontradas nos respectivos sites dos navegadores.<\/p>\n\n\t\t\t\t\t<\/div>\n\t\t\t\t\t\t\t\t\t<div class=\"text\" id=\"section-7\">\n\t\t\t\t\t\t<h5>\n\t\t\t\t\t\t\t<strong>Informa\u00e7\u00f5es sobre Crian\u00e7as<\/strong>\n\t\t\t\t\t\t<\/h5>\n\t\t\t\t\t\t<p>Outra parte importante da nossa prioridade \u00e9 adicionar prote\u00e7\u00e3o para as crian\u00e7as durante o uso da internet. Encorajamos os pais e respons\u00e1veis a observar, participar e \/ ou monitorizar e orientar suas atividades on-line.<\/p>\n<p>D\u2019Orey Tiles n\u00e3o recolhe intencionalmente Informa\u00e7\u00f5es Pessoais Identific\u00e1veis de crian\u00e7as menores de 13 anos. Se achar que o seu filho forneceu este tipo de informa\u00e7\u00f5es ao nosso Website, encorajamos a entrar em contacto connosco imediatamente e prontamente ser\u00e3o removidas tais informa\u00e7\u00f5es de nossos registros.<\/p>\n\n\t\t\t\t\t<\/div>\n\t\t\t\t\t\t\t\t\t<div class=\"text\" id=\"section-8\">\n\t\t\t\t\t\t<h5>\n\t\t\t\t\t\t\t<strong>Pol\u00edtica de Privacidade Online (Apenas)<\/strong>\n\t\t\t\t\t\t<\/h5>\n\t\t\t\t\t\t<p>Esta pol\u00edtica de privacidade aplica-se somente \u00e0s nossas atividades on-line e \u00e9 v\u00e1lida para as informa\u00e7\u00f5es que os nossos visitantes partilharam e \/ ou recolheram na D\u2019Orey Tiles. Esta pol\u00edtica n\u00e3o \u00e9 aplic\u00e1vel a qualquer informa\u00e7\u00e3o recolhida off-line ou por meio de outros canais que n\u00e3o este Website.<\/p>\n\n\t\t\t\t\t<\/div>\n\t\t\t\t\t\t\t\t\t<div class=\"text\" id=\"section-9\">\n\t\t\t\t\t\t<h5>\n\t\t\t\t\t\t\t<strong>Consentimento<\/strong>\n\t\t\t\t\t\t<\/h5>\n\t\t\t\t\t\t<div id=\"mk-tabs\" class=\"wpb_tabs mk-tabs-5 wpb_content_element mobile-true default-style horizental-style\" data-interval=\"\">\n<div class=\"wpb_wrapper wpb_tour_tabs_wrapper ui-tabs vc_clearfix ui-corner-all ui-widget ui-widget-content\">\n<div id=\"tab-1527010438-2-78\" class=\"wpb_tab ui-tabs-panel wpb_ui-tabs-hide vc_clearfix ui-corner-bottom ui-widget-content\" role=\"tabpanel\" aria-labelledby=\"ui-id-2\" aria-hidden=\"false\">\n<div class=\" vc_custom_1540814713623\">\n<div id=\"text-block-7\" class=\"mk-text-block  jupiter-donut- \">\n<p>Ao utilizar o nosso site, est\u00e1 a consentir a nossa Pol\u00edtica de Privacidade e concorda com os nossos termos.<\/p>\n<div class=\"clearboth\"><\/div>\n<\/div>\n<\/div>\n<\/div>\n<\/div>\n<\/div>\n\n\t\t\t\t\t<\/div>\n\t\t\t\t\t\t\t<\/div>\n\t\t<\/div>\n\t<\/div>\n<\/section>\n","protected":false},"excerpt":{"rendered":"","protected":false},"author":1,"featured_media":0,"parent":0,"menu_order":0,"comment_status":"closed","ping_status":"closed","template":"","meta":{"_acf_changed":false,"footnotes":""},"class_list":["post-3","page","type-page","status-publish","hentry"],"acf":[],"_links":{"self":[{"href":"https:\/\/doreytiles.pt\/pt-pt\/wp-json\/wp\/v2\/pages\/3","targetHints":{"allow":["GET"]}}],"collection":[{"href":"https:\/\/doreytiles.pt\/pt-pt\/wp-json\/wp\/v2\/pages"}],"about":[{"href":"https:\/\/doreytiles.pt\/pt-pt\/wp-json\/wp\/v2\/types\/page"}],"author":[{"embeddable":true,"href":"https:\/\/doreytiles.pt\/pt-pt\/wp-json\/wp\/v2\/users\/1"}],"replies":[{"embeddable":true,"href":"https:\/\/doreytiles.pt\/pt-pt\/wp-json\/wp\/v2\/comments?post=3"}],"version-history":[{"count":4,"href":"https:\/\/doreytiles.pt\/pt-pt\/wp-json\/wp\/v2\/pages\/3\/revisions"}],"predecessor-version":[{"id":907,"href":"https:\/\/doreytiles.pt\/pt-pt\/wp-json\/wp\/v2\/pages\/3\/revisions\/907"}],"wp:attachment":[{"href":"https:\/\/doreytiles.pt\/pt-pt\/wp-json\/wp\/v2\/media?parent=3"}],"curies":[{"name":"wp","href":"https:\/\/api.w.org\/{rel}","templated":true}]}}