{"id":52,"date":"2023-02-20T19:19:23","date_gmt":"2023-02-20T19:19:23","guid":{"rendered":"https:\/\/doreytiles.pt\/?page_id=52"},"modified":"2025-07-07T20:13:19","modified_gmt":"2025-07-07T20:13:19","slug":"home","status":"publish","type":"page","link":"https:\/\/doreytiles.pt\/pt-pt\/","title":{"rendered":"Home"},"content":{"rendered":"<section class=\"banner nav-transparent\">\n\t<div>\n\t\t<div class=\"background\">\n\t\t\t\t\t\t\t<img decoding=\"async\" src=\"https:\/\/doreytiles.pt\/wp-content\/uploads\/2025\/04\/DSC08735-Aprimorado-NR-scaled.jpg\" alt=\"background\" class=\"banner__image\">\n\t\t\t\n\t\t\t<a class=\"arrow-prev\" onClick=\"slides(-1)\"><img decoding=\"async\" src=\"https:\/\/doreytiles.pt\/wp-content\/themes\/task4it\/assets\/icons\/chevron-right.svg\" alt=\"arrow previous\"><\/a>\n\t\t\t<a class=\"arrow-next\" onClick=\"slides(1)\"><img decoding=\"async\" src=\"https:\/\/doreytiles.pt\/wp-content\/themes\/task4it\/assets\/icons\/chevron-right.svg\" alt=\"arrow next\"><\/a>\n\t\t\t<div class=\"nav-dots\">\n\t\t\t\t\t\t\t\t\t<img decoding=\"async\" src=\"https:\/\/doreytiles.pt\/wp-content\/themes\/task4it\/assets\/icons\/Ellipse 11.svg\" alt=\"circle icon\"> \n\t\t\t\t\t\t\t<\/div>\n\t\t<\/div>\n\t\t<div class=\"container\">\n\t\t\t<div class=\"banner__content\">\n\t\t\t\t<h1 class=\"animationFadeIn\">\n\t\t\t\t\tCada pe\u00e7a, uma hist\u00f3ria,<br \/>\r\ncada padr\u00e3o uma tradi\u00e7\u00e3o \n\t\t\t\t<\/h1>\n\t\t\t<\/div>\n\t\t<\/div>\n\t<\/div>\n<\/section>\n\n\n\n<section class=\"home-sobre \" id=\"sobre\">\n\t<div class=\"container\">\n\t\t<h2 class=\"animationFadeIn\"><\/h2>\n\t\t<div class=\"inside \">\n\t\t\t<h2 class=\"animationFadeIn\">D&#8217;Orey Tiles<\/h2>\n\t\t\t<div class=\"inside-text  animationLeft \" > \n\t\t\t\n\t\t\t\t<p><p>Com mais de 20 anos de experi\u00eancia no com\u00e9rcio de azulejos e antiguidades, temos como maior objetivo o estudo e divulga\u00e7\u00e3o desta arte portuguesa, tanto a n\u00edvel nacional como internacional, dando a conhecer, sobretudo, a sua evolu\u00e7\u00e3o desde as suas origens at\u00e9 \u00e0 sua express\u00e3o na atualidade.<\/p>\n<\/p>\n\t\t\t\t\t\t\t\t<a href=\"https:\/\/doreytiles.pt\/pt-pt\/sobre-nos\/\" >Conhe\u00e7a a nossa hist\u00f3ria<\/a>\n\t\t\t\t\t\t\t<\/div>\n\t\t<\/div>\n\t<\/div>\n<\/section>\n\n\n<section class=\"azulejo-store\">\n\n\t<img decoding=\"async\" src=\"https:\/\/doreytiles.pt\/wp-content\/themes\/task4it\/assets\/icons\/background-lines.svg\" alt=\"\" class=\"background-lines-1\">\n\n\t<div class=\"info_title\">\n\t\t<div class=\"container\">\n\t\t\t<div class=\"content animationDown\">\n\t\t\t\t<h2>Cat\u00e1logo  <span>Azulejos<\/span><\/h2>\n\t\t\t<\/div>\n\t\t<\/div>\n\t<\/div>\n\n\n\t<div class=\"container azulejo-store_cards\">\n\t\t<div class=\"cards-container\">\n\n\t\t\t\t\t\t\t\t\t\t\t\t\n\t\t\t<a class=\"product-card animationUp\" href=\"https:\/\/doreytiles.pt\/pt-pt\/\/azulejos\/?tag=azulejo-padrao\">\n\t\t\t\t<img decoding=\"async\" src=\"https:\/\/doreytiles.pt\/wp-content\/uploads\/2025\/06\/Dorey_5811.jpg\" alt=\"Azulejo Padr\u00e3o\" class=\"featured-img\">\n\t\t\t\n\t\t\t\t<div class=\"overlay-text\">\n\t\t\t\t\t<p>Azulejo Padr\u00e3o<\/p>\n\t\t\t\t<\/div>\n\t\t\t<\/a>\n\t\t\t\n\t\t\t\t\t\t\t\t\t\t\t\t\n\t\t\t<a class=\"product-card animationUp\" href=\"https:\/\/doreytiles.pt\/pt-pt\/\/azulejos\/?tag=paineis-figurativos\">\n\t\t\t\t<img decoding=\"async\" src=\"https:\/\/doreytiles.pt\/wp-content\/uploads\/2025\/06\/Dorey_5848.jpg\" alt=\"Pain\u00e9is Figurativos\" class=\"featured-img\">\n\t\t\t\n\t\t\t\t<div class=\"overlay-text\">\n\t\t\t\t\t<p>Pain\u00e9is Figurativos<\/p>\n\t\t\t\t<\/div>\n\t\t\t<\/a>\n\t\t\t\n\t\t\t\t\t\t\t\t\t\t\t\t\n\t\t\t<a class=\"product-card animationUp\" href=\"https:\/\/doreytiles.pt\/pt-pt\/\/azulejos\/?tag=albarradas\">\n\t\t\t\t<img decoding=\"async\" src=\"https:\/\/doreytiles.pt\/wp-content\/uploads\/2025\/06\/IMG_6180-1.jpg\" alt=\"Albarradas\" class=\"featured-img\">\n\t\t\t\n\t\t\t\t<div class=\"overlay-text\">\n\t\t\t\t\t<p>Albarradas<\/p>\n\t\t\t\t<\/div>\n\t\t\t<\/a>\n\t\t\t\n\t\t\t\t\t\t\t\t\t\t\t\t\n\t\t\t<a class=\"product-card animationUp\" href=\"https:\/\/doreytiles.pt\/pt-pt\/\/azulejos\/?tag=patchwork\">\n\t\t\t\t<img decoding=\"async\" src=\"https:\/\/doreytiles.pt\/wp-content\/uploads\/2025\/05\/XVIII-Patchwork-Teresa-Freitas-224x300cm.jpg\" alt=\"Patchwork\" class=\"featured-img\">\n\t\t\t\n\t\t\t\t<div class=\"overlay-text\">\n\t\t\t\t\t<p>Patchwork<\/p>\n\t\t\t\t<\/div>\n\t\t\t<\/a>\n\t\t\t\n\t\t\t\t\t\t\t\t\t\t\t\t\n\t\t\t<a class=\"product-card animationUp\" href=\"https:\/\/doreytiles.pt\/pt-pt\/\/azulejos\/?tag=pombalino\">\n\t\t\t\t<img decoding=\"async\" src=\"https:\/\/doreytiles.pt\/wp-content\/uploads\/2025\/05\/Portuguese-hand-made-Tiles-_Pombalinos_.jpg\" alt=\"Pombalino\" class=\"featured-img\">\n\t\t\t\n\t\t\t\t<div class=\"overlay-text\">\n\t\t\t\t\t<p>Pombalino<\/p>\n\t\t\t\t<\/div>\n\t\t\t<\/a>\n\t\t\t\n\t\t\t\t\t\t\t\t\t\t\t\t\n\t\t\t<a class=\"product-card animationUp\" href=\"https:\/\/doreytiles.pt\/pt-pt\/\/azulejos\/?tag=hispano-mourisco\">\n\t\t\t\t<img decoding=\"async\" src=\"https:\/\/doreytiles.pt\/wp-content\/uploads\/2025\/05\/descarregar-2.jpg\" alt=\"Hispano mourisco\" class=\"featured-img\">\n\t\t\t\n\t\t\t\t<div class=\"overlay-text\">\n\t\t\t\t\t<p>Hispano mourisco<\/p>\n\t\t\t\t<\/div>\n\t\t\t<\/a>\n\t\t\t\n\t\t\t\t\t\t\t\t\t\t\t\t\n\t\t\t<a class=\"product-card animationUp\" href=\"https:\/\/doreytiles.pt\/pt-pt\/\/azulejos\/?tag=caldas-da-rainha\">\n\t\t\t\t<img decoding=\"async\" src=\"https:\/\/doreytiles.pt\/wp-content\/uploads\/2025\/06\/Dorey_5866.jpg\" alt=\"Caldas da Rainha\" class=\"featured-img\">\n\t\t\t\n\t\t\t\t<div class=\"overlay-text\">\n\t\t\t\t\t<p>Caldas da Rainha<\/p>\n\t\t\t\t<\/div>\n\t\t\t<\/a>\n\t\t\t\n\t\t\t\t\t\t\t\t\t\t\t\t\n\t\t\t<a class=\"product-card animationUp\" href=\"https:\/\/doreytiles.pt\/pt-pt\/\/azulejos\/?tag=pecas-de-colecao\">\n\t\t\t\t<img decoding=\"async\" src=\"https:\/\/doreytiles.pt\/wp-content\/uploads\/2025\/05\/IMG_7812-4-scaled.jpeg\" alt=\"Pe\u00e7as de Cole\u00e7\u00e3o\" class=\"featured-img\">\n\t\t\t\n\t\t\t\t<div class=\"overlay-text\">\n\t\t\t\t\t<p>Pe\u00e7as de Cole\u00e7\u00e3o<\/p>\n\t\t\t\t<\/div>\n\t\t\t<\/a>\n\t\t\t\n\t\t\t\t\t\t\t\t\t\t\t\t\n\t\t\t<a class=\"product-card animationUp\" href=\"https:\/\/doreytiles.pt\/pt-pt\/\/azulejos\/?tag=faianca\">\n\t\t\t\t<img decoding=\"async\" src=\"https:\/\/doreytiles.pt\/wp-content\/uploads\/2025\/06\/IMG_6272-1.jpg\" alt=\"Faian\u00e7a\" class=\"featured-img\">\n\t\t\t\n\t\t\t\t<div class=\"overlay-text\">\n\t\t\t\t\t<p>Faian\u00e7a<\/p>\n\t\t\t\t<\/div>\n\t\t\t<\/a>\n\t\t\t\n\t\t\t\t\t\t\t\t\t\t\t\t\n\t\t\t<a class=\"product-card animationUp\" href=\"https:\/\/doreytiles.pt\/pt-pt\/\/azulejos\/?tag=pedras\">\n\t\t\t\t<img decoding=\"async\" src=\"https:\/\/doreytiles.pt\/wp-content\/uploads\/2025\/06\/IMG_6313-1.jpg\" alt=\"Pedras\" class=\"featured-img\">\n\t\t\t\n\t\t\t\t<div class=\"overlay-text\">\n\t\t\t\t\t<p>Pedras<\/p>\n\t\t\t\t<\/div>\n\t\t\t<\/a>\n\t\t\t\n\t\t\t\t\t\t\t\t\t\t\t\t\n\t\t\t<a class=\"product-card animationUp\" href=\"https:\/\/doreytiles.pt\/pt-pt\/\/azulejos\/?tag=modernismo\">\n\t\t\t\t<img decoding=\"async\" src=\"https:\/\/doreytiles.pt\/wp-content\/uploads\/2025\/05\/Estacao-de-Metro-Rossio-Lisboa-Maria-Keil.jpg\" alt=\"Modernismo\" class=\"featured-img\">\n\t\t\t\n\t\t\t\t<div class=\"overlay-text\">\n\t\t\t\t\t<p>Modernismo<\/p>\n\t\t\t\t<\/div>\n\t\t\t<\/a>\n\t\t\t\n\t\t\t\t\t\t\t\t\t\t\t\t\n\t\t\t<a class=\"product-card animationUp\" href=\"https:\/\/doreytiles.pt\/pt-pt\/\/azulejos\/?tag=figura_avulsa\">\n\t\t\t\t<img decoding=\"async\" src=\"https:\/\/doreytiles.pt\/wp-content\/uploads\/2025\/05\/descarregar-3.jpg\" alt=\"Figura Avulsa\" class=\"featured-img\">\n\t\t\t\n\t\t\t\t<div class=\"overlay-text\">\n\t\t\t\t\t<p>Figura Avulsa<\/p>\n\t\t\t\t<\/div>\n\t\t\t<\/a>\n\t\t\t\n\t\t\t\n\t\t<\/div>\n\n\t\t<div class=\"centrar\">\n\t\t\t<a class=\"button span\" href=\"https:\/\/doreytiles.pt\/pt-pt\/azulejos\/\">\n\t\t\t\t<strong>\n\t\t\t\t\tConhe\u00e7a o cat\u00e1logo de azulejos\n\t\t\t\t<\/strong>\n\t\t\t<\/a>\n\t\t<\/div>\n\t<\/div>\n\n<\/section>\n\n<section class=\"home-projetos\">\n\n    <img decoding=\"async\" src=\"https:\/\/doreytiles.pt\/wp-content\/themes\/task4it\/assets\/icons\/background-lines2.svg\" alt=\"\" class=\"background-lines-2\">\n\n    <span class=\"background\"><\/span>\n\n    <div class=\"container\">\n        <div class=\"left\">\n            <h2>Projetos<\/h2>\n            <p>Com projetos personalizados criamos atmosferas azulejares \u00fanicas, que juntam a tradi\u00e7\u00e3o art\u00edstica com inova\u00e7\u00e3o est\u00e9tica.\r\n<\/p>\n        <\/div>\n    \n        <div class=\"right\">\n\n            <div class=\"imgs animationLeft\">\n                                <a class=\"project-cards\" href=\"https:\/\/doreytiles.pt\/pt-pt\/projects\/mural-de-azulejos-azul-cobalto-do-seculo-xix-lisboa-2\/\">\n                    <img decoding=\"async\" src=\"https:\/\/doreytiles.pt\/wp-content\/uploads\/2026\/02\/USE-scaled.jpg\" alt=\"Painel de azulejos azul-cobalto do s\u00e9culo XIX, Lisboa\">\n                    <div class=\"overlay\">\n                        <p>Painel de azulejos azul-cobalto do s\u00e9culo XIX, Lisboa<\/p>\n                    <\/div>\n                <\/a>\n                                <a class=\"project-cards\" href=\"https:\/\/doreytiles.pt\/pt-pt\/projects\/as-4-estacoes-do-ano-e-paineis-de-epoca-brasil-2\/\">\n                    <img decoding=\"async\" src=\"https:\/\/doreytiles.pt\/wp-content\/uploads\/2025\/09\/OA-FCB-AZULEJOS-ALTAS-9.jpg\" alt=\"As 4 Esta\u00e7\u00f5es do Ano e pain\u00e9is de \u00e9poca, Brasil\">\n                    <div class=\"overlay\">\n                        <p>As 4 Esta\u00e7\u00f5es do Ano e pain\u00e9is de \u00e9poca, Brasil<\/p>\n                    <\/div>\n                <\/a>\n                                <a class=\"project-cards\" href=\"https:\/\/doreytiles.pt\/pt-pt\/projects\/quinta-dos-azulejos\/\">\n                    <img decoding=\"async\" src=\"https:\/\/doreytiles.pt\/wp-content\/uploads\/2025\/05\/DSC07953-Aprimorado-NR-scaled.jpg\" alt=\"Casa e jardins na estrada de Madre Deus, Sintra\">\n                    <div class=\"overlay\">\n                        <p>Casa e jardins na estrada de Madre Deus, Sintra<\/p>\n                    <\/div>\n                <\/a>\n                            <\/div>\n    \n        <\/div>\n    <\/div>\n<\/section>\n\n<section class=\"o-azulejo azulejo-home\" id=\"azulejo\">\n\n\t<div class=\"container\">\n\t\t<div class=\"o-azulejo__top\">\n\t\t\t<div class=\"left animationDown\">\n\t\t\t\t<h2>A alma do <span>Azulejo<\/span><\/h2>\n\t\t\t\t<p>A Alma do Azulejo \u00e9 uma rubrica destinada ao estudo e divulga\u00e7\u00e3o do maior s\u00edmbolo das artes decorativas em Portugal, o Azulejo.<\/p>\n<p>Ser\u00e3o destacados temas de relev\u00e2ncia hist\u00f3rica, que far\u00e3o um enquadramento da evolu\u00e7\u00e3o desta express\u00e3o art\u00edstica desde os seus prim\u00f3rdios at\u00e9 \u00e0 atualidade.<\/p>\n\n\t\t\t<\/div>\n\t\t\t<div class=\"right\">\n\t\t\t\t<a href=\"https:\/\/doreytiles.pt\/pt-pt\/o-azulejo\/\" class=\"button\">\n\t\t\t\t\t<span>\n\t\t\t\t\t\t<strong>\n\t\t\t\t\t\t\tDescubra A alma do Azulejo\n\t\t\t\t\t\t<\/strong>\n\t\t\t\t\t<\/span>\n\t\t\t\t<\/a>\n\t\t\t<\/div>\n\t\t<\/div>\n\t\t<ul class=\"cards_azulejos animationFadeIn\">\n\t\t\t<div>\n\t\t\t\t<img decoding=\"async\" src=\"https:\/\/doreytiles.pt\/wp-content\/uploads\/2025\/05\/descarregar-9.jpg\" alt=\"\">\n\t\t\t\t<img decoding=\"async\" src=\"https:\/\/doreytiles.pt\/wp-content\/uploads\/2025\/05\/descarregar-10.jpg\" alt=\"\">\n\t\t\t<\/div>\n\t\t\t<div>\n\t\t\t\t<img decoding=\"async\" src=\"https:\/\/doreytiles.pt\/wp-content\/uploads\/2025\/05\/Catedral-de-Santarem.jpg\" alt=\"\">\n\t\t\t\t<img decoding=\"async\" src=\"https:\/\/doreytiles.pt\/wp-content\/uploads\/2025\/05\/descarregar-8.jpg\" alt=\"\">\n\t\t\t<\/div>\n\t\t\t<div>\n\t\t\t\t<img decoding=\"async\" src=\"https:\/\/doreytiles.pt\/wp-content\/uploads\/2025\/05\/descarregar-6.jpg\" alt=\"\">\n\t\t\t\t<img decoding=\"async\" src=\"https:\/\/doreytiles.pt\/wp-content\/uploads\/2025\/05\/descarregar-11.jpg\" alt=\"\">\n\t\t\t<\/div>\n\t\t<\/ul>\n\t<\/div>\n<\/section>\n\n<section class=\"instagram-block\">\n\t<div class=\"info_title\">\n\t\t<div class=\"container\">\n\t\t\t<div class=\"content\">\n\t\t\t\t<h2 class=\"instagram-block__noMargin\"><\/h2>\n\n\t\t\t\t<div class=\"instagram-block__icon-wrapper\">\n\t\t\t\t\t<svg width=\"25\" height=\"25\" viewBox=\"0 0 25 25\" fill=\"none\" xmlns=\"http:\/\/www.w3.org\/2000\/svg\">\n<path d=\"M12.5268 6.3125C9.09821 6.3125 6.36607 9.09821 6.36607 12.4732C6.36607 15.9018 9.09821 18.6339 12.5268 18.6339C15.9018 18.6339 18.6875 15.9018 18.6875 12.4732C18.6875 9.09821 15.9018 6.3125 12.5268 6.3125ZM12.5268 16.4911C10.3304 16.4911 8.50893 14.7232 8.50893 12.4732C8.50893 10.2768 10.2768 8.50893 12.5268 8.50893C14.7232 8.50893 16.4911 10.2768 16.4911 12.4732C16.4911 14.7232 14.7232 16.4911 12.5268 16.4911ZM20.3482 6.09821C20.3482 5.29464 19.7054 4.65179 18.9018 4.65179C18.0982 4.65179 17.4554 5.29464 17.4554 6.09821C17.4554 6.90179 18.0982 7.54464 18.9018 7.54464C19.7054 7.54464 20.3482 6.90179 20.3482 6.09821ZM24.4196 7.54464C24.3125 5.61607 23.8839 3.90179 22.4911 2.50893C21.0982 1.11607 19.3839 0.6875 17.4554 0.580357C15.4732 0.473214 9.52679 0.473214 7.54464 0.580357C5.61607 0.6875 3.95536 1.11607 2.50893 2.50893C1.11607 3.90179 0.6875 5.61607 0.580357 7.54464C0.473214 9.52679 0.473214 15.4732 0.580357 17.4554C0.6875 19.3839 1.11607 21.0446 2.50893 22.4911C3.95536 23.8839 5.61607 24.3125 7.54464 24.4196C9.52679 24.5268 15.4732 24.5268 17.4554 24.4196C19.3839 24.3125 21.0982 23.8839 22.4911 22.4911C23.8839 21.0446 24.3125 19.3839 24.4196 17.4554C24.5268 15.4732 24.5268 9.52679 24.4196 7.54464ZM21.8482 19.5446C21.4732 20.6161 20.6161 21.4196 19.5982 21.8482C17.9911 22.4911 14.2411 22.3304 12.5268 22.3304C10.7589 22.3304 7.00893 22.4911 5.45536 21.8482C4.38393 21.4196 3.58036 20.6161 3.15179 19.5446C2.50893 17.9911 2.66964 14.2411 2.66964 12.4732C2.66964 10.7589 2.50893 7.00893 3.15179 5.40179C3.58036 4.38393 4.38393 3.58036 5.45536 3.15179C7.00893 2.50893 10.7589 2.66964 12.5268 2.66964C14.2411 2.66964 17.9911 2.50893 19.5982 3.15179C20.6161 3.52679 21.4196 4.38393 21.8482 5.40179C22.4911 7.00893 22.3304 10.7589 22.3304 12.4732C22.3304 14.2411 22.4911 17.9911 21.8482 19.5446Z\" fill=\"#1E29F7\" stroke=\"#1E29F7\" stroke-width=\"0.5\"\/>\n<\/svg>\n\n\t\t\t\t\t<h2>Instagram<\/h2>\n\t\t\t\t<\/div>\n\t\t\t<\/div>\n\t\t<\/div>\n\t<\/div>\n\t<div class=\"container\">\n\t\t<div class=\"social_images\">\n\n\t\t\t\t\t\t\n<div id=\"sb_instagram\"  class=\"sbi sbi_mob_col_2 sbi_tab_col_3 sbi_col_6 sbi_width_resp\" style=\"padding-bottom: 10px;\"\t data-feedid=\"*1\"  data-res=\"auto\" data-cols=\"6\" data-colsmobile=\"2\" data-colstablet=\"3\" data-num=\"6\" data-nummobile=\"6\" data-item-padding=\"5\"\t data-shortcode-atts=\"{&quot;feed&quot;:&quot;1&quot;}\"  data-postid=\"52\" data-locatornonce=\"966a51b122\" data-imageaspectratio=\"1:1\" data-sbi-flags=\"favorLocal,ajaxPostLoad\">\n\t\n\t<div id=\"sbi_images\"  style=\"gap: 10px;\">\n\t\t\t<\/div>\n\n\t<div id=\"sbi_load\" >\n\n\t\n\t\n<\/div>\n\t\t<span class=\"sbi_resized_image_data\" data-feed-id=\"*1\"\n\t\t  data-resized=\"[]\">\n\t<\/span>\n\t<\/div>\n\n<script type=\"text\/javascript\">var sb_instagram_js_options = {\"font_method\":\"svg\",\"placeholder\":\"https:\\\/\\\/doreytiles.pt\\\/wp-content\\\/plugins\\\/instagram-feed\\\/img\\\/placeholder.png\",\"resized_url\":\"https:\\\/\\\/doreytiles.pt\\\/wp-content\\\/uploads\\\/sb-instagram-feed-images\\\/\",\"ajax_url\":\"https:\\\/\\\/doreytiles.pt\\\/wp-admin\\\/admin-ajax.php\"};<\/script><script type='text\/javascript' src='https:\/\/doreytiles.pt\/wp-content\/plugins\/instagram-feed\/js\/sbi-scripts.min.js?ver=6.10.1'><\/script>\n\t\t\t\n\t\t<\/div>\n\t<\/div>\n<\/section>\n","protected":false},"excerpt":{"rendered":"","protected":false},"author":1,"featured_media":0,"parent":0,"menu_order":0,"comment_status":"closed","ping_status":"closed","template":"","meta":{"_acf_changed":false,"footnotes":""},"class_list":["post-52","page","type-page","status-publish","hentry"],"acf":[],"_links":{"self":[{"href":"https:\/\/doreytiles.pt\/pt-pt\/wp-json\/wp\/v2\/pages\/52","targetHints":{"allow":["GET"]}}],"collection":[{"href":"https:\/\/doreytiles.pt\/pt-pt\/wp-json\/wp\/v2\/pages"}],"about":[{"href":"https:\/\/doreytiles.pt\/pt-pt\/wp-json\/wp\/v2\/types\/page"}],"author":[{"embeddable":true,"href":"https:\/\/doreytiles.pt\/pt-pt\/wp-json\/wp\/v2\/users\/1"}],"replies":[{"embeddable":true,"href":"https:\/\/doreytiles.pt\/pt-pt\/wp-json\/wp\/v2\/comments?post=52"}],"version-history":[{"count":90,"href":"https:\/\/doreytiles.pt\/pt-pt\/wp-json\/wp\/v2\/pages\/52\/revisions"}],"predecessor-version":[{"id":3756,"href":"https:\/\/doreytiles.pt\/pt-pt\/wp-json\/wp\/v2\/pages\/52\/revisions\/3756"}],"wp:attachment":[{"href":"https:\/\/doreytiles.pt\/pt-pt\/wp-json\/wp\/v2\/media?parent=52"}],"curies":[{"name":"wp","href":"https:\/\/api.w.org\/{rel}","templated":true}]}}