{"id":685,"date":"2025-04-07T09:10:07","date_gmt":"2025-04-07T09:10:07","guid":{"rendered":"https:\/\/doreytiles.pt\/?page_id=685"},"modified":"2025-06-06T13:26:10","modified_gmt":"2025-06-06T13:26:10","slug":"projetos","status":"publish","type":"page","link":"https:\/\/doreytiles.pt\/pt-pt\/projetos\/","title":{"rendered":"Projetos"},"content":{"rendered":"<section class=\"banner-about nav-transparent\" style=\"background-image: url(https:\/\/doreytiles.pt\/wp-content\/uploads\/2025\/06\/IMG_7881-1-final.jpg)\">\n\n\t<div class=\"img-overlay\">\n\t\t<div class=\"container\">\n\t\t\t<h1 class=\"animationRight\">Projetos<\/h1>\n\t\t\t\t\t<\/div>\n\t<\/div>\n\n<\/section>\n\n\n\n<section class=\"projects-container\" style=\"padding-top: 56px;\"> \n    <div class=\"container\">\n        \n        <div class=\"project-cards-container\">\n                            <div class=\"project-card animationUp\">\n                    <a href=\"https:\/\/doreytiles.pt\/pt-pt\/projects\/mural-de-azulejos-azul-cobalto-do-seculo-xix-lisboa-2\/\"><img decoding=\"async\" src=\"https:\/\/doreytiles.pt\/wp-content\/uploads\/2026\/02\/USE-scaled.jpg\" alt=\"Painel de azulejos azul-cobalto do s\u00e9culo XIX, Lisboa\"><\/a>\n                    <div>\n                        <h3>Painel de azulejos azul-cobalto do s\u00e9culo XIX, Lisboa<\/h3>\n                        <p>Lisboa<\/p>\n                    <\/div>\n                <\/div>\n                            <div class=\"project-card animationUp\">\n                    <a href=\"https:\/\/doreytiles.pt\/pt-pt\/projects\/as-4-estacoes-do-ano-e-paineis-de-epoca-brasil-2\/\"><img decoding=\"async\" src=\"https:\/\/doreytiles.pt\/wp-content\/uploads\/2025\/09\/OA-FCB-AZULEJOS-ALTAS-9.jpg\" alt=\"As 4 Esta\u00e7\u00f5es do Ano e pain\u00e9is de \u00e9poca, Brasil\"><\/a>\n                    <div>\n                        <h3>As 4 Esta\u00e7\u00f5es do Ano e pain\u00e9is de \u00e9poca, Brasil<\/h3>\n                        <p>Cole\u00e7\u00e3o Privada, Brasil<\/p>\n                    <\/div>\n                <\/div>\n                            <div class=\"project-card animationUp\">\n                    <a href=\"https:\/\/doreytiles.pt\/pt-pt\/projects\/quinta-dos-azulejos\/\"><img decoding=\"async\" src=\"https:\/\/doreytiles.pt\/wp-content\/uploads\/2025\/05\/DSC07953-Aprimorado-NR-scaled.jpg\" alt=\"Casa e jardins na estrada de Madre Deus, Sintra\"><\/a>\n                    <div>\n                        <h3>Casa e jardins na estrada de Madre Deus, Sintra<\/h3>\n                        <p>Sintra<\/p>\n                    <\/div>\n                <\/div>\n                            <div class=\"project-card animationUp\">\n                    <a href=\"https:\/\/doreytiles.pt\/pt-pt\/projects\/sala-de-jantar-com-ambiente-azulejar\/\"><img decoding=\"async\" src=\"https:\/\/doreytiles.pt\/wp-content\/uploads\/2025\/05\/DSC07334-scaled.jpg\" alt=\"Silhares de azulejos neocl\u00e1ssicos, em sala de jantar, junto ao Hotel Vintage, Monte Estoril\"><\/a>\n                    <div>\n                        <h3>Silhares de azulejos neocl\u00e1ssicos, em sala de jantar, junto ao Hotel Vintage, Monte Estoril<\/h3>\n                        <p>Hotel Vintage, Monte Estoril<\/p>\n                    <\/div>\n                <\/div>\n                            <div class=\"project-card animationUp\">\n                    <a href=\"https:\/\/doreytiles.pt\/pt-pt\/projects\/jardim-das-albarradas\/\"><img decoding=\"async\" src=\"https:\/\/doreytiles.pt\/wp-content\/uploads\/2025\/05\/Copy-of-DSC07437-scaled.jpg\" alt=\"Jardim e piscina de resid\u00eancia em Cascais\"><\/a>\n                    <div>\n                        <h3>Jardim e piscina de resid\u00eancia em Cascais<\/h3>\n                        <p>Cascais<\/p>\n                    <\/div>\n                <\/div>\n                            <div class=\"project-card animationUp\">\n                    <a href=\"https:\/\/doreytiles.pt\/pt-pt\/projects\/projeto-b\/\"><img decoding=\"async\" src=\"https:\/\/doreytiles.pt\/wp-content\/uploads\/2025\/04\/DSC09087-Aprimorado-NR-scaled.jpg\" alt=\"Conjunto de pain\u00e9is, Cole\u00e7\u00e3o Privada\"><\/a>\n                    <div>\n                        <h3>Conjunto de pain\u00e9is, Cole\u00e7\u00e3o Privada<\/h3>\n                        <p>Cole\u00e7\u00e3o Privada<\/p>\n                    <\/div>\n                <\/div>\n                            <div class=\"project-card animationUp\">\n                    <a href=\"https:\/\/doreytiles.pt\/pt-pt\/projects\/projeto\/\"><img decoding=\"async\" src=\"https:\/\/doreytiles.pt\/wp-content\/uploads\/2025\/04\/DSC08353-1-scaled.jpg\" alt=\"Painel Neocl\u00e1ssico de Jardim\"><\/a>\n                    <div>\n                        <h3>Painel Neocl\u00e1ssico de Jardim<\/h3>\n                        <p>Cascais, projeto de autoria arq. Maur\u00edcio Nobrega<\/p>\n                    <\/div>\n                <\/div>\n                            <div class=\"project-card animationUp\">\n                    <a href=\"https:\/\/doreytiles.pt\/pt-pt\/projects\/azulejos-de-barra-e-cercadura-pombalinos-em-azul-sobre-branco-xvii\/\"><img decoding=\"async\" src=\"https:\/\/doreytiles.pt\/wp-content\/uploads\/2025\/04\/DSC08810-Aprimorado-NR-scaled.jpg\" alt=\"O conceito patchwork D&#8217;Orey\"><\/a>\n                    <div>\n                        <h3>O conceito patchwork D&#8217;Orey<\/h3>\n                        <p>Casa de Teresa e Edson Moura, projeto de Artur Casas, Patchwork de azulejos autoria de Teresa Freitas<\/p>\n                    <\/div>\n                <\/div>\n                    <\/div>\n    <\/div>\n<\/section>","protected":false},"excerpt":{"rendered":"","protected":false},"author":1,"featured_media":0,"parent":0,"menu_order":0,"comment_status":"closed","ping_status":"closed","template":"","meta":{"_acf_changed":false,"footnotes":""},"class_list":["post-685","page","type-page","status-publish","hentry"],"acf":[],"_links":{"self":[{"href":"https:\/\/doreytiles.pt\/pt-pt\/wp-json\/wp\/v2\/pages\/685","targetHints":{"allow":["GET"]}}],"collection":[{"href":"https:\/\/doreytiles.pt\/pt-pt\/wp-json\/wp\/v2\/pages"}],"about":[{"href":"https:\/\/doreytiles.pt\/pt-pt\/wp-json\/wp\/v2\/types\/page"}],"author":[{"embeddable":true,"href":"https:\/\/doreytiles.pt\/pt-pt\/wp-json\/wp\/v2\/users\/1"}],"replies":[{"embeddable":true,"href":"https:\/\/doreytiles.pt\/pt-pt\/wp-json\/wp\/v2\/comments?post=685"}],"version-history":[{"count":12,"href":"https:\/\/doreytiles.pt\/pt-pt\/wp-json\/wp\/v2\/pages\/685\/revisions"}],"predecessor-version":[{"id":1481,"href":"https:\/\/doreytiles.pt\/pt-pt\/wp-json\/wp\/v2\/pages\/685\/revisions\/1481"}],"wp:attachment":[{"href":"https:\/\/doreytiles.pt\/pt-pt\/wp-json\/wp\/v2\/media?parent=685"}],"curies":[{"name":"wp","href":"https:\/\/api.w.org\/{rel}","templated":true}]}}