{"id":807,"date":"2025-04-24T14:43:13","date_gmt":"2025-04-24T14:43:13","guid":{"rendered":"https:\/\/doreytiles.pt\/?page_id=807"},"modified":"2025-06-09T16:46:58","modified_gmt":"2025-06-09T16:46:58","slug":"o-azulejo","status":"publish","type":"page","link":"https:\/\/doreytiles.pt\/pt-pt\/o-azulejo\/","title":{"rendered":"O Azulejo"},"content":{"rendered":"<section class=\"banner-about nav-transparent\" style=\"background-image: url(https:\/\/doreytiles.pt\/wp-content\/uploads\/2025\/06\/Dorey_5765-1.jpg)\">\n\n\t<div class=\"img-overlay\">\n\t\t<div class=\"container\">\n\t\t\t<h1 class=\"animationRight\">Uma r\u00fabrica sobre Azulejos<\/h1>\n\t\t\t\t\t\t\t<p class=\"animationFadeIn\">O Azulejo \u00e9 uma p\u00e1gina dedicada a explorar a riqueza e a hist\u00f3ria deste \u00edcone da cultura portuguesa. Atrav\u00e9s de publica\u00e7\u00f5es regulares, vamos desvendar a origem do azulejo, os mestres do s\u00e9culo XVIII que imortalizaram a sua arte, e o papel fundamental que o azulejo desempenha na arquitetura moderna. <\/p>\n\t\t\t\t\t<\/div>\n\t<\/div>\n\n<\/section>\n\n\n\n<section class=\"posts-container\"> \n    <div class=\"container\">\n        \n        <div class=\"post-cards-container\">\n                            <div class=\"post-card animationUp\">\n                    <a href=\"https:\/\/doreytiles.pt\/pt-pt\/o-azulejo-em-portugal\/\"><img decoding=\"async\" src=\"https:\/\/doreytiles.pt\/wp-content\/uploads\/2025\/06\/Dorey_5725.jpg\" alt=\"O AZULEJO EM PORTUGAL\"><\/a>\n                    <div>\n                        <h3>O AZULEJO EM PORTUGAL<\/h3>\n                        <p>A Hist\u00f3ria da arte do Azulejo, \u00e9 vasta e complexa. Descubra mais neste artigo!<\/p>\n                    <\/div>\n                <\/div>\n                            <div class=\"post-card animationUp\">\n                    <a href=\"https:\/\/doreytiles.pt\/pt-pt\/dorey-tiles-na-feira-de-arte-e-antiguidades-de-lisboa\/\"><img decoding=\"async\" src=\"https:\/\/doreytiles.pt\/wp-content\/uploads\/2025\/06\/IMG_7379.jpg\" alt=\"D&#8217;Orey Tiles na Feira de Arte e Antiguidades de Lisboa\"><\/a>\n                    <div>\n                        <h3>D&#8217;Orey Tiles na Feira de Arte e Antiguidades de Lisboa<\/h3>\n                        <p>A Hist\u00f3ria da arte do Azulejo, \u00e9 vasta e complexa. Descubra mais neste artigo!<\/p>\n                    <\/div>\n                <\/div>\n                            <div class=\"post-card animationUp\">\n                    <a href=\"https:\/\/doreytiles.pt\/pt-pt\/os-tapetes-de-azulejos-simbolo-da-azulejaria-portuguesa-do-seculo-xvii\/\"><img decoding=\"async\" src=\"https:\/\/doreytiles.pt\/wp-content\/uploads\/2025\/06\/Dorey_5824.jpg\" alt=\"Os &#8220;Tapetes&#8221; de Azulejos:  S\u00edmbolo da Azulejaria Portuguesa do S\u00e9culo XVII\"><\/a>\n                    <div>\n                        <h3>Os &#8220;Tapetes&#8221; de Azulejos:  S\u00edmbolo da Azulejaria Portuguesa do S\u00e9culo XVII<\/h3>\n                        <p>A Hist\u00f3ria da arte do Azulejo, \u00e9 vasta e complexa. Descubra mais neste artigo!<\/p>\n                    <\/div>\n                <\/div>\n                            <div class=\"post-card animationUp\">\n                    <a href=\"https:\/\/doreytiles.pt\/pt-pt\/formas-islamicas-cristas-o-azulejo-de-corda-seca-de-sevilha-seculos-xv-xvi\/\"><img decoding=\"async\" src=\"https:\/\/doreytiles.pt\/wp-content\/uploads\/2025\/08\/173ee412084c5613f6a6215b162461b4.jpg\" alt=\"Formas isl\u00e2micas \u201cCrist\u00e3s\u201d, o azulejo de \u201ccorda seca\u201d de Sevilha, s\u00e9culos XV\/XVI\"><\/a>\n                    <div>\n                        <h3>Formas isl\u00e2micas \u201cCrist\u00e3s\u201d, o azulejo de \u201ccorda seca\u201d de Sevilha, s\u00e9culos XV\/XVI<\/h3>\n                        <p>A Hist\u00f3ria da arte do Azulejo, \u00e9 vasta e complexa. Descubra mais neste artigo!<\/p>\n                    <\/div>\n                <\/div>\n                    <\/div>\n    <\/div>\n<\/section>","protected":false},"excerpt":{"rendered":"","protected":false},"author":1,"featured_media":0,"parent":0,"menu_order":0,"comment_status":"closed","ping_status":"closed","template":"","meta":{"_acf_changed":false,"footnotes":""},"class_list":["post-807","page","type-page","status-publish","hentry"],"acf":[],"_links":{"self":[{"href":"https:\/\/doreytiles.pt\/pt-pt\/wp-json\/wp\/v2\/pages\/807","targetHints":{"allow":["GET"]}}],"collection":[{"href":"https:\/\/doreytiles.pt\/pt-pt\/wp-json\/wp\/v2\/pages"}],"about":[{"href":"https:\/\/doreytiles.pt\/pt-pt\/wp-json\/wp\/v2\/types\/page"}],"author":[{"embeddable":true,"href":"https:\/\/doreytiles.pt\/pt-pt\/wp-json\/wp\/v2\/users\/1"}],"replies":[{"embeddable":true,"href":"https:\/\/doreytiles.pt\/pt-pt\/wp-json\/wp\/v2\/comments?post=807"}],"version-history":[{"count":17,"href":"https:\/\/doreytiles.pt\/pt-pt\/wp-json\/wp\/v2\/pages\/807\/revisions"}],"predecessor-version":[{"id":2453,"href":"https:\/\/doreytiles.pt\/pt-pt\/wp-json\/wp\/v2\/pages\/807\/revisions\/2453"}],"wp:attachment":[{"href":"https:\/\/doreytiles.pt\/pt-pt\/wp-json\/wp\/v2\/media?parent=807"}],"curies":[{"name":"wp","href":"https:\/\/api.w.org\/{rel}","templated":true}]}}