{"id":12898,"date":"2025-09-04T10:06:42","date_gmt":"2025-09-04T10:06:42","guid":{"rendered":"https:\/\/doreytiles.pt\/?post_type=product&#038;p=12898"},"modified":"2025-09-05T09:10:18","modified_gmt":"2025-09-05T09:10:18","slug":"composicao-hispano-mourisca-5-sec-xvi","status":"publish","type":"product","link":"https:\/\/doreytiles.pt\/pt-pt\/product\/composicao-hispano-mourisca-5-sec-xvi\/","title":{"rendered":"Composi\u00e7\u00e3o Hispano Mourisca (5), S\u00e9c. XVI"},"content":{"rendered":"<p>Per\u00edodo: S\u00e9culo XVI<\/p>\n<pre><\/pre>\n<p>Dimens\u00f5es: 75 x 75 cm<\/p>\n<pre><\/pre>\n<p>Composi\u00e7\u00e3o Hispano Mourisca do s\u00e9culo XVI. Padr\u00f5es geom\u00e9tricos de inspira\u00e7\u00e3o isl\u00e2mica.<\/p>\n","protected":false},"excerpt":{"rendered":"<p>Per\u00edodo: S\u00e9culo XVI Dimens\u00f5es: 75 x 75 cm Composi\u00e7\u00e3o Hispano Mourisca do s\u00e9culo XVI. Padr\u00f5es geom\u00e9tricos de inspira\u00e7\u00e3o isl\u00e2mica.<\/p>\n","protected":false},"featured_media":12739,"template":"","meta":{"_acf_changed":false},"product_brand":[],"product_cat":[33,45,49],"product_tag":[56],"class_list":{"0":"post-12898","1":"product","2":"type-product","3":"status-publish","4":"has-post-thumbnail","6":"product_cat-azul-e-branco","7":"product_cat-45","8":"product_cat-xvi","9":"product_tag-hispano-mourisco","11":"first","12":"instock","13":"shipping-taxable","14":"product-type-simple"},"acf":[],"_links":{"self":[{"href":"https:\/\/doreytiles.pt\/pt-pt\/wp-json\/wp\/v2\/product\/12898","targetHints":{"allow":["GET"]}}],"collection":[{"href":"https:\/\/doreytiles.pt\/pt-pt\/wp-json\/wp\/v2\/product"}],"about":[{"href":"https:\/\/doreytiles.pt\/pt-pt\/wp-json\/wp\/v2\/types\/product"}],"wp:featuredmedia":[{"embeddable":true,"href":"https:\/\/doreytiles.pt\/pt-pt\/wp-json\/wp\/v2\/media\/12739"}],"wp:attachment":[{"href":"https:\/\/doreytiles.pt\/pt-pt\/wp-json\/wp\/v2\/media?parent=12898"}],"wp:term":[{"taxonomy":"product_brand","embeddable":true,"href":"https:\/\/doreytiles.pt\/pt-pt\/wp-json\/wp\/v2\/product_brand?post=12898"},{"taxonomy":"product_cat","embeddable":true,"href":"https:\/\/doreytiles.pt\/pt-pt\/wp-json\/wp\/v2\/product_cat?post=12898"},{"taxonomy":"product_tag","embeddable":true,"href":"https:\/\/doreytiles.pt\/pt-pt\/wp-json\/wp\/v2\/product_tag?post=12898"}],"curies":[{"name":"wp","href":"https:\/\/api.w.org\/{rel}","templated":true}]}}