{"id":12908,"date":"2025-09-04T10:42:08","date_gmt":"2025-09-04T10:42:08","guid":{"rendered":"https:\/\/doreytiles.pt\/?post_type=product&#038;p=12908"},"modified":"2025-09-05T09:07:20","modified_gmt":"2025-09-05T09:07:20","slug":"painel-com-passaro-sec-xvii","status":"publish","type":"product","link":"https:\/\/doreytiles.pt\/pt-pt\/product\/painel-com-passaro-sec-xvii\/","title":{"rendered":"Painel com P\u00e1ssaro, S\u00e9c. XVII"},"content":{"rendered":"<p>Per\u00edodo: S\u00e9culo XVII<\/p>\n<pre><\/pre>\n<p>Dimens\u00f5es: 70 x 70 cm<\/p>\n<pre><\/pre>\n<p><span style=\"font-weight: 400;\">Raro painel de azulejos do s\u00e9culo XVII, onde se destacam as cores tradicionalmente utilizadas nesta \u00e9poca, o azul, o amarelo e o branco. Esta composi\u00e7\u00e3o encontra-se emoldurada com dupla barra de elementos geom\u00e9tricos designados por \u201cDente de lobo\u201d, e enxaquetados brancos e verdes. Ao centro destaca-se um elemento zoom\u00f3rfico, de uma estiliza\u00e7\u00e3o de cegonha, que no seu bico segura uma corda de onde pendem uma \u00e2nfora e uma vasilha de pedra.<\/span><\/p>\n<pre><\/pre>\n<p><span style=\"font-weight: 400;\">Na simbologia crist\u00e3 a \u00e2nfora, utilizada na \u00e9poca romana para o armazenamento de vinho, pode ser relacionada com o sangue de Cristo, por outro lado, a vasilha de pedra, utilizada nas cerim\u00f3nias judaicas de purifica\u00e7\u00e3o, simboliza a virtude e a divindade de Jesus.\u00a0<\/span><\/p>\n<pre><\/pre>\n<p><span style=\"font-weight: 400;\">A Cegonha, sobretudo no Cristianismo primitivo, era considerada um s\u00edmbolo de humildade, bondade e lealdade, sendo tamb\u00e9m associada \u00e0 imagem da Virgem Maria. \u00c9 poss\u00edvel, tamb\u00e9m, relacionar esta representa\u00e7\u00e3o com o primeiro milagre de Jesus, descrito no Evangelho de S. Jo\u00e3o (J, 2, 1:11), quando transforma a \u00e1gua em vinho no c\u00e9lebre epis\u00f3dio das Bodas de Cana\u00e3.<\/span><\/p>\n","protected":false},"excerpt":{"rendered":"<p>Per\u00edodo: S\u00e9culo XVII Dimens\u00f5es: 70 x 70 cm Raro painel de azulejos do s\u00e9culo XVII, onde se destacam as cores tradicionalmente utilizadas nesta \u00e9poca, o azul, o amarelo e o branco. Esta composi\u00e7\u00e3o encontra-se emoldurada com dupla barra de elementos geom\u00e9tricos designados por \u201cDente de lobo\u201d, e enxaquetados brancos e verdes. Ao centro destaca-se um [&hellip;]<\/p>\n","protected":false},"featured_media":12763,"template":"","meta":{"_acf_changed":false},"product_brand":[],"product_cat":[35,44,33,46],"product_tag":[37,38],"class_list":{"0":"post-12908","1":"product","2":"type-product","3":"status-publish","4":"has-post-thumbnail","6":"product_cat-amarelos","7":"product_cat-44","8":"product_cat-azul-e-branco","9":"product_cat-xvii","10":"product_tag-azulejo-padrao","11":"product_tag-paineis-figurativos","13":"first","14":"instock","15":"shipping-taxable","16":"product-type-simple"},"acf":[],"_links":{"self":[{"href":"https:\/\/doreytiles.pt\/pt-pt\/wp-json\/wp\/v2\/product\/12908","targetHints":{"allow":["GET"]}}],"collection":[{"href":"https:\/\/doreytiles.pt\/pt-pt\/wp-json\/wp\/v2\/product"}],"about":[{"href":"https:\/\/doreytiles.pt\/pt-pt\/wp-json\/wp\/v2\/types\/product"}],"wp:featuredmedia":[{"embeddable":true,"href":"https:\/\/doreytiles.pt\/pt-pt\/wp-json\/wp\/v2\/media\/12763"}],"wp:attachment":[{"href":"https:\/\/doreytiles.pt\/pt-pt\/wp-json\/wp\/v2\/media?parent=12908"}],"wp:term":[{"taxonomy":"product_brand","embeddable":true,"href":"https:\/\/doreytiles.pt\/pt-pt\/wp-json\/wp\/v2\/product_brand?post=12908"},{"taxonomy":"product_cat","embeddable":true,"href":"https:\/\/doreytiles.pt\/pt-pt\/wp-json\/wp\/v2\/product_cat?post=12908"},{"taxonomy":"product_tag","embeddable":true,"href":"https:\/\/doreytiles.pt\/pt-pt\/wp-json\/wp\/v2\/product_tag?post=12908"}],"curies":[{"name":"wp","href":"https:\/\/api.w.org\/{rel}","templated":true}]}}