{"id":12910,"date":"2025-09-04T10:49:38","date_gmt":"2025-09-04T10:49:38","guid":{"rendered":"https:\/\/doreytiles.pt\/?post_type=product&#038;p=12910"},"modified":"2025-09-05T09:07:31","modified_gmt":"2025-09-05T09:07:31","slug":"painel-padrao-geometrico-2-sec-xvii","status":"publish","type":"product","link":"https:\/\/doreytiles.pt\/pt-pt\/product\/painel-padrao-geometrico-2-sec-xvii\/","title":{"rendered":"Painel Padr\u00e3o Geom\u00e9trico (2), S\u00e9c. XVII"},"content":{"rendered":"<p>Per\u00edodo: S\u00e9culo XVII<\/p>\n<pre><\/pre>\n<p>Dimens\u00f5es: 112 x 112 cm<\/p>\n<pre><\/pre>\n<p>Painel de azulejos do s\u00e9culo XVII composto por padr\u00e3o vegetalista em azul e amarelo sobre branco, com cercadura de motivos geom\u00e9tricos.<\/p>\n","protected":false},"excerpt":{"rendered":"<p>Per\u00edodo: S\u00e9culo XVII Dimens\u00f5es: 112 x 112 cm Painel de azulejos do s\u00e9culo XVII composto por padr\u00e3o vegetalista em azul e amarelo sobre branco, com cercadura de motivos geom\u00e9tricos.<\/p>\n","protected":false},"featured_media":12767,"template":"","meta":{"_acf_changed":false},"product_brand":[],"product_cat":[35,45,33,46],"product_tag":[37],"class_list":{"0":"post-12910","1":"product","2":"type-product","3":"status-publish","4":"has-post-thumbnail","6":"product_cat-amarelos","7":"product_cat-45","8":"product_cat-azul-e-branco","9":"product_cat-xvii","10":"product_tag-azulejo-padrao","12":"first","13":"instock","14":"shipping-taxable","15":"product-type-simple"},"acf":[],"_links":{"self":[{"href":"https:\/\/doreytiles.pt\/pt-pt\/wp-json\/wp\/v2\/product\/12910","targetHints":{"allow":["GET"]}}],"collection":[{"href":"https:\/\/doreytiles.pt\/pt-pt\/wp-json\/wp\/v2\/product"}],"about":[{"href":"https:\/\/doreytiles.pt\/pt-pt\/wp-json\/wp\/v2\/types\/product"}],"wp:featuredmedia":[{"embeddable":true,"href":"https:\/\/doreytiles.pt\/pt-pt\/wp-json\/wp\/v2\/media\/12767"}],"wp:attachment":[{"href":"https:\/\/doreytiles.pt\/pt-pt\/wp-json\/wp\/v2\/media?parent=12910"}],"wp:term":[{"taxonomy":"product_brand","embeddable":true,"href":"https:\/\/doreytiles.pt\/pt-pt\/wp-json\/wp\/v2\/product_brand?post=12910"},{"taxonomy":"product_cat","embeddable":true,"href":"https:\/\/doreytiles.pt\/pt-pt\/wp-json\/wp\/v2\/product_cat?post=12910"},{"taxonomy":"product_tag","embeddable":true,"href":"https:\/\/doreytiles.pt\/pt-pt\/wp-json\/wp\/v2\/product_tag?post=12910"}],"curies":[{"name":"wp","href":"https:\/\/api.w.org\/{rel}","templated":true}]}}