{"id":12912,"date":"2025-09-04T11:01:23","date_gmt":"2025-09-04T11:01:23","guid":{"rendered":"https:\/\/doreytiles.pt\/?post_type=product&#038;p=12912"},"modified":"2025-09-05T09:07:42","modified_gmt":"2025-09-05T09:07:42","slug":"painel-com-anjos-e-santissimo-sacramento-sec-xvii","status":"publish","type":"product","link":"https:\/\/doreytiles.pt\/pt-pt\/product\/painel-com-anjos-e-santissimo-sacramento-sec-xvii\/","title":{"rendered":"Painel com anjos e Sant\u00edssimo Sacramento, S\u00e9c. XVII"},"content":{"rendered":"<p>Per\u00edodo: S\u00e9culo XVII<\/p>\n<pre><\/pre>\n<p>Dimens\u00f5es: 70 x 56 cm<\/p>\n<pre><\/pre>\n<p>Painel do s\u00e9culo XVII com anjos a ladearem o Sant\u00edssimo Sacramento. Usado sobretudo em igrejas e outros espa\u00e7os religiosos.<\/p>\n","protected":false},"excerpt":{"rendered":"<p>Per\u00edodo: S\u00e9culo XVII Dimens\u00f5es: 70 x 56 cm Painel do s\u00e9culo XVII com anjos a ladearem o Sant\u00edssimo Sacramento. Usado sobretudo em igrejas e outros espa\u00e7os religiosos.<\/p>\n","protected":false},"featured_media":12771,"template":"","meta":{"_acf_changed":false},"product_brand":[],"product_cat":[35,44,33,34,46],"product_tag":[38],"class_list":{"0":"post-12912","1":"product","2":"type-product","3":"status-publish","4":"has-post-thumbnail","6":"product_cat-amarelos","7":"product_cat-44","8":"product_cat-azul-e-branco","9":"product_cat-manganes","10":"product_cat-xvii","11":"product_tag-paineis-figurativos","13":"first","14":"instock","15":"shipping-taxable","16":"product-type-simple"},"acf":[],"_links":{"self":[{"href":"https:\/\/doreytiles.pt\/pt-pt\/wp-json\/wp\/v2\/product\/12912","targetHints":{"allow":["GET"]}}],"collection":[{"href":"https:\/\/doreytiles.pt\/pt-pt\/wp-json\/wp\/v2\/product"}],"about":[{"href":"https:\/\/doreytiles.pt\/pt-pt\/wp-json\/wp\/v2\/types\/product"}],"wp:featuredmedia":[{"embeddable":true,"href":"https:\/\/doreytiles.pt\/pt-pt\/wp-json\/wp\/v2\/media\/12771"}],"wp:attachment":[{"href":"https:\/\/doreytiles.pt\/pt-pt\/wp-json\/wp\/v2\/media?parent=12912"}],"wp:term":[{"taxonomy":"product_brand","embeddable":true,"href":"https:\/\/doreytiles.pt\/pt-pt\/wp-json\/wp\/v2\/product_brand?post=12912"},{"taxonomy":"product_cat","embeddable":true,"href":"https:\/\/doreytiles.pt\/pt-pt\/wp-json\/wp\/v2\/product_cat?post=12912"},{"taxonomy":"product_tag","embeddable":true,"href":"https:\/\/doreytiles.pt\/pt-pt\/wp-json\/wp\/v2\/product_tag?post=12912"}],"curies":[{"name":"wp","href":"https:\/\/api.w.org\/{rel}","templated":true}]}}