{"id":12914,"date":"2025-09-04T11:11:25","date_gmt":"2025-09-04T11:11:25","guid":{"rendered":"https:\/\/doreytiles.pt\/?post_type=product&#038;p=12914"},"modified":"2025-09-05T09:07:52","modified_gmt":"2025-09-05T09:07:52","slug":"painel-com-gato-em-manganes-seculo-xviii-xix","status":"publish","type":"product","link":"https:\/\/doreytiles.pt\/pt-pt\/product\/painel-com-gato-em-manganes-seculo-xviii-xix\/","title":{"rendered":"Painel com Gato em Mangan\u00eas, S\u00e9culo XVIII\/XIX"},"content":{"rendered":"<p>Per\u00edodo: Final do s\u00e9culo XVIII, in\u00edcios do XIX<\/p>\n<pre><\/pre>\n<p>Dimens\u00f5es: 70 x 42 cm<\/p>\n<pre><\/pre>\n<p>Painel com gato em mangan\u00eas sobre branco. Usado sobretudo em cozinhas.<\/p>\n","protected":false},"excerpt":{"rendered":"<p>Per\u00edodo: Final do s\u00e9culo XVIII, in\u00edcios do XIX Dimens\u00f5es: 70 x 42 cm Painel com gato em mangan\u00eas sobre branco. Usado sobretudo em cozinhas.<\/p>\n","protected":false},"featured_media":12813,"template":"","meta":{"_acf_changed":false},"product_brand":[],"product_cat":[34,45,48,47],"product_tag":[38],"class_list":{"0":"post-12914","1":"product","2":"type-product","3":"status-publish","4":"has-post-thumbnail","6":"product_cat-manganes","7":"product_cat-45","8":"product_cat-xix","9":"product_cat-xviii","10":"product_tag-paineis-figurativos","12":"first","13":"instock","14":"shipping-taxable","15":"product-type-simple"},"acf":[],"_links":{"self":[{"href":"https:\/\/doreytiles.pt\/pt-pt\/wp-json\/wp\/v2\/product\/12914","targetHints":{"allow":["GET"]}}],"collection":[{"href":"https:\/\/doreytiles.pt\/pt-pt\/wp-json\/wp\/v2\/product"}],"about":[{"href":"https:\/\/doreytiles.pt\/pt-pt\/wp-json\/wp\/v2\/types\/product"}],"wp:featuredmedia":[{"embeddable":true,"href":"https:\/\/doreytiles.pt\/pt-pt\/wp-json\/wp\/v2\/media\/12813"}],"wp:attachment":[{"href":"https:\/\/doreytiles.pt\/pt-pt\/wp-json\/wp\/v2\/media?parent=12914"}],"wp:term":[{"taxonomy":"product_brand","embeddable":true,"href":"https:\/\/doreytiles.pt\/pt-pt\/wp-json\/wp\/v2\/product_brand?post=12914"},{"taxonomy":"product_cat","embeddable":true,"href":"https:\/\/doreytiles.pt\/pt-pt\/wp-json\/wp\/v2\/product_cat?post=12914"},{"taxonomy":"product_tag","embeddable":true,"href":"https:\/\/doreytiles.pt\/pt-pt\/wp-json\/wp\/v2\/product_tag?post=12914"}],"curies":[{"name":"wp","href":"https:\/\/api.w.org\/{rel}","templated":true}]}}