{"id":13014,"date":"2025-09-10T11:34:18","date_gmt":"2025-09-10T11:34:18","guid":{"rendered":"https:\/\/doreytiles.pt\/?post_type=product&#038;p=13014"},"modified":"2025-09-12T09:01:16","modified_gmt":"2025-09-12T09:01:16","slug":"albarrada-pombalina-sec-xviii","status":"publish","type":"product","link":"https:\/\/doreytiles.pt\/pt-pt\/product\/albarrada-pombalina-sec-xviii\/","title":{"rendered":"Albarrada Pombalina, S\u00e9c. XVIII"},"content":{"rendered":"<p>Per\u00edodo: \u00daltimo quartel do s\u00e9culo XVIII<\/p>\n<pre><\/pre>\n<p>Dimens\u00f5es: 84 x 42 cm<\/p>\n<pre><\/pre>\n<p>Albarrada Pombalina dos finais do s\u00e9culo XVIII em mangan\u00eas e azul sobre branco.<\/p>\n","protected":false},"excerpt":{"rendered":"<p>Per\u00edodo: \u00daltimo quartel do s\u00e9culo XVIII Dimens\u00f5es: 84 x 42 cm Albarrada Pombalina dos finais do s\u00e9culo XVIII em mangan\u00eas e azul sobre branco.<\/p>\n","protected":false},"featured_media":12781,"template":"","meta":{"_acf_changed":false},"product_brand":[],"product_cat":[34,41,33,47],"product_tag":[53,55],"class_list":{"0":"post-13014","1":"product","2":"type-product","3":"status-publish","4":"has-post-thumbnail","6":"product_cat-manganes","7":"product_cat-41","8":"product_cat-azul-e-branco","9":"product_cat-xviii","10":"product_tag-albarradas","11":"product_tag-pombalino","13":"first","14":"instock","15":"shipping-taxable","16":"product-type-simple"},"acf":[],"_links":{"self":[{"href":"https:\/\/doreytiles.pt\/pt-pt\/wp-json\/wp\/v2\/product\/13014","targetHints":{"allow":["GET"]}}],"collection":[{"href":"https:\/\/doreytiles.pt\/pt-pt\/wp-json\/wp\/v2\/product"}],"about":[{"href":"https:\/\/doreytiles.pt\/pt-pt\/wp-json\/wp\/v2\/types\/product"}],"wp:featuredmedia":[{"embeddable":true,"href":"https:\/\/doreytiles.pt\/pt-pt\/wp-json\/wp\/v2\/media\/12781"}],"wp:attachment":[{"href":"https:\/\/doreytiles.pt\/pt-pt\/wp-json\/wp\/v2\/media?parent=13014"}],"wp:term":[{"taxonomy":"product_brand","embeddable":true,"href":"https:\/\/doreytiles.pt\/pt-pt\/wp-json\/wp\/v2\/product_brand?post=13014"},{"taxonomy":"product_cat","embeddable":true,"href":"https:\/\/doreytiles.pt\/pt-pt\/wp-json\/wp\/v2\/product_cat?post=13014"},{"taxonomy":"product_tag","embeddable":true,"href":"https:\/\/doreytiles.pt\/pt-pt\/wp-json\/wp\/v2\/product_tag?post=13014"}],"curies":[{"name":"wp","href":"https:\/\/api.w.org\/{rel}","templated":true}]}}