{"id":13016,"date":"2025-09-10T11:40:52","date_gmt":"2025-09-10T11:40:52","guid":{"rendered":"https:\/\/doreytiles.pt\/?post_type=product&#038;p=13016"},"modified":"2025-09-12T09:01:06","modified_gmt":"2025-09-12T09:01:06","slug":"cena-galante-2-sec-xviii","status":"publish","type":"product","link":"https:\/\/doreytiles.pt\/pt-pt\/product\/cena-galante-2-sec-xviii\/","title":{"rendered":"Cena Galante (2), S\u00e9c. XVIII"},"content":{"rendered":"<p>Per\u00edodo: Final do s\u00e9culo XVIII<\/p>\n<pre><\/pre>\n<p>Dimens\u00f5es: 84 x 140 cm<\/p>\n<pre><\/pre>\n<p>Painel neocl\u00e1ssico com cena galante.<\/p>\n","protected":false},"excerpt":{"rendered":"<p>Per\u00edodo: Final do s\u00e9culo XVIII Dimens\u00f5es: 84 x 140 cm Painel neocl\u00e1ssico com cena galante.<\/p>\n","protected":false},"featured_media":12793,"template":"","meta":{"_acf_changed":false},"product_brand":[],"product_cat":[35,45,33,34,47],"product_tag":[38],"class_list":{"0":"post-13016","1":"product","2":"type-product","3":"status-publish","4":"has-post-thumbnail","6":"product_cat-amarelos","7":"product_cat-45","8":"product_cat-azul-e-branco","9":"product_cat-manganes","10":"product_cat-xviii","11":"product_tag-paineis-figurativos","13":"first","14":"instock","15":"shipping-taxable","16":"product-type-simple"},"acf":[],"_links":{"self":[{"href":"https:\/\/doreytiles.pt\/pt-pt\/wp-json\/wp\/v2\/product\/13016","targetHints":{"allow":["GET"]}}],"collection":[{"href":"https:\/\/doreytiles.pt\/pt-pt\/wp-json\/wp\/v2\/product"}],"about":[{"href":"https:\/\/doreytiles.pt\/pt-pt\/wp-json\/wp\/v2\/types\/product"}],"wp:featuredmedia":[{"embeddable":true,"href":"https:\/\/doreytiles.pt\/pt-pt\/wp-json\/wp\/v2\/media\/12793"}],"wp:attachment":[{"href":"https:\/\/doreytiles.pt\/pt-pt\/wp-json\/wp\/v2\/media?parent=13016"}],"wp:term":[{"taxonomy":"product_brand","embeddable":true,"href":"https:\/\/doreytiles.pt\/pt-pt\/wp-json\/wp\/v2\/product_brand?post=13016"},{"taxonomy":"product_cat","embeddable":true,"href":"https:\/\/doreytiles.pt\/pt-pt\/wp-json\/wp\/v2\/product_cat?post=13016"},{"taxonomy":"product_tag","embeddable":true,"href":"https:\/\/doreytiles.pt\/pt-pt\/wp-json\/wp\/v2\/product_tag?post=13016"}],"curies":[{"name":"wp","href":"https:\/\/api.w.org\/{rel}","templated":true}]}}