{"id":13114,"date":"2025-09-16T10:08:09","date_gmt":"2025-09-16T10:08:09","guid":{"rendered":"https:\/\/doreytiles.pt\/?post_type=product&#038;p=13114"},"modified":"2025-09-19T09:25:34","modified_gmt":"2025-09-19T09:25:34","slug":"painel-neoclassico-com-girlanda-de-flores-sec-xviii","status":"publish","type":"product","link":"https:\/\/doreytiles.pt\/pt-pt\/product\/painel-neoclassico-com-girlanda-de-flores-sec-xviii\/","title":{"rendered":"Painel Neocl\u00e1ssico com girlanda de flores, S\u00e9c. XVIII"},"content":{"rendered":"<p>Per\u00edodo: Finais do s\u00e9culo XVIII<\/p>\n<pre><\/pre>\n<p>Dimens\u00f5es: 266 x 98 cm<\/p>\n<pre><\/pre>\n<p>Painel Neocl\u00e1ssico dos finais do s\u00e9culo XVIII. Usado sobretudo em jardins e salas de jantar e de estar.<\/p>\n","protected":false},"excerpt":{"rendered":"<p>Per\u00edodo: Finais do s\u00e9culo XVIII Dimens\u00f5es: 266 x 98 cm Painel Neocl\u00e1ssico dos finais do s\u00e9culo XVIII. Usado sobretudo em jardins e salas de jantar e de estar.<\/p>\n","protected":false},"featured_media":12851,"template":"","meta":{"_acf_changed":false},"product_brand":[],"product_cat":[35,45,34,47],"product_tag":[38],"class_list":{"0":"post-13114","1":"product","2":"type-product","3":"status-publish","4":"has-post-thumbnail","6":"product_cat-amarelos","7":"product_cat-45","8":"product_cat-manganes","9":"product_cat-xviii","10":"product_tag-paineis-figurativos","12":"first","13":"instock","14":"shipping-taxable","15":"product-type-simple"},"acf":[],"_links":{"self":[{"href":"https:\/\/doreytiles.pt\/pt-pt\/wp-json\/wp\/v2\/product\/13114","targetHints":{"allow":["GET"]}}],"collection":[{"href":"https:\/\/doreytiles.pt\/pt-pt\/wp-json\/wp\/v2\/product"}],"about":[{"href":"https:\/\/doreytiles.pt\/pt-pt\/wp-json\/wp\/v2\/types\/product"}],"wp:featuredmedia":[{"embeddable":true,"href":"https:\/\/doreytiles.pt\/pt-pt\/wp-json\/wp\/v2\/media\/12851"}],"wp:attachment":[{"href":"https:\/\/doreytiles.pt\/pt-pt\/wp-json\/wp\/v2\/media?parent=13114"}],"wp:term":[{"taxonomy":"product_brand","embeddable":true,"href":"https:\/\/doreytiles.pt\/pt-pt\/wp-json\/wp\/v2\/product_brand?post=13114"},{"taxonomy":"product_cat","embeddable":true,"href":"https:\/\/doreytiles.pt\/pt-pt\/wp-json\/wp\/v2\/product_cat?post=13114"},{"taxonomy":"product_tag","embeddable":true,"href":"https:\/\/doreytiles.pt\/pt-pt\/wp-json\/wp\/v2\/product_tag?post=13114"}],"curies":[{"name":"wp","href":"https:\/\/api.w.org\/{rel}","templated":true}]}}