{"id":13118,"date":"2025-09-16T10:26:27","date_gmt":"2025-09-16T10:26:27","guid":{"rendered":"https:\/\/doreytiles.pt\/?post_type=product&#038;p=13118"},"modified":"2025-09-19T09:25:17","modified_gmt":"2025-09-19T09:25:17","slug":"painel-de-massarelos-sec-xix","status":"publish","type":"product","link":"https:\/\/doreytiles.pt\/pt-pt\/product\/painel-de-massarelos-sec-xix\/","title":{"rendered":"Painel de Massarelos, S\u00e9c. XIX"},"content":{"rendered":"<p>Per\u00edodo: S\u00e9culo XIX<\/p>\n<pre><\/pre>\n<p>Dimens\u00f5es: 146 x 117 cm<\/p>\n<pre><\/pre>\n<p>Painel de Azulejos Massarelos, produzidos pela F\u00e1brica do mesmo nome no Porto durante a d\u00e9cada de 1850.<\/p>\n","protected":false},"excerpt":{"rendered":"<p>Per\u00edodo: S\u00e9culo XIX Dimens\u00f5es: 146 x 117 cm Painel de Azulejos Massarelos, produzidos pela F\u00e1brica do mesmo nome no Porto durante a d\u00e9cada de 1850.<\/p>\n","protected":false},"featured_media":12867,"template":"","meta":{"_acf_changed":false},"product_brand":[],"product_cat":[35,41,48],"product_tag":[37],"class_list":{"0":"post-13118","1":"product","2":"type-product","3":"status-publish","4":"has-post-thumbnail","6":"product_cat-amarelos","7":"product_cat-41","8":"product_cat-xix","9":"product_tag-azulejo-padrao","11":"first","12":"instock","13":"shipping-taxable","14":"product-type-simple"},"acf":[],"_links":{"self":[{"href":"https:\/\/doreytiles.pt\/pt-pt\/wp-json\/wp\/v2\/product\/13118","targetHints":{"allow":["GET"]}}],"collection":[{"href":"https:\/\/doreytiles.pt\/pt-pt\/wp-json\/wp\/v2\/product"}],"about":[{"href":"https:\/\/doreytiles.pt\/pt-pt\/wp-json\/wp\/v2\/types\/product"}],"wp:featuredmedia":[{"embeddable":true,"href":"https:\/\/doreytiles.pt\/pt-pt\/wp-json\/wp\/v2\/media\/12867"}],"wp:attachment":[{"href":"https:\/\/doreytiles.pt\/pt-pt\/wp-json\/wp\/v2\/media?parent=13118"}],"wp:term":[{"taxonomy":"product_brand","embeddable":true,"href":"https:\/\/doreytiles.pt\/pt-pt\/wp-json\/wp\/v2\/product_brand?post=13118"},{"taxonomy":"product_cat","embeddable":true,"href":"https:\/\/doreytiles.pt\/pt-pt\/wp-json\/wp\/v2\/product_cat?post=13118"},{"taxonomy":"product_tag","embeddable":true,"href":"https:\/\/doreytiles.pt\/pt-pt\/wp-json\/wp\/v2\/product_tag?post=13118"}],"curies":[{"name":"wp","href":"https:\/\/api.w.org\/{rel}","templated":true}]}}