{"id":13120,"date":"2025-09-16T10:31:54","date_gmt":"2025-09-16T10:31:54","guid":{"rendered":"https:\/\/doreytiles.pt\/?post_type=product&#038;p=13120"},"modified":"2025-09-19T09:25:06","modified_gmt":"2025-09-19T09:25:06","slug":"vaso-em-faianca-sec-xix","status":"publish","type":"product","link":"https:\/\/doreytiles.pt\/pt-pt\/product\/vaso-em-faianca-sec-xix\/","title":{"rendered":"Vaso em Faian\u00e7a, S\u00e9c. XIX"},"content":{"rendered":"<p>Per\u00edodo: S\u00e9culo XIX<\/p>\n<pre><\/pre>\n<p>Dimens\u00f5es: 60 x 40 cm<\/p>\n<pre><\/pre>\n<p>Vaso em faian\u00e7a do s\u00e9culo XIX com decora\u00e7\u00e3o de inspira\u00e7\u00e3o <em>brutesca.<\/em><\/p>\n","protected":false},"excerpt":{"rendered":"<p>Per\u00edodo: S\u00e9culo XIX Dimens\u00f5es: 60 x 40 cm Vaso em faian\u00e7a do s\u00e9culo XIX com decora\u00e7\u00e3o de inspira\u00e7\u00e3o brutesca.<\/p>\n","protected":false},"featured_media":12877,"template":"","meta":{"_acf_changed":false},"product_brand":[],"product_cat":[33,42,48],"product_tag":[59],"class_list":{"0":"post-13120","1":"product","2":"type-product","3":"status-publish","4":"has-post-thumbnail","6":"product_cat-azul-e-branco","7":"product_cat-42","8":"product_cat-xix","9":"product_tag-faianca","11":"first","12":"instock","13":"shipping-taxable","14":"product-type-simple"},"acf":[],"_links":{"self":[{"href":"https:\/\/doreytiles.pt\/pt-pt\/wp-json\/wp\/v2\/product\/13120","targetHints":{"allow":["GET"]}}],"collection":[{"href":"https:\/\/doreytiles.pt\/pt-pt\/wp-json\/wp\/v2\/product"}],"about":[{"href":"https:\/\/doreytiles.pt\/pt-pt\/wp-json\/wp\/v2\/types\/product"}],"wp:featuredmedia":[{"embeddable":true,"href":"https:\/\/doreytiles.pt\/pt-pt\/wp-json\/wp\/v2\/media\/12877"}],"wp:attachment":[{"href":"https:\/\/doreytiles.pt\/pt-pt\/wp-json\/wp\/v2\/media?parent=13120"}],"wp:term":[{"taxonomy":"product_brand","embeddable":true,"href":"https:\/\/doreytiles.pt\/pt-pt\/wp-json\/wp\/v2\/product_brand?post=13120"},{"taxonomy":"product_cat","embeddable":true,"href":"https:\/\/doreytiles.pt\/pt-pt\/wp-json\/wp\/v2\/product_cat?post=13120"},{"taxonomy":"product_tag","embeddable":true,"href":"https:\/\/doreytiles.pt\/pt-pt\/wp-json\/wp\/v2\/product_tag?post=13120"}],"curies":[{"name":"wp","href":"https:\/\/api.w.org\/{rel}","templated":true}]}}