{"id":13129,"date":"2025-09-16T15:01:38","date_gmt":"2025-09-16T15:01:38","guid":{"rendered":"https:\/\/doreytiles.pt\/?post_type=product&#038;p=13129"},"modified":"2025-09-25T19:15:10","modified_gmt":"2025-09-25T19:15:10","slug":"par-de-querubins-em-pedra-sec-xviii","status":"publish","type":"product","link":"https:\/\/doreytiles.pt\/pt-pt\/product\/par-de-querubins-em-pedra-sec-xviii\/","title":{"rendered":"Par de querubins em Pedra, S\u00e9c. XVIII"},"content":{"rendered":"<p>Per\u00edodo: S\u00e9culo XVIII<\/p>\n<pre><\/pre>\n<p>Dimens\u00f5es: 40 x 20 cm (a confirmar)<\/p>\n<pre><\/pre>\n<p>Par de querubins em pedra do s\u00e9culo XVIII. Usados em altares de Igrejas e Capelas.<\/p>\n","protected":false},"excerpt":{"rendered":"<p>Per\u00edodo: S\u00e9culo XVIII Dimens\u00f5es: 40 x 20 cm (a confirmar) Par de querubins em pedra do s\u00e9culo XVIII. Usados em altares de Igrejas e Capelas.<\/p>\n","protected":false},"featured_media":5684,"template":"","meta":{"_acf_changed":false},"product_brand":[],"product_cat":[47,42],"product_tag":[60],"class_list":{"0":"post-13129","1":"product","2":"type-product","3":"status-publish","4":"has-post-thumbnail","6":"product_cat-xviii","7":"product_cat-42","8":"product_tag-pedras","10":"first","11":"instock","12":"shipping-taxable","13":"product-type-simple"},"acf":[],"_links":{"self":[{"href":"https:\/\/doreytiles.pt\/pt-pt\/wp-json\/wp\/v2\/product\/13129","targetHints":{"allow":["GET"]}}],"collection":[{"href":"https:\/\/doreytiles.pt\/pt-pt\/wp-json\/wp\/v2\/product"}],"about":[{"href":"https:\/\/doreytiles.pt\/pt-pt\/wp-json\/wp\/v2\/types\/product"}],"wp:featuredmedia":[{"embeddable":true,"href":"https:\/\/doreytiles.pt\/pt-pt\/wp-json\/wp\/v2\/media\/5684"}],"wp:attachment":[{"href":"https:\/\/doreytiles.pt\/pt-pt\/wp-json\/wp\/v2\/media?parent=13129"}],"wp:term":[{"taxonomy":"product_brand","embeddable":true,"href":"https:\/\/doreytiles.pt\/pt-pt\/wp-json\/wp\/v2\/product_brand?post=13129"},{"taxonomy":"product_cat","embeddable":true,"href":"https:\/\/doreytiles.pt\/pt-pt\/wp-json\/wp\/v2\/product_cat?post=13129"},{"taxonomy":"product_tag","embeddable":true,"href":"https:\/\/doreytiles.pt\/pt-pt\/wp-json\/wp\/v2\/product_tag?post=13129"}],"curies":[{"name":"wp","href":"https:\/\/api.w.org\/{rel}","templated":true}]}}