{"id":13356,"date":"2025-09-25T09:16:36","date_gmt":"2025-09-25T09:16:36","guid":{"rendered":"https:\/\/doreytiles.pt\/?post_type=product&#038;p=13356"},"modified":"2025-09-25T19:14:51","modified_gmt":"2025-09-25T19:14:51","slug":"crianca-aristocrata-sec-xviii","status":"publish","type":"product","link":"https:\/\/doreytiles.pt\/pt-pt\/product\/crianca-aristocrata-sec-xviii\/","title":{"rendered":"Crian\u00e7a aristocrata, S\u00e9c. XVIII"},"content":{"rendered":"<p>Per\u00edodo: S\u00e9culo XVIII<\/p>\n<p>&nbsp;<\/p>\n<p>Dimens\u00f5es: 84 x 112 cm<\/p>\n<p>&nbsp;<\/p>\n<p>Painel de azulejos do s\u00e9culo XVIII, representativo de uma crian\u00e7a da aristocracia possivelmente a brincar \u00e0s ca\u00e7adas.<\/p>\n","protected":false},"excerpt":{"rendered":"<p>Per\u00edodo: S\u00e9culo XVIII &nbsp; Dimens\u00f5es: 84 x 112 cm &nbsp; Painel de azulejos do s\u00e9culo XVIII, representativo de uma crian\u00e7a da aristocracia possivelmente a brincar \u00e0s ca\u00e7adas.<\/p>\n","protected":false},"featured_media":13217,"template":"","meta":{"_acf_changed":false},"product_brand":[],"product_cat":[33,45,47],"product_tag":[38],"class_list":{"0":"post-13356","1":"product","2":"type-product","3":"status-publish","4":"has-post-thumbnail","6":"product_cat-azul-e-branco","7":"product_cat-45","8":"product_cat-xviii","9":"product_tag-paineis-figurativos","11":"first","12":"instock","13":"shipping-taxable","14":"product-type-simple"},"acf":[],"_links":{"self":[{"href":"https:\/\/doreytiles.pt\/pt-pt\/wp-json\/wp\/v2\/product\/13356","targetHints":{"allow":["GET"]}}],"collection":[{"href":"https:\/\/doreytiles.pt\/pt-pt\/wp-json\/wp\/v2\/product"}],"about":[{"href":"https:\/\/doreytiles.pt\/pt-pt\/wp-json\/wp\/v2\/types\/product"}],"wp:featuredmedia":[{"embeddable":true,"href":"https:\/\/doreytiles.pt\/pt-pt\/wp-json\/wp\/v2\/media\/13217"}],"wp:attachment":[{"href":"https:\/\/doreytiles.pt\/pt-pt\/wp-json\/wp\/v2\/media?parent=13356"}],"wp:term":[{"taxonomy":"product_brand","embeddable":true,"href":"https:\/\/doreytiles.pt\/pt-pt\/wp-json\/wp\/v2\/product_brand?post=13356"},{"taxonomy":"product_cat","embeddable":true,"href":"https:\/\/doreytiles.pt\/pt-pt\/wp-json\/wp\/v2\/product_cat?post=13356"},{"taxonomy":"product_tag","embeddable":true,"href":"https:\/\/doreytiles.pt\/pt-pt\/wp-json\/wp\/v2\/product_tag?post=13356"}],"curies":[{"name":"wp","href":"https:\/\/api.w.org\/{rel}","templated":true}]}}