{"id":13360,"date":"2025-09-25T09:45:48","date_gmt":"2025-09-25T09:45:48","guid":{"rendered":"https:\/\/doreytiles.pt\/?post_type=product&#038;p=13360"},"modified":"2025-09-25T19:14:42","modified_gmt":"2025-09-25T19:14:42","slug":"par-de-putti-sec-xviii","status":"publish","type":"product","link":"https:\/\/doreytiles.pt\/pt-pt\/product\/par-de-putti-sec-xviii\/","title":{"rendered":"Par de Putti, S\u00e9c. XVIII"},"content":{"rendered":"<p>Per\u00edodo: S\u00e9culo XVIII<\/p>\n<pre><\/pre>\n<p>Dimens\u00f5es: 42 x 56 cm<\/p>\n<pre><\/pre>\n<p>Par de puttis emoldurados do s\u00e9culo XVIII. Seriam usados sobretudo em igrejas, pal\u00e1cios e outros espa\u00e7os de interesse religioso e aristocr\u00e1tico.<\/p>\n","protected":false},"excerpt":{"rendered":"<p>Per\u00edodo: S\u00e9culo XVIII Dimens\u00f5es: 42 x 56 cm Par de puttis emoldurados do s\u00e9culo XVIII. Seriam usados sobretudo em igrejas, pal\u00e1cios e outros espa\u00e7os de interesse religioso e aristocr\u00e1tico.<\/p>\n","protected":false},"featured_media":13221,"template":"","meta":{"_acf_changed":false},"product_brand":[],"product_cat":[33,45,47],"product_tag":[38],"class_list":{"0":"post-13360","1":"product","2":"type-product","3":"status-publish","4":"has-post-thumbnail","6":"product_cat-azul-e-branco","7":"product_cat-45","8":"product_cat-xviii","9":"product_tag-paineis-figurativos","11":"first","12":"instock","13":"shipping-taxable","14":"product-type-simple"},"acf":[],"_links":{"self":[{"href":"https:\/\/doreytiles.pt\/pt-pt\/wp-json\/wp\/v2\/product\/13360","targetHints":{"allow":["GET"]}}],"collection":[{"href":"https:\/\/doreytiles.pt\/pt-pt\/wp-json\/wp\/v2\/product"}],"about":[{"href":"https:\/\/doreytiles.pt\/pt-pt\/wp-json\/wp\/v2\/types\/product"}],"wp:featuredmedia":[{"embeddable":true,"href":"https:\/\/doreytiles.pt\/pt-pt\/wp-json\/wp\/v2\/media\/13221"}],"wp:attachment":[{"href":"https:\/\/doreytiles.pt\/pt-pt\/wp-json\/wp\/v2\/media?parent=13360"}],"wp:term":[{"taxonomy":"product_brand","embeddable":true,"href":"https:\/\/doreytiles.pt\/pt-pt\/wp-json\/wp\/v2\/product_brand?post=13360"},{"taxonomy":"product_cat","embeddable":true,"href":"https:\/\/doreytiles.pt\/pt-pt\/wp-json\/wp\/v2\/product_cat?post=13360"},{"taxonomy":"product_tag","embeddable":true,"href":"https:\/\/doreytiles.pt\/pt-pt\/wp-json\/wp\/v2\/product_tag?post=13360"}],"curies":[{"name":"wp","href":"https:\/\/api.w.org\/{rel}","templated":true}]}}