{"id":13380,"date":"2025-09-25T14:18:41","date_gmt":"2025-09-25T14:18:41","guid":{"rendered":"https:\/\/doreytiles.pt\/?post_type=product&#038;p=13380"},"modified":"2025-11-14T17:57:37","modified_gmt":"2025-11-14T17:57:37","slug":"4-estacoes-jose-franco-sec-xx","status":"publish","type":"product","link":"https:\/\/doreytiles.pt\/pt-pt\/product\/4-estacoes-jose-franco-sec-xx\/","title":{"rendered":"4 Esta\u00e7\u00f5es, Jos\u00e9 Franco, S\u00e9c. XX"},"content":{"rendered":"<p>Per\u00edodo: S\u00e9culo XX<\/p>\n<pre><\/pre>\n<p>Dimens\u00f5es: 50 x 22\u00a0 cm<\/p>\n<pre><\/pre>\n<p>Conjunto de figuras em faian\u00e7a vidrada representativo das quatro esta\u00e7\u00f5es. Feito e assinado pelo artista Jos\u00e9 Franco.<\/p>\n<pre><\/pre>\n<p>*apenas tr\u00eas em stock.<\/p>\n","protected":false},"excerpt":{"rendered":"<p>Per\u00edodo: S\u00e9culo XX Dimens\u00f5es: 50 x 22\u00a0 cm Conjunto de figuras em faian\u00e7a vidrada representativo das quatro esta\u00e7\u00f5es. Feito e assinado pelo artista Jos\u00e9 Franco. *apenas tr\u00eas em stock.<\/p>\n","protected":false},"featured_media":13273,"template":"","meta":{"_acf_changed":false},"product_brand":[],"product_cat":[50,42],"product_tag":[59,58],"class_list":{"0":"post-13380","1":"product","2":"type-product","3":"status-publish","4":"has-post-thumbnail","6":"product_cat-xx","7":"product_cat-42","8":"product_tag-faianca","9":"product_tag-pecas-de-colecao","11":"first","12":"instock","13":"shipping-taxable","14":"product-type-simple"},"acf":[],"_links":{"self":[{"href":"https:\/\/doreytiles.pt\/pt-pt\/wp-json\/wp\/v2\/product\/13380","targetHints":{"allow":["GET"]}}],"collection":[{"href":"https:\/\/doreytiles.pt\/pt-pt\/wp-json\/wp\/v2\/product"}],"about":[{"href":"https:\/\/doreytiles.pt\/pt-pt\/wp-json\/wp\/v2\/types\/product"}],"wp:featuredmedia":[{"embeddable":true,"href":"https:\/\/doreytiles.pt\/pt-pt\/wp-json\/wp\/v2\/media\/13273"}],"wp:attachment":[{"href":"https:\/\/doreytiles.pt\/pt-pt\/wp-json\/wp\/v2\/media?parent=13380"}],"wp:term":[{"taxonomy":"product_brand","embeddable":true,"href":"https:\/\/doreytiles.pt\/pt-pt\/wp-json\/wp\/v2\/product_brand?post=13380"},{"taxonomy":"product_cat","embeddable":true,"href":"https:\/\/doreytiles.pt\/pt-pt\/wp-json\/wp\/v2\/product_cat?post=13380"},{"taxonomy":"product_tag","embeddable":true,"href":"https:\/\/doreytiles.pt\/pt-pt\/wp-json\/wp\/v2\/product_tag?post=13380"}],"curies":[{"name":"wp","href":"https:\/\/api.w.org\/{rel}","templated":true}]}}