{"id":13382,"date":"2025-09-25T15:22:08","date_gmt":"2025-09-25T15:22:08","guid":{"rendered":"https:\/\/doreytiles.pt\/?post_type=product&#038;p=13382"},"modified":"2025-09-25T19:20:08","modified_gmt":"2025-09-25T19:20:08","slug":"vasos-fabrica-de-santanna-sec-xix","status":"publish","type":"product","link":"https:\/\/doreytiles.pt\/pt-pt\/product\/vasos-fabrica-de-santanna-sec-xix\/","title":{"rendered":"Vasos, F\u00e1brica de Sant&#8217;Anna, S\u00e9c. XX"},"content":{"rendered":"<p>Per\u00edodo: S\u00e9culo XIX<\/p>\n<pre><\/pre>\n<p>Dimens\u00f5es: 60 cm altura<\/p>\n<pre><\/pre>\n<p>Conjunto de vasos executados pela F\u00e1brica de Sant&#8217;Anna.<\/p>\n","protected":false},"excerpt":{"rendered":"<p>Per\u00edodo: S\u00e9culo XIX Dimens\u00f5es: 60 cm altura Conjunto de vasos executados pela F\u00e1brica de Sant&#8217;Anna.<\/p>\n","protected":false},"featured_media":13285,"template":"","meta":{"_acf_changed":false},"product_brand":[],"product_cat":[42,50],"product_tag":[59],"class_list":{"0":"post-13382","1":"product","2":"type-product","3":"status-publish","4":"has-post-thumbnail","6":"product_cat-42","7":"product_cat-xx","8":"product_tag-faianca","10":"first","11":"instock","12":"shipping-taxable","13":"product-type-simple"},"acf":[],"_links":{"self":[{"href":"https:\/\/doreytiles.pt\/pt-pt\/wp-json\/wp\/v2\/product\/13382","targetHints":{"allow":["GET"]}}],"collection":[{"href":"https:\/\/doreytiles.pt\/pt-pt\/wp-json\/wp\/v2\/product"}],"about":[{"href":"https:\/\/doreytiles.pt\/pt-pt\/wp-json\/wp\/v2\/types\/product"}],"wp:featuredmedia":[{"embeddable":true,"href":"https:\/\/doreytiles.pt\/pt-pt\/wp-json\/wp\/v2\/media\/13285"}],"wp:attachment":[{"href":"https:\/\/doreytiles.pt\/pt-pt\/wp-json\/wp\/v2\/media?parent=13382"}],"wp:term":[{"taxonomy":"product_brand","embeddable":true,"href":"https:\/\/doreytiles.pt\/pt-pt\/wp-json\/wp\/v2\/product_brand?post=13382"},{"taxonomy":"product_cat","embeddable":true,"href":"https:\/\/doreytiles.pt\/pt-pt\/wp-json\/wp\/v2\/product_cat?post=13382"},{"taxonomy":"product_tag","embeddable":true,"href":"https:\/\/doreytiles.pt\/pt-pt\/wp-json\/wp\/v2\/product_tag?post=13382"}],"curies":[{"name":"wp","href":"https:\/\/api.w.org\/{rel}","templated":true}]}}