{"id":13438,"date":"2025-10-01T10:47:00","date_gmt":"2025-10-01T10:47:00","guid":{"rendered":"https:\/\/doreytiles.pt\/?post_type=product&#038;p=13438"},"modified":"2025-10-03T09:56:15","modified_gmt":"2025-10-03T09:56:15","slug":"painel-neoclassico-com-girlandas-de-flores-sec-xviii","status":"publish","type":"product","link":"https:\/\/doreytiles.pt\/pt-pt\/product\/painel-neoclassico-com-girlandas-de-flores-sec-xviii\/","title":{"rendered":"Painel neocl\u00e1ssico com girlandas de flores, S\u00e9c. XVIII"},"content":{"rendered":"<p>Per\u00edodo: S\u00e9culo XVIII<\/p>\n<pre><\/pre>\n<p>Dimens\u00f5es: 84 x 224 cm<\/p>\n<pre><\/pre>\n<p>Painel Neocl\u00e1ssico com girlandas de flores e p\u00e1ssaros. Usado sobretudo em contexto palaciano.<\/p>\n","protected":false},"excerpt":{"rendered":"<p>Per\u00edodo: S\u00e9culo XVIII Dimens\u00f5es: 84 x 224 cm Painel Neocl\u00e1ssico com girlandas de flores e p\u00e1ssaros. Usado sobretudo em contexto palaciano.<\/p>\n","protected":false},"featured_media":13313,"template":"","meta":{"_acf_changed":false},"product_brand":[],"product_cat":[35,45,33,34,47],"product_tag":[38],"class_list":{"0":"post-13438","1":"product","2":"type-product","3":"status-publish","4":"has-post-thumbnail","6":"product_cat-amarelos","7":"product_cat-45","8":"product_cat-azul-e-branco","9":"product_cat-manganes","10":"product_cat-xviii","11":"product_tag-paineis-figurativos","13":"first","14":"instock","15":"shipping-taxable","16":"product-type-simple"},"acf":[],"_links":{"self":[{"href":"https:\/\/doreytiles.pt\/pt-pt\/wp-json\/wp\/v2\/product\/13438","targetHints":{"allow":["GET"]}}],"collection":[{"href":"https:\/\/doreytiles.pt\/pt-pt\/wp-json\/wp\/v2\/product"}],"about":[{"href":"https:\/\/doreytiles.pt\/pt-pt\/wp-json\/wp\/v2\/types\/product"}],"wp:featuredmedia":[{"embeddable":true,"href":"https:\/\/doreytiles.pt\/pt-pt\/wp-json\/wp\/v2\/media\/13313"}],"wp:attachment":[{"href":"https:\/\/doreytiles.pt\/pt-pt\/wp-json\/wp\/v2\/media?parent=13438"}],"wp:term":[{"taxonomy":"product_brand","embeddable":true,"href":"https:\/\/doreytiles.pt\/pt-pt\/wp-json\/wp\/v2\/product_brand?post=13438"},{"taxonomy":"product_cat","embeddable":true,"href":"https:\/\/doreytiles.pt\/pt-pt\/wp-json\/wp\/v2\/product_cat?post=13438"},{"taxonomy":"product_tag","embeddable":true,"href":"https:\/\/doreytiles.pt\/pt-pt\/wp-json\/wp\/v2\/product_tag?post=13438"}],"curies":[{"name":"wp","href":"https:\/\/api.w.org\/{rel}","templated":true}]}}