{"id":13440,"date":"2025-10-01T11:03:42","date_gmt":"2025-10-01T11:03:42","guid":{"rendered":"https:\/\/doreytiles.pt\/?post_type=product&#038;p=13440"},"modified":"2025-10-03T09:56:06","modified_gmt":"2025-10-03T09:56:06","slug":"par-de-gargulas-sec-xvi","status":"publish","type":"product","link":"https:\/\/doreytiles.pt\/pt-pt\/product\/par-de-gargulas-sec-xvi\/","title":{"rendered":"Par de g\u00e1rgulas, S\u00e9c. XVI"},"content":{"rendered":"<p>Per\u00edodo: S\u00e9culo XVI<\/p>\n<pre><\/pre>\n<p>Dimens\u00f5es: 91 x 30 cm<\/p>\n<pre><\/pre>\n<p>Par de g\u00e1rgulas g\u00f3ticas do s\u00e9culo XVI.<\/p>\n","protected":false},"excerpt":{"rendered":"<p>Per\u00edodo: S\u00e9culo XVI Dimens\u00f5es: 91 x 30 cm Par de g\u00e1rgulas g\u00f3ticas do s\u00e9culo XVI.<\/p>\n","protected":false},"featured_media":13337,"template":"","meta":{"_acf_changed":false},"product_brand":[],"product_cat":[49,42],"product_tag":[60],"class_list":{"0":"post-13440","1":"product","2":"type-product","3":"status-publish","4":"has-post-thumbnail","6":"product_cat-xvi","7":"product_cat-42","8":"product_tag-pedras","10":"first","11":"instock","12":"shipping-taxable","13":"product-type-simple"},"acf":[],"_links":{"self":[{"href":"https:\/\/doreytiles.pt\/pt-pt\/wp-json\/wp\/v2\/product\/13440","targetHints":{"allow":["GET"]}}],"collection":[{"href":"https:\/\/doreytiles.pt\/pt-pt\/wp-json\/wp\/v2\/product"}],"about":[{"href":"https:\/\/doreytiles.pt\/pt-pt\/wp-json\/wp\/v2\/types\/product"}],"wp:featuredmedia":[{"embeddable":true,"href":"https:\/\/doreytiles.pt\/pt-pt\/wp-json\/wp\/v2\/media\/13337"}],"wp:attachment":[{"href":"https:\/\/doreytiles.pt\/pt-pt\/wp-json\/wp\/v2\/media?parent=13440"}],"wp:term":[{"taxonomy":"product_brand","embeddable":true,"href":"https:\/\/doreytiles.pt\/pt-pt\/wp-json\/wp\/v2\/product_brand?post=13440"},{"taxonomy":"product_cat","embeddable":true,"href":"https:\/\/doreytiles.pt\/pt-pt\/wp-json\/wp\/v2\/product_cat?post=13440"},{"taxonomy":"product_tag","embeddable":true,"href":"https:\/\/doreytiles.pt\/pt-pt\/wp-json\/wp\/v2\/product_tag?post=13440"}],"curies":[{"name":"wp","href":"https:\/\/api.w.org\/{rel}","templated":true}]}}