{"id":13463,"date":"2025-10-02T14:20:09","date_gmt":"2025-10-02T14:20:09","guid":{"rendered":"https:\/\/doreytiles.pt\/?post_type=product&#038;p=13463"},"modified":"2025-10-03T09:55:18","modified_gmt":"2025-10-03T09:55:18","slug":"par-de-pinaculos-em-pedra-sec-xix","status":"publish","type":"product","link":"https:\/\/doreytiles.pt\/pt-pt\/product\/par-de-pinaculos-em-pedra-sec-xix\/","title":{"rendered":"Par de Pin\u00e1culos em Pedra, S\u00e9c. XIX"},"content":{"rendered":"<p>Per\u00edodo: S\u00e9culo XIX<\/p>\n<pre><\/pre>\n<p>Dimens\u00f5es: 40 cm<\/p>\n<pre><\/pre>\n<p>Par de pin\u00e1culos em pedra do s\u00e9culo XIX.<\/p>\n","protected":false},"excerpt":{"rendered":"<p>Per\u00edodo: S\u00e9culo XIX Dimens\u00f5es: 40 cm Par de pin\u00e1culos em pedra do s\u00e9culo XIX.<\/p>\n","protected":false},"featured_media":5678,"template":"","meta":{"_acf_changed":false},"product_brand":[],"product_cat":[48,42],"product_tag":[60],"class_list":{"0":"post-13463","1":"product","2":"type-product","3":"status-publish","4":"has-post-thumbnail","6":"product_cat-xix","7":"product_cat-42","8":"product_tag-pedras","10":"first","11":"instock","12":"shipping-taxable","13":"product-type-simple"},"acf":[],"_links":{"self":[{"href":"https:\/\/doreytiles.pt\/pt-pt\/wp-json\/wp\/v2\/product\/13463","targetHints":{"allow":["GET"]}}],"collection":[{"href":"https:\/\/doreytiles.pt\/pt-pt\/wp-json\/wp\/v2\/product"}],"about":[{"href":"https:\/\/doreytiles.pt\/pt-pt\/wp-json\/wp\/v2\/types\/product"}],"wp:featuredmedia":[{"embeddable":true,"href":"https:\/\/doreytiles.pt\/pt-pt\/wp-json\/wp\/v2\/media\/5678"}],"wp:attachment":[{"href":"https:\/\/doreytiles.pt\/pt-pt\/wp-json\/wp\/v2\/media?parent=13463"}],"wp:term":[{"taxonomy":"product_brand","embeddable":true,"href":"https:\/\/doreytiles.pt\/pt-pt\/wp-json\/wp\/v2\/product_brand?post=13463"},{"taxonomy":"product_cat","embeddable":true,"href":"https:\/\/doreytiles.pt\/pt-pt\/wp-json\/wp\/v2\/product_cat?post=13463"},{"taxonomy":"product_tag","embeddable":true,"href":"https:\/\/doreytiles.pt\/pt-pt\/wp-json\/wp\/v2\/product_tag?post=13463"}],"curies":[{"name":"wp","href":"https:\/\/api.w.org\/{rel}","templated":true}]}}