{"id":13465,"date":"2025-10-02T15:03:55","date_gmt":"2025-10-02T15:03:55","guid":{"rendered":"https:\/\/doreytiles.pt\/?post_type=product&#038;p=13465"},"modified":"2025-10-03T09:55:05","modified_gmt":"2025-10-03T09:55:05","slug":"coroa-em-pedra-sec-xviii","status":"publish","type":"product","link":"https:\/\/doreytiles.pt\/pt-pt\/product\/coroa-em-pedra-sec-xviii\/","title":{"rendered":"Coroa em Pedra, S\u00e9c. XVIII"},"content":{"rendered":"<p>Per\u00edodo: S\u00e9culo XVIII<\/p>\n<pre><\/pre>\n<p>Dimens\u00f5es: 40 cm<\/p>\n<pre><\/pre>\n<p>Coroa de Portugal em pedra.<\/p>\n","protected":false},"excerpt":{"rendered":"<p>Per\u00edodo: S\u00e9culo XVIII Dimens\u00f5es: 40 cm Coroa de Portugal em pedra.<\/p>\n","protected":false},"featured_media":13479,"template":"","meta":{"_acf_changed":false},"product_brand":[],"product_cat":[47,42],"product_tag":[60],"class_list":{"0":"post-13465","1":"product","2":"type-product","3":"status-publish","4":"has-post-thumbnail","6":"product_cat-xviii","7":"product_cat-42","8":"product_tag-pedras","10":"first","11":"instock","12":"shipping-taxable","13":"product-type-simple"},"acf":[],"_links":{"self":[{"href":"https:\/\/doreytiles.pt\/pt-pt\/wp-json\/wp\/v2\/product\/13465","targetHints":{"allow":["GET"]}}],"collection":[{"href":"https:\/\/doreytiles.pt\/pt-pt\/wp-json\/wp\/v2\/product"}],"about":[{"href":"https:\/\/doreytiles.pt\/pt-pt\/wp-json\/wp\/v2\/types\/product"}],"wp:featuredmedia":[{"embeddable":true,"href":"https:\/\/doreytiles.pt\/pt-pt\/wp-json\/wp\/v2\/media\/13479"}],"wp:attachment":[{"href":"https:\/\/doreytiles.pt\/pt-pt\/wp-json\/wp\/v2\/media?parent=13465"}],"wp:term":[{"taxonomy":"product_brand","embeddable":true,"href":"https:\/\/doreytiles.pt\/pt-pt\/wp-json\/wp\/v2\/product_brand?post=13465"},{"taxonomy":"product_cat","embeddable":true,"href":"https:\/\/doreytiles.pt\/pt-pt\/wp-json\/wp\/v2\/product_cat?post=13465"},{"taxonomy":"product_tag","embeddable":true,"href":"https:\/\/doreytiles.pt\/pt-pt\/wp-json\/wp\/v2\/product_tag?post=13465"}],"curies":[{"name":"wp","href":"https:\/\/api.w.org\/{rel}","templated":true}]}}