{"id":13766,"date":"2025-11-06T15:03:56","date_gmt":"2025-11-06T15:03:56","guid":{"rendered":"https:\/\/doreytiles.pt\/?post_type=product&#038;p=13766"},"modified":"2025-11-06T16:38:34","modified_gmt":"2025-11-06T16:38:34","slug":"azulejo-de-estrela","status":"publish","type":"product","link":"https:\/\/doreytiles.pt\/pt-pt\/product\/azulejo-de-estrela\/","title":{"rendered":"Azulejo de Estrela Espanhol XVII"},"content":{"rendered":"<p>Per\u00edodo: S\u00e9culo XVII<\/p>\n<pre><\/pre>\n<p>Dimens\u00f5es: 18 cm x 18 cm<\/p>\n<pre><\/pre>\n<p>Azulejo de produ\u00e7\u00e3o espanhola, com representa\u00e7\u00e3o de estrela de 8 pontas.<\/p>\n","protected":false},"excerpt":{"rendered":"<p>Per\u00edodo: S\u00e9culo XVII Dimens\u00f5es: 18 cm x 18 cm Azulejo de produ\u00e7\u00e3o espanhola, com representa\u00e7\u00e3o de estrela de 8 pontas.<\/p>\n","protected":false},"featured_media":13738,"template":"","meta":{"_acf_changed":false},"product_brand":[],"product_cat":[44,33,46],"product_tag":[37,58],"class_list":{"0":"post-13766","1":"product","2":"type-product","3":"status-publish","4":"has-post-thumbnail","6":"product_cat-44","7":"product_cat-azul-e-branco","8":"product_cat-xvii","9":"product_tag-azulejo-padrao","10":"product_tag-pecas-de-colecao","12":"first","13":"instock","14":"shipping-taxable","15":"product-type-simple"},"acf":[],"_links":{"self":[{"href":"https:\/\/doreytiles.pt\/pt-pt\/wp-json\/wp\/v2\/product\/13766","targetHints":{"allow":["GET"]}}],"collection":[{"href":"https:\/\/doreytiles.pt\/pt-pt\/wp-json\/wp\/v2\/product"}],"about":[{"href":"https:\/\/doreytiles.pt\/pt-pt\/wp-json\/wp\/v2\/types\/product"}],"wp:featuredmedia":[{"embeddable":true,"href":"https:\/\/doreytiles.pt\/pt-pt\/wp-json\/wp\/v2\/media\/13738"}],"wp:attachment":[{"href":"https:\/\/doreytiles.pt\/pt-pt\/wp-json\/wp\/v2\/media?parent=13766"}],"wp:term":[{"taxonomy":"product_brand","embeddable":true,"href":"https:\/\/doreytiles.pt\/pt-pt\/wp-json\/wp\/v2\/product_brand?post=13766"},{"taxonomy":"product_cat","embeddable":true,"href":"https:\/\/doreytiles.pt\/pt-pt\/wp-json\/wp\/v2\/product_cat?post=13766"},{"taxonomy":"product_tag","embeddable":true,"href":"https:\/\/doreytiles.pt\/pt-pt\/wp-json\/wp\/v2\/product_tag?post=13766"}],"curies":[{"name":"wp","href":"https:\/\/api.w.org\/{rel}","templated":true}]}}