{"id":13908,"date":"2025-11-06T15:28:33","date_gmt":"2025-11-06T15:28:33","guid":{"rendered":"https:\/\/doreytiles.pt\/?post_type=product&#038;p=13908"},"modified":"2025-11-06T16:46:28","modified_gmt":"2025-11-06T16:46:28","slug":"arte-nova-com-motivos-vegetalistas","status":"publish","type":"product","link":"https:\/\/doreytiles.pt\/pt-pt\/product\/arte-nova-com-motivos-vegetalistas\/","title":{"rendered":"Arte Nova com Motivos Vegetalistas"},"content":{"rendered":"<p>Per\u00edodo: S\u00e9culo XX<\/p>\n<pre><\/pre>\n<p>Dimens\u00f5es: <span class=\"a_GcMg font-feature-liga-off font-feature-clig-off font-feature-calt-off text-decoration-none text-strikethrough-none\">112 cm x 42 cm<\/span><\/p>\n<pre><\/pre>\n<p>Painel de azulejos estilo Arte Nova com motivos vegetalistas e florais.<\/p>\n","protected":false},"excerpt":{"rendered":"<p>Per\u00edodo: S\u00e9culo XX Dimens\u00f5es: 112 cm x 42 cm Painel de azulejos estilo Arte Nova com motivos vegetalistas e florais.<\/p>\n","protected":false},"featured_media":13858,"template":"","meta":{"_acf_changed":false},"product_brand":[],"product_cat":[29,41,35,33,50],"product_tag":[61],"class_list":{"0":"post-13908","1":"product","2":"type-product","3":"status-publish","4":"has-post-thumbnail","6":"product_cat-cor","7":"product_cat-41","8":"product_cat-amarelos","9":"product_cat-azul-e-branco","10":"product_cat-xx","11":"product_tag-modernismo","13":"first","14":"instock","15":"shipping-taxable","16":"product-type-simple"},"acf":[],"_links":{"self":[{"href":"https:\/\/doreytiles.pt\/pt-pt\/wp-json\/wp\/v2\/product\/13908","targetHints":{"allow":["GET"]}}],"collection":[{"href":"https:\/\/doreytiles.pt\/pt-pt\/wp-json\/wp\/v2\/product"}],"about":[{"href":"https:\/\/doreytiles.pt\/pt-pt\/wp-json\/wp\/v2\/types\/product"}],"wp:featuredmedia":[{"embeddable":true,"href":"https:\/\/doreytiles.pt\/pt-pt\/wp-json\/wp\/v2\/media\/13858"}],"wp:attachment":[{"href":"https:\/\/doreytiles.pt\/pt-pt\/wp-json\/wp\/v2\/media?parent=13908"}],"wp:term":[{"taxonomy":"product_brand","embeddable":true,"href":"https:\/\/doreytiles.pt\/pt-pt\/wp-json\/wp\/v2\/product_brand?post=13908"},{"taxonomy":"product_cat","embeddable":true,"href":"https:\/\/doreytiles.pt\/pt-pt\/wp-json\/wp\/v2\/product_cat?post=13908"},{"taxonomy":"product_tag","embeddable":true,"href":"https:\/\/doreytiles.pt\/pt-pt\/wp-json\/wp\/v2\/product_tag?post=13908"}],"curies":[{"name":"wp","href":"https:\/\/api.w.org\/{rel}","templated":true}]}}