{"id":13917,"date":"2025-11-06T17:05:17","date_gmt":"2025-11-06T17:05:17","guid":{"rendered":"https:\/\/doreytiles.pt\/?post_type=product&#038;p=13917"},"modified":"2025-11-07T16:03:54","modified_gmt":"2025-11-07T16:03:54","slug":"alegoria-a-portugal-fabrica-das-devezas","status":"publish","type":"product","link":"https:\/\/doreytiles.pt\/pt-pt\/product\/alegoria-a-portugal-fabrica-das-devezas\/","title":{"rendered":"Alegoria a Portugal, F\u00e1brica das Devezas"},"content":{"rendered":"<p>Per\u00edodo: S\u00e9culo XIX<\/p>\n<pre><\/pre>\n<p>Dimens\u00f5es: 118 cm x 40cm x 28cm<\/p>\n<pre><\/pre>\n<article class=\"text-token-text-primary w-full focus:outline-none [--shadow-height:45px] has-data-writing-block:pointer-events-none has-data-writing-block:-mt-(--shadow-height) has-data-writing-block:pt-(--shadow-height) [&amp;:has([data-writing-block])&gt;*]:pointer-events-auto [content-visibility:auto] supports-[content-visibility:auto]:[contain-intrinsic-size:auto_100lvh] scroll-mt-[calc(var(--header-height)+min(200px,max(70px,20svh)))]\" dir=\"auto\" tabindex=\"-1\" data-turn-id=\"request-WEB:3c4202b9-44dd-4f22-817d-c2c53981e1e9-7\" data-testid=\"conversation-turn-16\" data-scroll-anchor=\"true\" data-turn=\"assistant\">\n<div class=\"text-base my-auto mx-auto pb-10 [--thread-content-margin:--spacing(4)] thread-sm:[--thread-content-margin:--spacing(6)] thread-lg:[--thread-content-margin:--spacing(16)] px-(--thread-content-margin)\">\n<div class=\"[--thread-content-max-width:40rem] thread-lg:[--thread-content-max-width:48rem] mx-auto max-w-(--thread-content-max-width) flex-1 group\/turn-messages focus-visible:outline-hidden relative flex w-full min-w-0 flex-col agent-turn\" tabindex=\"-1\">\n<div class=\"flex max-w-full flex-col grow\">\n<div class=\"min-h-8 text-message relative flex w-full flex-col items-end gap-2 text-start break-words whitespace-normal [.text-message+&amp;]:mt-1\" dir=\"auto\" data-message-author-role=\"assistant\" data-message-id=\"6bf2ef3d-dea1-473d-9e1c-a6556a905afc\" data-message-model-slug=\"gpt-5\">\n<div class=\"flex w-full flex-col gap-1 empty:hidden first:pt-[1px]\">\n<div class=\"markdown prose dark:prose-invert w-full break-words light markdown-new-styling\">\n<p data-start=\"0\" data-end=\"326\" data-is-last-node=\"\" data-is-only-node=\"\">A F\u00e1brica de Cer\u00e2mica das Devezas, localizava-se em Vila Nova de Gaia, no distrito do Porto. Fundada por uma sociedade privada de ceramistas e canteiros em meados de 1860, dominou a produ\u00e7\u00e3o de artefactos cer\u00e2micos para aplica\u00e7\u00e3o arquitect\u00f3nica at\u00e9 \u00e1 primeira d\u00e9cada do s\u00e9culo XX. Esta est\u00e1tua em faian\u00e7a vidrada, datada do s\u00e9culo XIX, \u00e9 um resultado da produ\u00e7\u00e3o desta f\u00e1brica e representa uma alegoria \u00e0 na\u00e7\u00e3o Portuguesa.<\/p>\n<\/div>\n<\/div>\n<\/div>\n<\/div>\n<\/div>\n<\/div>\n<\/article>\n<p>&nbsp;<\/p>\n","protected":false},"excerpt":{"rendered":"<p>Per\u00edodo: S\u00e9culo XIX Dimens\u00f5es: 118 cm x 40cm x 28cm A F\u00e1brica de Cer\u00e2mica das Devezas, localizava-se em Vila Nova de Gaia, no distrito do Porto. Fundada por uma sociedade privada de ceramistas e canteiros em meados de 1860, dominou a produ\u00e7\u00e3o de artefactos cer\u00e2micos para aplica\u00e7\u00e3o arquitect\u00f3nica at\u00e9 \u00e1 primeira d\u00e9cada do s\u00e9culo XX. [&hellip;]<\/p>\n","protected":false},"featured_media":13810,"template":"","meta":{"_acf_changed":false},"product_brand":[],"product_cat":[48,42],"product_tag":[59],"class_list":{"0":"post-13917","1":"product","2":"type-product","3":"status-publish","4":"has-post-thumbnail","6":"product_cat-xix","7":"product_cat-42","8":"product_tag-faianca","10":"first","11":"instock","12":"shipping-taxable","13":"product-type-simple"},"acf":[],"_links":{"self":[{"href":"https:\/\/doreytiles.pt\/pt-pt\/wp-json\/wp\/v2\/product\/13917","targetHints":{"allow":["GET"]}}],"collection":[{"href":"https:\/\/doreytiles.pt\/pt-pt\/wp-json\/wp\/v2\/product"}],"about":[{"href":"https:\/\/doreytiles.pt\/pt-pt\/wp-json\/wp\/v2\/types\/product"}],"wp:featuredmedia":[{"embeddable":true,"href":"https:\/\/doreytiles.pt\/pt-pt\/wp-json\/wp\/v2\/media\/13810"}],"wp:attachment":[{"href":"https:\/\/doreytiles.pt\/pt-pt\/wp-json\/wp\/v2\/media?parent=13917"}],"wp:term":[{"taxonomy":"product_brand","embeddable":true,"href":"https:\/\/doreytiles.pt\/pt-pt\/wp-json\/wp\/v2\/product_brand?post=13917"},{"taxonomy":"product_cat","embeddable":true,"href":"https:\/\/doreytiles.pt\/pt-pt\/wp-json\/wp\/v2\/product_cat?post=13917"},{"taxonomy":"product_tag","embeddable":true,"href":"https:\/\/doreytiles.pt\/pt-pt\/wp-json\/wp\/v2\/product_tag?post=13917"}],"curies":[{"name":"wp","href":"https:\/\/api.w.org\/{rel}","templated":true}]}}