{"id":13984,"date":"2025-11-14T11:10:58","date_gmt":"2025-11-14T11:10:58","guid":{"rendered":"https:\/\/doreytiles.pt\/?post_type=product&#038;p=13984"},"modified":"2025-11-20T11:24:32","modified_gmt":"2025-11-20T11:24:32","slug":"inverno-sec-xviii","status":"publish","type":"product","link":"https:\/\/doreytiles.pt\/pt-pt\/product\/inverno-sec-xviii\/","title":{"rendered":"Inverno, s\u00e9c. XVIII"},"content":{"rendered":"<p>Per\u00edodo: S\u00e9culo XVIII<\/p>\n<pre><\/pre>\n<p>Dimens\u00f5es: 126 x 84<\/p>\n<pre><\/pre>\n<p>Painel barroco do s\u00e9culo XVIII, com representa\u00e7\u00e3o antropom\u00f3rfica do Inverno.<\/p>\n","protected":false},"excerpt":{"rendered":"<p>Per\u00edodo: S\u00e9culo XVIII Dimens\u00f5es: 126 x 84 Painel barroco do s\u00e9culo XVIII, com representa\u00e7\u00e3o antropom\u00f3rfica do Inverno.<\/p>\n","protected":false},"featured_media":13830,"template":"","meta":{"_acf_changed":false},"product_brand":[],"product_cat":[45,33,47],"product_tag":[38],"class_list":{"0":"post-13984","1":"product","2":"type-product","3":"status-publish","4":"has-post-thumbnail","6":"product_cat-45","7":"product_cat-azul-e-branco","8":"product_cat-xviii","9":"product_tag-paineis-figurativos","11":"first","12":"instock","13":"shipping-taxable","14":"product-type-simple"},"acf":[],"yoast_head":"<!-- This site is optimized with the Yoast SEO plugin v27.3 - https:\/\/yoast.com\/product\/yoast-seo-wordpress\/ -->\n<title>Inverno, s\u00e9c. XVIII - D&#039;orey Tiles<\/title>\n<meta name=\"robots\" content=\"index, follow, max-snippet:-1, max-image-preview:large, max-video-preview:-1\" \/>\n<link rel=\"canonical\" href=\"https:\/\/doreytiles.pt\/pt-pt\/product\/inverno-sec-xviii\/\" \/>\n<meta property=\"og:locale\" content=\"pt_PT\" \/>\n<meta property=\"og:type\" content=\"article\" \/>\n<meta property=\"og:title\" content=\"Inverno, s\u00e9c. XVIII - D&#039;orey Tiles\" \/>\n<meta property=\"og:description\" content=\"Per\u00edodo: S\u00e9culo XVIII Dimens\u00f5es: 126 x 84 Painel barroco do s\u00e9culo XVIII, com representa\u00e7\u00e3o antropom\u00f3rfica do Inverno.\" \/>\n<meta property=\"og:url\" content=\"https:\/\/doreytiles.pt\/pt-pt\/product\/inverno-sec-xviii\/\" \/>\n<meta property=\"og:site_name\" content=\"D&#039;orey Tiles\" \/>\n<meta property=\"article:publisher\" content=\"https:\/\/www.facebook.com\/doreyazulejos\" \/>\n<meta property=\"article:modified_time\" content=\"2025-11-20T11:24:32+00:00\" \/>\n<meta property=\"og:image\" content=\"https:\/\/doreytiles.pt\/wp-content\/uploads\/2025\/11\/IMG_9537-1024x1024.jpg\" \/>\n\t<meta property=\"og:image:width\" content=\"1024\" \/>\n\t<meta property=\"og:image:height\" content=\"1024\" \/>\n\t<meta property=\"og:image:type\" content=\"image\/jpeg\" \/>\n<meta name=\"twitter:card\" content=\"summary_large_image\" \/>\n<script type=\"application\/ld+json\" class=\"yoast-schema-graph\">{\"@context\":\"https:\\\/\\\/schema.org\",\"@graph\":[{\"@type\":\"WebPage\",\"@id\":\"https:\\\/\\\/doreytiles.pt\\\/pt-pt\\\/product\\\/inverno-sec-xviii\\\/\",\"url\":\"https:\\\/\\\/doreytiles.pt\\\/pt-pt\\\/product\\\/inverno-sec-xviii\\\/\",\"name\":\"Inverno, s\u00e9c. XVIII - D&#039;orey Tiles\",\"isPartOf\":{\"@id\":\"https:\\\/\\\/doreytiles.pt\\\/#website\"},\"primaryImageOfPage\":{\"@id\":\"https:\\\/\\\/doreytiles.pt\\\/pt-pt\\\/product\\\/inverno-sec-xviii\\\/#primaryimage\"},\"image\":{\"@id\":\"https:\\\/\\\/doreytiles.pt\\\/pt-pt\\\/product\\\/inverno-sec-xviii\\\/#primaryimage\"},\"thumbnailUrl\":\"https:\\\/\\\/doreytiles.pt\\\/wp-content\\\/uploads\\\/2025\\\/11\\\/IMG_9537.jpg\",\"datePublished\":\"2025-11-14T11:10:58+00:00\",\"dateModified\":\"2025-11-20T11:24:32+00:00\",\"breadcrumb\":{\"@id\":\"https:\\\/\\\/doreytiles.pt\\\/pt-pt\\\/product\\\/inverno-sec-xviii\\\/#breadcrumb\"},\"inLanguage\":\"pt-PT\",\"potentialAction\":[{\"@type\":\"ReadAction\",\"target\":[\"https:\\\/\\\/doreytiles.pt\\\/pt-pt\\\/product\\\/inverno-sec-xviii\\\/\"]}]},{\"@type\":\"ImageObject\",\"inLanguage\":\"pt-PT\",\"@id\":\"https:\\\/\\\/doreytiles.pt\\\/pt-pt\\\/product\\\/inverno-sec-xviii\\\/#primaryimage\",\"url\":\"https:\\\/\\\/doreytiles.pt\\\/wp-content\\\/uploads\\\/2025\\\/11\\\/IMG_9537.jpg\",\"contentUrl\":\"https:\\\/\\\/doreytiles.pt\\\/wp-content\\\/uploads\\\/2025\\\/11\\\/IMG_9537.jpg\",\"width\":1720,\"height\":1720},{\"@type\":\"BreadcrumbList\",\"@id\":\"https:\\\/\\\/doreytiles.pt\\\/pt-pt\\\/product\\\/inverno-sec-xviii\\\/#breadcrumb\",\"itemListElement\":[{\"@type\":\"ListItem\",\"position\":1,\"name\":\"In\u00edcio\",\"item\":\"https:\\\/\\\/doreytiles.pt\\\/pt-pt\\\/\"},{\"@type\":\"ListItem\",\"position\":2,\"name\":\"Inverno, s\u00e9c. XVIII\"}]},{\"@type\":\"WebSite\",\"@id\":\"https:\\\/\\\/doreytiles.pt\\\/#website\",\"url\":\"https:\\\/\\\/doreytiles.pt\\\/\",\"name\":\"D'orey Tiles\",\"description\":\"Each piece, a story, each pattern, a tradition.\",\"publisher\":{\"@id\":\"https:\\\/\\\/doreytiles.pt\\\/#organization\"},\"potentialAction\":[{\"@type\":\"SearchAction\",\"target\":{\"@type\":\"EntryPoint\",\"urlTemplate\":\"https:\\\/\\\/doreytiles.pt\\\/?s={search_term_string}\"},\"query-input\":{\"@type\":\"PropertyValueSpecification\",\"valueRequired\":true,\"valueName\":\"search_term_string\"}}],\"inLanguage\":\"pt-PT\"},{\"@type\":\"Organization\",\"@id\":\"https:\\\/\\\/doreytiles.pt\\\/#organization\",\"name\":\"D'orey Tiles\",\"url\":\"https:\\\/\\\/doreytiles.pt\\\/\",\"logo\":{\"@type\":\"ImageObject\",\"inLanguage\":\"pt-PT\",\"@id\":\"https:\\\/\\\/doreytiles.pt\\\/#\\\/schema\\\/logo\\\/image\\\/\",\"url\":\"https:\\\/\\\/doreytiles.pt\\\/wp-content\\\/uploads\\\/2026\\\/04\\\/logo-dorey.jpg\",\"contentUrl\":\"https:\\\/\\\/doreytiles.pt\\\/wp-content\\\/uploads\\\/2026\\\/04\\\/logo-dorey.jpg\",\"width\":1521,\"height\":961,\"caption\":\"D'orey Tiles\"},\"image\":{\"@id\":\"https:\\\/\\\/doreytiles.pt\\\/#\\\/schema\\\/logo\\\/image\\\/\"},\"sameAs\":[\"https:\\\/\\\/www.facebook.com\\\/doreyazulejos\",\"https:\\\/\\\/instagram.com\\\/doreytiles\"]}]}<\/script>\n<!-- \/ Yoast SEO plugin. -->","yoast_head_json":{"title":"Inverno, s\u00e9c. XVIII - D&#039;orey Tiles","robots":{"index":"index","follow":"follow","max-snippet":"max-snippet:-1","max-image-preview":"max-image-preview:large","max-video-preview":"max-video-preview:-1"},"canonical":"https:\/\/doreytiles.pt\/pt-pt\/product\/inverno-sec-xviii\/","og_locale":"pt_PT","og_type":"article","og_title":"Inverno, s\u00e9c. XVIII - D&#039;orey Tiles","og_description":"Per\u00edodo: S\u00e9culo XVIII Dimens\u00f5es: 126 x 84 Painel barroco do s\u00e9culo XVIII, com representa\u00e7\u00e3o antropom\u00f3rfica do Inverno.","og_url":"https:\/\/doreytiles.pt\/pt-pt\/product\/inverno-sec-xviii\/","og_site_name":"D&#039;orey Tiles","article_publisher":"https:\/\/www.facebook.com\/doreyazulejos","article_modified_time":"2025-11-20T11:24:32+00:00","og_image":[{"width":1024,"height":1024,"url":"https:\/\/doreytiles.pt\/wp-content\/uploads\/2025\/11\/IMG_9537-1024x1024.jpg","type":"image\/jpeg"}],"twitter_card":"summary_large_image","schema":{"@context":"https:\/\/schema.org","@graph":[{"@type":"WebPage","@id":"https:\/\/doreytiles.pt\/pt-pt\/product\/inverno-sec-xviii\/","url":"https:\/\/doreytiles.pt\/pt-pt\/product\/inverno-sec-xviii\/","name":"Inverno, s\u00e9c. XVIII - D&#039;orey Tiles","isPartOf":{"@id":"https:\/\/doreytiles.pt\/#website"},"primaryImageOfPage":{"@id":"https:\/\/doreytiles.pt\/pt-pt\/product\/inverno-sec-xviii\/#primaryimage"},"image":{"@id":"https:\/\/doreytiles.pt\/pt-pt\/product\/inverno-sec-xviii\/#primaryimage"},"thumbnailUrl":"https:\/\/doreytiles.pt\/wp-content\/uploads\/2025\/11\/IMG_9537.jpg","datePublished":"2025-11-14T11:10:58+00:00","dateModified":"2025-11-20T11:24:32+00:00","breadcrumb":{"@id":"https:\/\/doreytiles.pt\/pt-pt\/product\/inverno-sec-xviii\/#breadcrumb"},"inLanguage":"pt-PT","potentialAction":[{"@type":"ReadAction","target":["https:\/\/doreytiles.pt\/pt-pt\/product\/inverno-sec-xviii\/"]}]},{"@type":"ImageObject","inLanguage":"pt-PT","@id":"https:\/\/doreytiles.pt\/pt-pt\/product\/inverno-sec-xviii\/#primaryimage","url":"https:\/\/doreytiles.pt\/wp-content\/uploads\/2025\/11\/IMG_9537.jpg","contentUrl":"https:\/\/doreytiles.pt\/wp-content\/uploads\/2025\/11\/IMG_9537.jpg","width":1720,"height":1720},{"@type":"BreadcrumbList","@id":"https:\/\/doreytiles.pt\/pt-pt\/product\/inverno-sec-xviii\/#breadcrumb","itemListElement":[{"@type":"ListItem","position":1,"name":"In\u00edcio","item":"https:\/\/doreytiles.pt\/pt-pt\/"},{"@type":"ListItem","position":2,"name":"Inverno, s\u00e9c. XVIII"}]},{"@type":"WebSite","@id":"https:\/\/doreytiles.pt\/#website","url":"https:\/\/doreytiles.pt\/","name":"D'orey Tiles","description":"Each piece, a story, each pattern, a tradition.","publisher":{"@id":"https:\/\/doreytiles.pt\/#organization"},"potentialAction":[{"@type":"SearchAction","target":{"@type":"EntryPoint","urlTemplate":"https:\/\/doreytiles.pt\/?s={search_term_string}"},"query-input":{"@type":"PropertyValueSpecification","valueRequired":true,"valueName":"search_term_string"}}],"inLanguage":"pt-PT"},{"@type":"Organization","@id":"https:\/\/doreytiles.pt\/#organization","name":"D'orey Tiles","url":"https:\/\/doreytiles.pt\/","logo":{"@type":"ImageObject","inLanguage":"pt-PT","@id":"https:\/\/doreytiles.pt\/#\/schema\/logo\/image\/","url":"https:\/\/doreytiles.pt\/wp-content\/uploads\/2026\/04\/logo-dorey.jpg","contentUrl":"https:\/\/doreytiles.pt\/wp-content\/uploads\/2026\/04\/logo-dorey.jpg","width":1521,"height":961,"caption":"D'orey Tiles"},"image":{"@id":"https:\/\/doreytiles.pt\/#\/schema\/logo\/image\/"},"sameAs":["https:\/\/www.facebook.com\/doreyazulejos","https:\/\/instagram.com\/doreytiles"]}]}},"_links":{"self":[{"href":"https:\/\/doreytiles.pt\/pt-pt\/wp-json\/wp\/v2\/product\/13984","targetHints":{"allow":["GET"]}}],"collection":[{"href":"https:\/\/doreytiles.pt\/pt-pt\/wp-json\/wp\/v2\/product"}],"about":[{"href":"https:\/\/doreytiles.pt\/pt-pt\/wp-json\/wp\/v2\/types\/product"}],"wp:featuredmedia":[{"embeddable":true,"href":"https:\/\/doreytiles.pt\/pt-pt\/wp-json\/wp\/v2\/media\/13830"}],"wp:attachment":[{"href":"https:\/\/doreytiles.pt\/pt-pt\/wp-json\/wp\/v2\/media?parent=13984"}],"wp:term":[{"taxonomy":"product_brand","embeddable":true,"href":"https:\/\/doreytiles.pt\/pt-pt\/wp-json\/wp\/v2\/product_brand?post=13984"},{"taxonomy":"product_cat","embeddable":true,"href":"https:\/\/doreytiles.pt\/pt-pt\/wp-json\/wp\/v2\/product_cat?post=13984"},{"taxonomy":"product_tag","embeddable":true,"href":"https:\/\/doreytiles.pt\/pt-pt\/wp-json\/wp\/v2\/product_tag?post=13984"}],"curies":[{"name":"wp","href":"https:\/\/api.w.org\/{rel}","templated":true}]}}