{"id":13988,"date":"2025-11-14T11:28:40","date_gmt":"2025-11-14T11:28:40","guid":{"rendered":"https:\/\/doreytiles.pt\/?post_type=product&#038;p=13988"},"modified":"2025-11-20T11:20:56","modified_gmt":"2025-11-20T11:20:56","slug":"azulejo-hispano-mourisco-com-albarrada-sec-xv-xvi","status":"publish","type":"product","link":"https:\/\/doreytiles.pt\/pt-pt\/product\/azulejo-hispano-mourisco-com-albarrada-sec-xv-xvi\/","title":{"rendered":"Azulejo Hispano-Mourisco com Albarrada, s\u00e9c. XV\/XVI"},"content":{"rendered":"<p>Per\u00edodo: Finais do s\u00e9culo XV, in\u00edcios do XVI<\/p>\n<pre><\/pre>\n<p>Dimens\u00f5es: 14 x 14 cm<\/p>\n<pre><\/pre>\n<p>Raro azulejo hispano-mourisco dos finais do s\u00e9culo XV e in\u00edcios do XVI, com representa\u00e7\u00e3o policrom\u00e1tica de uma Albarrada.<\/p>\n","protected":false},"excerpt":{"rendered":"<p>Per\u00edodo: Finais do s\u00e9culo XV, in\u00edcios do XVI Dimens\u00f5es: 14 x 14 cm Raro azulejo hispano-mourisco dos finais do s\u00e9culo XV e in\u00edcios do XVI, com representa\u00e7\u00e3o policrom\u00e1tica de uma Albarrada.<\/p>\n","protected":false},"featured_media":13708,"template":"","meta":{"_acf_changed":false},"product_brand":[],"product_cat":[42,35,33,34,49],"product_tag":[56],"class_list":{"0":"post-13988","1":"product","2":"type-product","3":"status-publish","4":"has-post-thumbnail","6":"product_cat-42","7":"product_cat-amarelos","8":"product_cat-azul-e-branco","9":"product_cat-manganes","10":"product_cat-xvi","11":"product_tag-hispano-mourisco","13":"first","14":"instock","15":"shipping-taxable","16":"product-type-simple"},"acf":[],"_links":{"self":[{"href":"https:\/\/doreytiles.pt\/pt-pt\/wp-json\/wp\/v2\/product\/13988","targetHints":{"allow":["GET"]}}],"collection":[{"href":"https:\/\/doreytiles.pt\/pt-pt\/wp-json\/wp\/v2\/product"}],"about":[{"href":"https:\/\/doreytiles.pt\/pt-pt\/wp-json\/wp\/v2\/types\/product"}],"wp:featuredmedia":[{"embeddable":true,"href":"https:\/\/doreytiles.pt\/pt-pt\/wp-json\/wp\/v2\/media\/13708"}],"wp:attachment":[{"href":"https:\/\/doreytiles.pt\/pt-pt\/wp-json\/wp\/v2\/media?parent=13988"}],"wp:term":[{"taxonomy":"product_brand","embeddable":true,"href":"https:\/\/doreytiles.pt\/pt-pt\/wp-json\/wp\/v2\/product_brand?post=13988"},{"taxonomy":"product_cat","embeddable":true,"href":"https:\/\/doreytiles.pt\/pt-pt\/wp-json\/wp\/v2\/product_cat?post=13988"},{"taxonomy":"product_tag","embeddable":true,"href":"https:\/\/doreytiles.pt\/pt-pt\/wp-json\/wp\/v2\/product_tag?post=13988"}],"curies":[{"name":"wp","href":"https:\/\/api.w.org\/{rel}","templated":true}]}}