{"id":14029,"date":"2025-11-19T14:51:33","date_gmt":"2025-11-19T14:51:33","guid":{"rendered":"https:\/\/doreytiles.pt\/?post_type=product&#038;p=14029"},"modified":"2025-11-20T17:25:07","modified_gmt":"2025-11-20T17:25:07","slug":"painel-neoclassico-com-chinoiserie-sec-xviii","status":"publish","type":"product","link":"https:\/\/doreytiles.pt\/pt-pt\/product\/painel-neoclassico-com-chinoiserie-sec-xviii\/","title":{"rendered":"Painel Neocl\u00e1ssico com Chinoiserie, s\u00e9c. XVIII"},"content":{"rendered":"<p>Per\u00edodo: Final do s\u00e9culo XVIII<\/p>\n<pre><\/pre>\n<p>Dimens\u00f5es: 84 x 224 cm<\/p>\n<pre><\/pre>\n<p>Painel Neocl\u00e1ssico dos finais do s\u00e9culo XVIII decorado com <em>chinoiserie.\u00a0<\/em>Comumente usado em salas de estar ou de jantar de ambientes palacianos.<\/p>\n","protected":false},"excerpt":{"rendered":"<p>Per\u00edodo: Final do s\u00e9culo XVIII Dimens\u00f5es: 84 x 224 cm Painel Neocl\u00e1ssico dos finais do s\u00e9culo XVIII decorado com chinoiserie.\u00a0Comumente usado em salas de estar ou de jantar de ambientes palacianos.<\/p>\n","protected":false},"featured_media":13798,"template":"","meta":{"_acf_changed":false},"product_brand":[],"product_cat":[35,41,33,34,47],"product_tag":[38],"class_list":{"0":"post-14029","1":"product","2":"type-product","3":"status-publish","4":"has-post-thumbnail","6":"product_cat-amarelos","7":"product_cat-41","8":"product_cat-azul-e-branco","9":"product_cat-manganes","10":"product_cat-xviii","11":"product_tag-paineis-figurativos","13":"first","14":"instock","15":"shipping-taxable","16":"product-type-simple"},"acf":[],"_links":{"self":[{"href":"https:\/\/doreytiles.pt\/pt-pt\/wp-json\/wp\/v2\/product\/14029","targetHints":{"allow":["GET"]}}],"collection":[{"href":"https:\/\/doreytiles.pt\/pt-pt\/wp-json\/wp\/v2\/product"}],"about":[{"href":"https:\/\/doreytiles.pt\/pt-pt\/wp-json\/wp\/v2\/types\/product"}],"wp:featuredmedia":[{"embeddable":true,"href":"https:\/\/doreytiles.pt\/pt-pt\/wp-json\/wp\/v2\/media\/13798"}],"wp:attachment":[{"href":"https:\/\/doreytiles.pt\/pt-pt\/wp-json\/wp\/v2\/media?parent=14029"}],"wp:term":[{"taxonomy":"product_brand","embeddable":true,"href":"https:\/\/doreytiles.pt\/pt-pt\/wp-json\/wp\/v2\/product_brand?post=14029"},{"taxonomy":"product_cat","embeddable":true,"href":"https:\/\/doreytiles.pt\/pt-pt\/wp-json\/wp\/v2\/product_cat?post=14029"},{"taxonomy":"product_tag","embeddable":true,"href":"https:\/\/doreytiles.pt\/pt-pt\/wp-json\/wp\/v2\/product_tag?post=14029"}],"curies":[{"name":"wp","href":"https:\/\/api.w.org\/{rel}","templated":true}]}}