{"id":14031,"date":"2025-11-19T14:59:57","date_gmt":"2025-11-19T14:59:57","guid":{"rendered":"https:\/\/doreytiles.pt\/?post_type=product&#038;p=14031"},"modified":"2025-11-20T17:24:44","modified_gmt":"2025-11-20T17:24:44","slug":"composicao-hispano-mourisca-de-alicatados-sec-xv-xvi","status":"publish","type":"product","link":"https:\/\/doreytiles.pt\/pt-pt\/product\/composicao-hispano-mourisca-de-alicatados-sec-xv-xvi\/","title":{"rendered":"Composi\u00e7\u00e3o Hispano-Mourisca de Alicatados, s\u00e9c. XV\/XVI"},"content":{"rendered":"<p>Per\u00edodo: Finais do s\u00e9culo XV, in\u00edcios do XVI<\/p>\n<pre><\/pre>\n<p>Dimens\u00f5es: 23 x 23 cm<\/p>\n<pre><\/pre>\n<p>Composi\u00e7\u00e3o Hispano-Mourisca de alicatados, t\u00e9cnica que predecessora do azulejo quadrangular.<\/p>\n","protected":false},"excerpt":{"rendered":"<p>Per\u00edodo: Finais do s\u00e9culo XV, in\u00edcios do XVI Dimens\u00f5es: 23 x 23 cm Composi\u00e7\u00e3o Hispano-Mourisca de alicatados, t\u00e9cnica que predecessora do azulejo quadrangular.<\/p>\n","protected":false},"featured_media":13732,"template":"","meta":{"_acf_changed":false},"product_brand":[],"product_cat":[42,35,33,34,49],"product_tag":[56],"class_list":{"0":"post-14031","1":"product","2":"type-product","3":"status-publish","4":"has-post-thumbnail","6":"product_cat-42","7":"product_cat-amarelos","8":"product_cat-azul-e-branco","9":"product_cat-manganes","10":"product_cat-xvi","11":"product_tag-hispano-mourisco","13":"first","14":"instock","15":"shipping-taxable","16":"product-type-simple"},"acf":[],"yoast_head":"<!-- This site is optimized with the Yoast SEO plugin v27.3 - https:\/\/yoast.com\/product\/yoast-seo-wordpress\/ -->\n<title>Composi\u00e7\u00e3o Hispano-Mourisca de Alicatados, s\u00e9c. XV\/XVI - D&#039;orey Tiles<\/title>\n<meta name=\"robots\" content=\"index, follow, max-snippet:-1, max-image-preview:large, max-video-preview:-1\" \/>\n<link rel=\"canonical\" href=\"https:\/\/doreytiles.pt\/pt-pt\/product\/composicao-hispano-mourisca-de-alicatados-sec-xv-xvi\/\" \/>\n<meta property=\"og:locale\" content=\"pt_PT\" \/>\n<meta property=\"og:type\" content=\"article\" \/>\n<meta property=\"og:title\" content=\"Composi\u00e7\u00e3o Hispano-Mourisca de Alicatados, s\u00e9c. XV\/XVI - D&#039;orey Tiles\" \/>\n<meta property=\"og:description\" content=\"Per\u00edodo: Finais do s\u00e9culo XV, in\u00edcios do XVI Dimens\u00f5es: 23 x 23 cm Composi\u00e7\u00e3o Hispano-Mourisca de alicatados, t\u00e9cnica que predecessora do azulejo quadrangular.\" \/>\n<meta property=\"og:url\" content=\"https:\/\/doreytiles.pt\/pt-pt\/product\/composicao-hispano-mourisca-de-alicatados-sec-xv-xvi\/\" \/>\n<meta property=\"og:site_name\" content=\"D&#039;orey Tiles\" \/>\n<meta property=\"article:publisher\" content=\"https:\/\/www.facebook.com\/doreyazulejos\" \/>\n<meta property=\"article:modified_time\" content=\"2025-11-20T17:24:44+00:00\" \/>\n<meta property=\"og:image\" content=\"https:\/\/doreytiles.pt\/wp-content\/uploads\/2025\/11\/IMG_9601.jpg\" \/>\n\t<meta property=\"og:image:width\" content=\"1720\" \/>\n\t<meta property=\"og:image:height\" content=\"1720\" \/>\n\t<meta property=\"og:image:type\" content=\"image\/jpeg\" \/>\n<meta name=\"twitter:card\" content=\"summary_large_image\" \/>\n<script type=\"application\/ld+json\" class=\"yoast-schema-graph\">{\"@context\":\"https:\\\/\\\/schema.org\",\"@graph\":[{\"@type\":\"WebPage\",\"@id\":\"https:\\\/\\\/doreytiles.pt\\\/pt-pt\\\/product\\\/composicao-hispano-mourisca-de-alicatados-sec-xv-xvi\\\/\",\"url\":\"https:\\\/\\\/doreytiles.pt\\\/pt-pt\\\/product\\\/composicao-hispano-mourisca-de-alicatados-sec-xv-xvi\\\/\",\"name\":\"Composi\u00e7\u00e3o Hispano-Mourisca de Alicatados, s\u00e9c. XV\\\/XVI - D&#039;orey Tiles\",\"isPartOf\":{\"@id\":\"https:\\\/\\\/doreytiles.pt\\\/#website\"},\"primaryImageOfPage\":{\"@id\":\"https:\\\/\\\/doreytiles.pt\\\/pt-pt\\\/product\\\/composicao-hispano-mourisca-de-alicatados-sec-xv-xvi\\\/#primaryimage\"},\"image\":{\"@id\":\"https:\\\/\\\/doreytiles.pt\\\/pt-pt\\\/product\\\/composicao-hispano-mourisca-de-alicatados-sec-xv-xvi\\\/#primaryimage\"},\"thumbnailUrl\":\"https:\\\/\\\/doreytiles.pt\\\/wp-content\\\/uploads\\\/2025\\\/11\\\/IMG_9601.jpg\",\"datePublished\":\"2025-11-19T14:59:57+00:00\",\"dateModified\":\"2025-11-20T17:24:44+00:00\",\"breadcrumb\":{\"@id\":\"https:\\\/\\\/doreytiles.pt\\\/pt-pt\\\/product\\\/composicao-hispano-mourisca-de-alicatados-sec-xv-xvi\\\/#breadcrumb\"},\"inLanguage\":\"pt-PT\",\"potentialAction\":[{\"@type\":\"ReadAction\",\"target\":[\"https:\\\/\\\/doreytiles.pt\\\/pt-pt\\\/product\\\/composicao-hispano-mourisca-de-alicatados-sec-xv-xvi\\\/\"]}]},{\"@type\":\"ImageObject\",\"inLanguage\":\"pt-PT\",\"@id\":\"https:\\\/\\\/doreytiles.pt\\\/pt-pt\\\/product\\\/composicao-hispano-mourisca-de-alicatados-sec-xv-xvi\\\/#primaryimage\",\"url\":\"https:\\\/\\\/doreytiles.pt\\\/wp-content\\\/uploads\\\/2025\\\/11\\\/IMG_9601.jpg\",\"contentUrl\":\"https:\\\/\\\/doreytiles.pt\\\/wp-content\\\/uploads\\\/2025\\\/11\\\/IMG_9601.jpg\",\"width\":1720,\"height\":1720},{\"@type\":\"BreadcrumbList\",\"@id\":\"https:\\\/\\\/doreytiles.pt\\\/pt-pt\\\/product\\\/composicao-hispano-mourisca-de-alicatados-sec-xv-xvi\\\/#breadcrumb\",\"itemListElement\":[{\"@type\":\"ListItem\",\"position\":1,\"name\":\"In\u00edcio\",\"item\":\"https:\\\/\\\/doreytiles.pt\\\/pt-pt\\\/\"},{\"@type\":\"ListItem\",\"position\":2,\"name\":\"Composi\u00e7\u00e3o Hispano-Mourisca de Alicatados, s\u00e9c. XV\\\/XVI\"}]},{\"@type\":\"WebSite\",\"@id\":\"https:\\\/\\\/doreytiles.pt\\\/#website\",\"url\":\"https:\\\/\\\/doreytiles.pt\\\/\",\"name\":\"D'orey Tiles\",\"description\":\"Each piece, a story, each pattern, a tradition.\",\"publisher\":{\"@id\":\"https:\\\/\\\/doreytiles.pt\\\/#organization\"},\"potentialAction\":[{\"@type\":\"SearchAction\",\"target\":{\"@type\":\"EntryPoint\",\"urlTemplate\":\"https:\\\/\\\/doreytiles.pt\\\/?s={search_term_string}\"},\"query-input\":{\"@type\":\"PropertyValueSpecification\",\"valueRequired\":true,\"valueName\":\"search_term_string\"}}],\"inLanguage\":\"pt-PT\"},{\"@type\":\"Organization\",\"@id\":\"https:\\\/\\\/doreytiles.pt\\\/#organization\",\"name\":\"D'orey Tiles\",\"url\":\"https:\\\/\\\/doreytiles.pt\\\/\",\"logo\":{\"@type\":\"ImageObject\",\"inLanguage\":\"pt-PT\",\"@id\":\"https:\\\/\\\/doreytiles.pt\\\/#\\\/schema\\\/logo\\\/image\\\/\",\"url\":\"https:\\\/\\\/doreytiles.pt\\\/wp-content\\\/uploads\\\/2026\\\/04\\\/logo-dorey.jpg\",\"contentUrl\":\"https:\\\/\\\/doreytiles.pt\\\/wp-content\\\/uploads\\\/2026\\\/04\\\/logo-dorey.jpg\",\"width\":1521,\"height\":961,\"caption\":\"D'orey Tiles\"},\"image\":{\"@id\":\"https:\\\/\\\/doreytiles.pt\\\/#\\\/schema\\\/logo\\\/image\\\/\"},\"sameAs\":[\"https:\\\/\\\/www.facebook.com\\\/doreyazulejos\",\"https:\\\/\\\/instagram.com\\\/doreytiles\"]}]}<\/script>\n<!-- \/ Yoast SEO plugin. -->","yoast_head_json":{"title":"Composi\u00e7\u00e3o Hispano-Mourisca de Alicatados, s\u00e9c. XV\/XVI - D&#039;orey Tiles","robots":{"index":"index","follow":"follow","max-snippet":"max-snippet:-1","max-image-preview":"max-image-preview:large","max-video-preview":"max-video-preview:-1"},"canonical":"https:\/\/doreytiles.pt\/pt-pt\/product\/composicao-hispano-mourisca-de-alicatados-sec-xv-xvi\/","og_locale":"pt_PT","og_type":"article","og_title":"Composi\u00e7\u00e3o Hispano-Mourisca de Alicatados, s\u00e9c. XV\/XVI - D&#039;orey Tiles","og_description":"Per\u00edodo: Finais do s\u00e9culo XV, in\u00edcios do XVI Dimens\u00f5es: 23 x 23 cm Composi\u00e7\u00e3o Hispano-Mourisca de alicatados, t\u00e9cnica que predecessora do azulejo quadrangular.","og_url":"https:\/\/doreytiles.pt\/pt-pt\/product\/composicao-hispano-mourisca-de-alicatados-sec-xv-xvi\/","og_site_name":"D&#039;orey Tiles","article_publisher":"https:\/\/www.facebook.com\/doreyazulejos","article_modified_time":"2025-11-20T17:24:44+00:00","og_image":[{"width":1720,"height":1720,"url":"https:\/\/doreytiles.pt\/wp-content\/uploads\/2025\/11\/IMG_9601.jpg","type":"image\/jpeg"}],"twitter_card":"summary_large_image","schema":{"@context":"https:\/\/schema.org","@graph":[{"@type":"WebPage","@id":"https:\/\/doreytiles.pt\/pt-pt\/product\/composicao-hispano-mourisca-de-alicatados-sec-xv-xvi\/","url":"https:\/\/doreytiles.pt\/pt-pt\/product\/composicao-hispano-mourisca-de-alicatados-sec-xv-xvi\/","name":"Composi\u00e7\u00e3o Hispano-Mourisca de Alicatados, s\u00e9c. XV\/XVI - D&#039;orey Tiles","isPartOf":{"@id":"https:\/\/doreytiles.pt\/#website"},"primaryImageOfPage":{"@id":"https:\/\/doreytiles.pt\/pt-pt\/product\/composicao-hispano-mourisca-de-alicatados-sec-xv-xvi\/#primaryimage"},"image":{"@id":"https:\/\/doreytiles.pt\/pt-pt\/product\/composicao-hispano-mourisca-de-alicatados-sec-xv-xvi\/#primaryimage"},"thumbnailUrl":"https:\/\/doreytiles.pt\/wp-content\/uploads\/2025\/11\/IMG_9601.jpg","datePublished":"2025-11-19T14:59:57+00:00","dateModified":"2025-11-20T17:24:44+00:00","breadcrumb":{"@id":"https:\/\/doreytiles.pt\/pt-pt\/product\/composicao-hispano-mourisca-de-alicatados-sec-xv-xvi\/#breadcrumb"},"inLanguage":"pt-PT","potentialAction":[{"@type":"ReadAction","target":["https:\/\/doreytiles.pt\/pt-pt\/product\/composicao-hispano-mourisca-de-alicatados-sec-xv-xvi\/"]}]},{"@type":"ImageObject","inLanguage":"pt-PT","@id":"https:\/\/doreytiles.pt\/pt-pt\/product\/composicao-hispano-mourisca-de-alicatados-sec-xv-xvi\/#primaryimage","url":"https:\/\/doreytiles.pt\/wp-content\/uploads\/2025\/11\/IMG_9601.jpg","contentUrl":"https:\/\/doreytiles.pt\/wp-content\/uploads\/2025\/11\/IMG_9601.jpg","width":1720,"height":1720},{"@type":"BreadcrumbList","@id":"https:\/\/doreytiles.pt\/pt-pt\/product\/composicao-hispano-mourisca-de-alicatados-sec-xv-xvi\/#breadcrumb","itemListElement":[{"@type":"ListItem","position":1,"name":"In\u00edcio","item":"https:\/\/doreytiles.pt\/pt-pt\/"},{"@type":"ListItem","position":2,"name":"Composi\u00e7\u00e3o Hispano-Mourisca de Alicatados, s\u00e9c. XV\/XVI"}]},{"@type":"WebSite","@id":"https:\/\/doreytiles.pt\/#website","url":"https:\/\/doreytiles.pt\/","name":"D'orey Tiles","description":"Each piece, a story, each pattern, a tradition.","publisher":{"@id":"https:\/\/doreytiles.pt\/#organization"},"potentialAction":[{"@type":"SearchAction","target":{"@type":"EntryPoint","urlTemplate":"https:\/\/doreytiles.pt\/?s={search_term_string}"},"query-input":{"@type":"PropertyValueSpecification","valueRequired":true,"valueName":"search_term_string"}}],"inLanguage":"pt-PT"},{"@type":"Organization","@id":"https:\/\/doreytiles.pt\/#organization","name":"D'orey Tiles","url":"https:\/\/doreytiles.pt\/","logo":{"@type":"ImageObject","inLanguage":"pt-PT","@id":"https:\/\/doreytiles.pt\/#\/schema\/logo\/image\/","url":"https:\/\/doreytiles.pt\/wp-content\/uploads\/2026\/04\/logo-dorey.jpg","contentUrl":"https:\/\/doreytiles.pt\/wp-content\/uploads\/2026\/04\/logo-dorey.jpg","width":1521,"height":961,"caption":"D'orey Tiles"},"image":{"@id":"https:\/\/doreytiles.pt\/#\/schema\/logo\/image\/"},"sameAs":["https:\/\/www.facebook.com\/doreyazulejos","https:\/\/instagram.com\/doreytiles"]}]}},"_links":{"self":[{"href":"https:\/\/doreytiles.pt\/pt-pt\/wp-json\/wp\/v2\/product\/14031","targetHints":{"allow":["GET"]}}],"collection":[{"href":"https:\/\/doreytiles.pt\/pt-pt\/wp-json\/wp\/v2\/product"}],"about":[{"href":"https:\/\/doreytiles.pt\/pt-pt\/wp-json\/wp\/v2\/types\/product"}],"wp:featuredmedia":[{"embeddable":true,"href":"https:\/\/doreytiles.pt\/pt-pt\/wp-json\/wp\/v2\/media\/13732"}],"wp:attachment":[{"href":"https:\/\/doreytiles.pt\/pt-pt\/wp-json\/wp\/v2\/media?parent=14031"}],"wp:term":[{"taxonomy":"product_brand","embeddable":true,"href":"https:\/\/doreytiles.pt\/pt-pt\/wp-json\/wp\/v2\/product_brand?post=14031"},{"taxonomy":"product_cat","embeddable":true,"href":"https:\/\/doreytiles.pt\/pt-pt\/wp-json\/wp\/v2\/product_cat?post=14031"},{"taxonomy":"product_tag","embeddable":true,"href":"https:\/\/doreytiles.pt\/pt-pt\/wp-json\/wp\/v2\/product_tag?post=14031"}],"curies":[{"name":"wp","href":"https:\/\/api.w.org\/{rel}","templated":true}]}}