{"id":14035,"date":"2025-11-19T15:10:11","date_gmt":"2025-11-19T15:10:11","guid":{"rendered":"https:\/\/doreytiles.pt\/?post_type=product&#038;p=14035"},"modified":"2025-11-20T17:23:48","modified_gmt":"2025-11-20T17:23:48","slug":"estatua-comercio-fabrica-das-devezas-porto-sec-xix","status":"publish","type":"product","link":"https:\/\/doreytiles.pt\/pt-pt\/product\/estatua-comercio-fabrica-das-devezas-porto-sec-xix\/","title":{"rendered":"Est\u00e1tua &#8220;Com\u00e9rcio&#8221;, F\u00e1brica das Devezas, Porto, s\u00e9c. XIX"},"content":{"rendered":"<p>Per\u00edodo: S\u00e9culo XIX<\/p>\n<pre><\/pre>\n<p>Dimens\u00f5es: 100 cm de altura<\/p>\n<pre><\/pre>\n<p>Est\u00e1tua representativa do &#8220;Com\u00e9rcio&#8221;, produzida em faian\u00e7a vidrada na f\u00e1brica das Devezas na regi\u00e3o do Porto nos meados do s\u00e9culo XIX.<\/p>\n","protected":false},"excerpt":{"rendered":"<p>Per\u00edodo: S\u00e9culo XIX Dimens\u00f5es: 100 cm de altura Est\u00e1tua representativa do &#8220;Com\u00e9rcio&#8221;, produzida em faian\u00e7a vidrada na f\u00e1brica das Devezas na regi\u00e3o do Porto nos meados do s\u00e9culo XIX.<\/p>\n","protected":false},"featured_media":13746,"template":"","meta":{"_acf_changed":false},"product_brand":[],"product_cat":[48,42],"product_tag":[59],"class_list":{"0":"post-14035","1":"product","2":"type-product","3":"status-publish","4":"has-post-thumbnail","6":"product_cat-xix","7":"product_cat-42","8":"product_tag-faianca","10":"first","11":"instock","12":"shipping-taxable","13":"product-type-simple"},"acf":[],"yoast_head":"<!-- This site is optimized with the Yoast SEO plugin v27.3 - https:\/\/yoast.com\/product\/yoast-seo-wordpress\/ -->\n<title>Est\u00e1tua &quot;Com\u00e9rcio&quot;, F\u00e1brica das Devezas, Porto, s\u00e9c. XIX - D&#039;orey Tiles<\/title>\n<meta name=\"robots\" content=\"index, follow, max-snippet:-1, max-image-preview:large, max-video-preview:-1\" \/>\n<link rel=\"canonical\" href=\"https:\/\/doreytiles.pt\/pt-pt\/product\/estatua-comercio-fabrica-das-devezas-porto-sec-xix\/\" \/>\n<meta property=\"og:locale\" content=\"pt_PT\" \/>\n<meta property=\"og:type\" content=\"article\" \/>\n<meta property=\"og:title\" content=\"Est\u00e1tua &quot;Com\u00e9rcio&quot;, F\u00e1brica das Devezas, Porto, s\u00e9c. XIX - D&#039;orey Tiles\" \/>\n<meta property=\"og:description\" content=\"Per\u00edodo: S\u00e9culo XIX Dimens\u00f5es: 100 cm de altura Est\u00e1tua representativa do &#8220;Com\u00e9rcio&#8221;, produzida em faian\u00e7a vidrada na f\u00e1brica das Devezas na regi\u00e3o do Porto nos meados do s\u00e9culo XIX.\" \/>\n<meta property=\"og:url\" content=\"https:\/\/doreytiles.pt\/pt-pt\/product\/estatua-comercio-fabrica-das-devezas-porto-sec-xix\/\" \/>\n<meta property=\"og:site_name\" content=\"D&#039;orey Tiles\" \/>\n<meta property=\"article:publisher\" content=\"https:\/\/www.facebook.com\/doreyazulejos\" \/>\n<meta property=\"article:modified_time\" content=\"2025-11-20T17:23:48+00:00\" \/>\n<meta property=\"og:image\" content=\"https:\/\/doreytiles.pt\/wp-content\/uploads\/2025\/11\/IMG_9638.jpg\" \/>\n\t<meta property=\"og:image:width\" content=\"1720\" \/>\n\t<meta property=\"og:image:height\" content=\"1720\" \/>\n\t<meta property=\"og:image:type\" content=\"image\/jpeg\" \/>\n<meta name=\"twitter:card\" content=\"summary_large_image\" \/>\n<script type=\"application\/ld+json\" class=\"yoast-schema-graph\">{\"@context\":\"https:\\\/\\\/schema.org\",\"@graph\":[{\"@type\":\"WebPage\",\"@id\":\"https:\\\/\\\/doreytiles.pt\\\/pt-pt\\\/product\\\/estatua-comercio-fabrica-das-devezas-porto-sec-xix\\\/\",\"url\":\"https:\\\/\\\/doreytiles.pt\\\/pt-pt\\\/product\\\/estatua-comercio-fabrica-das-devezas-porto-sec-xix\\\/\",\"name\":\"Est\u00e1tua \\\"Com\u00e9rcio\\\", F\u00e1brica das Devezas, Porto, s\u00e9c. XIX - D&#039;orey Tiles\",\"isPartOf\":{\"@id\":\"https:\\\/\\\/doreytiles.pt\\\/#website\"},\"primaryImageOfPage\":{\"@id\":\"https:\\\/\\\/doreytiles.pt\\\/pt-pt\\\/product\\\/estatua-comercio-fabrica-das-devezas-porto-sec-xix\\\/#primaryimage\"},\"image\":{\"@id\":\"https:\\\/\\\/doreytiles.pt\\\/pt-pt\\\/product\\\/estatua-comercio-fabrica-das-devezas-porto-sec-xix\\\/#primaryimage\"},\"thumbnailUrl\":\"https:\\\/\\\/doreytiles.pt\\\/wp-content\\\/uploads\\\/2025\\\/11\\\/IMG_9638.jpg\",\"datePublished\":\"2025-11-19T15:10:11+00:00\",\"dateModified\":\"2025-11-20T17:23:48+00:00\",\"breadcrumb\":{\"@id\":\"https:\\\/\\\/doreytiles.pt\\\/pt-pt\\\/product\\\/estatua-comercio-fabrica-das-devezas-porto-sec-xix\\\/#breadcrumb\"},\"inLanguage\":\"pt-PT\",\"potentialAction\":[{\"@type\":\"ReadAction\",\"target\":[\"https:\\\/\\\/doreytiles.pt\\\/pt-pt\\\/product\\\/estatua-comercio-fabrica-das-devezas-porto-sec-xix\\\/\"]}]},{\"@type\":\"ImageObject\",\"inLanguage\":\"pt-PT\",\"@id\":\"https:\\\/\\\/doreytiles.pt\\\/pt-pt\\\/product\\\/estatua-comercio-fabrica-das-devezas-porto-sec-xix\\\/#primaryimage\",\"url\":\"https:\\\/\\\/doreytiles.pt\\\/wp-content\\\/uploads\\\/2025\\\/11\\\/IMG_9638.jpg\",\"contentUrl\":\"https:\\\/\\\/doreytiles.pt\\\/wp-content\\\/uploads\\\/2025\\\/11\\\/IMG_9638.jpg\",\"width\":1720,\"height\":1720},{\"@type\":\"BreadcrumbList\",\"@id\":\"https:\\\/\\\/doreytiles.pt\\\/pt-pt\\\/product\\\/estatua-comercio-fabrica-das-devezas-porto-sec-xix\\\/#breadcrumb\",\"itemListElement\":[{\"@type\":\"ListItem\",\"position\":1,\"name\":\"In\u00edcio\",\"item\":\"https:\\\/\\\/doreytiles.pt\\\/pt-pt\\\/\"},{\"@type\":\"ListItem\",\"position\":2,\"name\":\"Est\u00e1tua &#8220;Com\u00e9rcio&#8221;, F\u00e1brica das Devezas, Porto, s\u00e9c. XIX\"}]},{\"@type\":\"WebSite\",\"@id\":\"https:\\\/\\\/doreytiles.pt\\\/#website\",\"url\":\"https:\\\/\\\/doreytiles.pt\\\/\",\"name\":\"D'orey Tiles\",\"description\":\"Each piece, a story, each pattern, a tradition.\",\"publisher\":{\"@id\":\"https:\\\/\\\/doreytiles.pt\\\/#organization\"},\"potentialAction\":[{\"@type\":\"SearchAction\",\"target\":{\"@type\":\"EntryPoint\",\"urlTemplate\":\"https:\\\/\\\/doreytiles.pt\\\/?s={search_term_string}\"},\"query-input\":{\"@type\":\"PropertyValueSpecification\",\"valueRequired\":true,\"valueName\":\"search_term_string\"}}],\"inLanguage\":\"pt-PT\"},{\"@type\":\"Organization\",\"@id\":\"https:\\\/\\\/doreytiles.pt\\\/#organization\",\"name\":\"D'orey Tiles\",\"url\":\"https:\\\/\\\/doreytiles.pt\\\/\",\"logo\":{\"@type\":\"ImageObject\",\"inLanguage\":\"pt-PT\",\"@id\":\"https:\\\/\\\/doreytiles.pt\\\/#\\\/schema\\\/logo\\\/image\\\/\",\"url\":\"https:\\\/\\\/doreytiles.pt\\\/wp-content\\\/uploads\\\/2026\\\/04\\\/logo-dorey.jpg\",\"contentUrl\":\"https:\\\/\\\/doreytiles.pt\\\/wp-content\\\/uploads\\\/2026\\\/04\\\/logo-dorey.jpg\",\"width\":1521,\"height\":961,\"caption\":\"D'orey Tiles\"},\"image\":{\"@id\":\"https:\\\/\\\/doreytiles.pt\\\/#\\\/schema\\\/logo\\\/image\\\/\"},\"sameAs\":[\"https:\\\/\\\/www.facebook.com\\\/doreyazulejos\",\"https:\\\/\\\/instagram.com\\\/doreytiles\"]}]}<\/script>\n<!-- \/ Yoast SEO plugin. -->","yoast_head_json":{"title":"Est\u00e1tua \"Com\u00e9rcio\", F\u00e1brica das Devezas, Porto, s\u00e9c. XIX - D&#039;orey Tiles","robots":{"index":"index","follow":"follow","max-snippet":"max-snippet:-1","max-image-preview":"max-image-preview:large","max-video-preview":"max-video-preview:-1"},"canonical":"https:\/\/doreytiles.pt\/pt-pt\/product\/estatua-comercio-fabrica-das-devezas-porto-sec-xix\/","og_locale":"pt_PT","og_type":"article","og_title":"Est\u00e1tua \"Com\u00e9rcio\", F\u00e1brica das Devezas, Porto, s\u00e9c. XIX - D&#039;orey Tiles","og_description":"Per\u00edodo: S\u00e9culo XIX Dimens\u00f5es: 100 cm de altura Est\u00e1tua representativa do &#8220;Com\u00e9rcio&#8221;, produzida em faian\u00e7a vidrada na f\u00e1brica das Devezas na regi\u00e3o do Porto nos meados do s\u00e9culo XIX.","og_url":"https:\/\/doreytiles.pt\/pt-pt\/product\/estatua-comercio-fabrica-das-devezas-porto-sec-xix\/","og_site_name":"D&#039;orey Tiles","article_publisher":"https:\/\/www.facebook.com\/doreyazulejos","article_modified_time":"2025-11-20T17:23:48+00:00","og_image":[{"width":1720,"height":1720,"url":"https:\/\/doreytiles.pt\/wp-content\/uploads\/2025\/11\/IMG_9638.jpg","type":"image\/jpeg"}],"twitter_card":"summary_large_image","schema":{"@context":"https:\/\/schema.org","@graph":[{"@type":"WebPage","@id":"https:\/\/doreytiles.pt\/pt-pt\/product\/estatua-comercio-fabrica-das-devezas-porto-sec-xix\/","url":"https:\/\/doreytiles.pt\/pt-pt\/product\/estatua-comercio-fabrica-das-devezas-porto-sec-xix\/","name":"Est\u00e1tua \"Com\u00e9rcio\", F\u00e1brica das Devezas, Porto, s\u00e9c. XIX - D&#039;orey Tiles","isPartOf":{"@id":"https:\/\/doreytiles.pt\/#website"},"primaryImageOfPage":{"@id":"https:\/\/doreytiles.pt\/pt-pt\/product\/estatua-comercio-fabrica-das-devezas-porto-sec-xix\/#primaryimage"},"image":{"@id":"https:\/\/doreytiles.pt\/pt-pt\/product\/estatua-comercio-fabrica-das-devezas-porto-sec-xix\/#primaryimage"},"thumbnailUrl":"https:\/\/doreytiles.pt\/wp-content\/uploads\/2025\/11\/IMG_9638.jpg","datePublished":"2025-11-19T15:10:11+00:00","dateModified":"2025-11-20T17:23:48+00:00","breadcrumb":{"@id":"https:\/\/doreytiles.pt\/pt-pt\/product\/estatua-comercio-fabrica-das-devezas-porto-sec-xix\/#breadcrumb"},"inLanguage":"pt-PT","potentialAction":[{"@type":"ReadAction","target":["https:\/\/doreytiles.pt\/pt-pt\/product\/estatua-comercio-fabrica-das-devezas-porto-sec-xix\/"]}]},{"@type":"ImageObject","inLanguage":"pt-PT","@id":"https:\/\/doreytiles.pt\/pt-pt\/product\/estatua-comercio-fabrica-das-devezas-porto-sec-xix\/#primaryimage","url":"https:\/\/doreytiles.pt\/wp-content\/uploads\/2025\/11\/IMG_9638.jpg","contentUrl":"https:\/\/doreytiles.pt\/wp-content\/uploads\/2025\/11\/IMG_9638.jpg","width":1720,"height":1720},{"@type":"BreadcrumbList","@id":"https:\/\/doreytiles.pt\/pt-pt\/product\/estatua-comercio-fabrica-das-devezas-porto-sec-xix\/#breadcrumb","itemListElement":[{"@type":"ListItem","position":1,"name":"In\u00edcio","item":"https:\/\/doreytiles.pt\/pt-pt\/"},{"@type":"ListItem","position":2,"name":"Est\u00e1tua &#8220;Com\u00e9rcio&#8221;, F\u00e1brica das Devezas, Porto, s\u00e9c. XIX"}]},{"@type":"WebSite","@id":"https:\/\/doreytiles.pt\/#website","url":"https:\/\/doreytiles.pt\/","name":"D'orey Tiles","description":"Each piece, a story, each pattern, a tradition.","publisher":{"@id":"https:\/\/doreytiles.pt\/#organization"},"potentialAction":[{"@type":"SearchAction","target":{"@type":"EntryPoint","urlTemplate":"https:\/\/doreytiles.pt\/?s={search_term_string}"},"query-input":{"@type":"PropertyValueSpecification","valueRequired":true,"valueName":"search_term_string"}}],"inLanguage":"pt-PT"},{"@type":"Organization","@id":"https:\/\/doreytiles.pt\/#organization","name":"D'orey Tiles","url":"https:\/\/doreytiles.pt\/","logo":{"@type":"ImageObject","inLanguage":"pt-PT","@id":"https:\/\/doreytiles.pt\/#\/schema\/logo\/image\/","url":"https:\/\/doreytiles.pt\/wp-content\/uploads\/2026\/04\/logo-dorey.jpg","contentUrl":"https:\/\/doreytiles.pt\/wp-content\/uploads\/2026\/04\/logo-dorey.jpg","width":1521,"height":961,"caption":"D'orey Tiles"},"image":{"@id":"https:\/\/doreytiles.pt\/#\/schema\/logo\/image\/"},"sameAs":["https:\/\/www.facebook.com\/doreyazulejos","https:\/\/instagram.com\/doreytiles"]}]}},"_links":{"self":[{"href":"https:\/\/doreytiles.pt\/pt-pt\/wp-json\/wp\/v2\/product\/14035","targetHints":{"allow":["GET"]}}],"collection":[{"href":"https:\/\/doreytiles.pt\/pt-pt\/wp-json\/wp\/v2\/product"}],"about":[{"href":"https:\/\/doreytiles.pt\/pt-pt\/wp-json\/wp\/v2\/types\/product"}],"wp:featuredmedia":[{"embeddable":true,"href":"https:\/\/doreytiles.pt\/pt-pt\/wp-json\/wp\/v2\/media\/13746"}],"wp:attachment":[{"href":"https:\/\/doreytiles.pt\/pt-pt\/wp-json\/wp\/v2\/media?parent=14035"}],"wp:term":[{"taxonomy":"product_brand","embeddable":true,"href":"https:\/\/doreytiles.pt\/pt-pt\/wp-json\/wp\/v2\/product_brand?post=14035"},{"taxonomy":"product_cat","embeddable":true,"href":"https:\/\/doreytiles.pt\/pt-pt\/wp-json\/wp\/v2\/product_cat?post=14035"},{"taxonomy":"product_tag","embeddable":true,"href":"https:\/\/doreytiles.pt\/pt-pt\/wp-json\/wp\/v2\/product_tag?post=14035"}],"curies":[{"name":"wp","href":"https:\/\/api.w.org\/{rel}","templated":true}]}}