{"id":14042,"date":"2025-11-20T11:10:20","date_gmt":"2025-11-20T11:10:20","guid":{"rendered":"https:\/\/doreytiles.pt\/?post_type=product&#038;p=14042"},"modified":"2025-11-20T17:22:52","modified_gmt":"2025-11-20T17:22:52","slug":"placas-com-cenas-do-quotidiano-espanha-sec-xx","status":"publish","type":"product","link":"https:\/\/doreytiles.pt\/pt-pt\/product\/placas-com-cenas-do-quotidiano-espanha-sec-xx\/","title":{"rendered":"Placas com cenas do quotidiano, Espanha, s\u00e9c. XX"},"content":{"rendered":"<p>Per\u00edodo: S\u00e9culo XX<\/p>\n<pre><\/pre>\n<p>Dimens\u00f5es: 31 x 31 cm<\/p>\n<pre><\/pre>\n<p>Placas espanholas do s\u00e9culo XX com cenas do quotidiano aristocr\u00e1tico.<\/p>\n","protected":false},"excerpt":{"rendered":"<p>Per\u00edodo: S\u00e9culo XX Dimens\u00f5es: 31 x 31 cm Placas espanholas do s\u00e9culo XX com cenas do quotidiano aristocr\u00e1tico.<\/p>\n","protected":false},"featured_media":13904,"template":"","meta":{"_acf_changed":false},"product_brand":[],"product_cat":[35,44,33,34,50],"product_tag":[58],"class_list":{"0":"post-14042","1":"product","2":"type-product","3":"status-publish","4":"has-post-thumbnail","6":"product_cat-amarelos","7":"product_cat-44","8":"product_cat-azul-e-branco","9":"product_cat-manganes","10":"product_cat-xx","11":"product_tag-pecas-de-colecao","13":"first","14":"instock","15":"shipping-taxable","16":"product-type-simple"},"acf":[],"_links":{"self":[{"href":"https:\/\/doreytiles.pt\/pt-pt\/wp-json\/wp\/v2\/product\/14042","targetHints":{"allow":["GET"]}}],"collection":[{"href":"https:\/\/doreytiles.pt\/pt-pt\/wp-json\/wp\/v2\/product"}],"about":[{"href":"https:\/\/doreytiles.pt\/pt-pt\/wp-json\/wp\/v2\/types\/product"}],"wp:featuredmedia":[{"embeddable":true,"href":"https:\/\/doreytiles.pt\/pt-pt\/wp-json\/wp\/v2\/media\/13904"}],"wp:attachment":[{"href":"https:\/\/doreytiles.pt\/pt-pt\/wp-json\/wp\/v2\/media?parent=14042"}],"wp:term":[{"taxonomy":"product_brand","embeddable":true,"href":"https:\/\/doreytiles.pt\/pt-pt\/wp-json\/wp\/v2\/product_brand?post=14042"},{"taxonomy":"product_cat","embeddable":true,"href":"https:\/\/doreytiles.pt\/pt-pt\/wp-json\/wp\/v2\/product_cat?post=14042"},{"taxonomy":"product_tag","embeddable":true,"href":"https:\/\/doreytiles.pt\/pt-pt\/wp-json\/wp\/v2\/product_tag?post=14042"}],"curies":[{"name":"wp","href":"https:\/\/api.w.org\/{rel}","templated":true}]}}