{"id":14086,"date":"2025-11-27T10:41:22","date_gmt":"2025-11-27T10:41:22","guid":{"rendered":"https:\/\/doreytiles.pt\/?post_type=product&#038;p=14086"},"modified":"2025-11-27T19:54:27","modified_gmt":"2025-11-27T19:54:27","slug":"jarra-com-peixes-bordalo-pinheiro-sec-xix","status":"publish","type":"product","link":"https:\/\/doreytiles.pt\/pt-pt\/product\/jarra-com-peixes-bordalo-pinheiro-sec-xix\/","title":{"rendered":"Jarra com peixes, Bordalo Pinheiro, s\u00e9c. XIX"},"content":{"rendered":"<p>Per\u00edodo: S\u00e9culo XIX<\/p>\n<pre><\/pre>\n<p>Dimens\u00f5es: 30 cm altura<\/p>\n<pre><\/pre>\n<p>Jarra com peixes produzida na f\u00e1brica das Caldas da Rainha, nos finais do s\u00e9culo XIX.<\/p>\n","protected":false},"excerpt":{"rendered":"<p>Per\u00edodo: S\u00e9culo XIX Dimens\u00f5es: 30 cm altura Jarra com peixes produzida na f\u00e1brica das Caldas da Rainha, nos finais do s\u00e9culo XIX.<\/p>\n","protected":false},"featured_media":13882,"template":"","meta":{"_acf_changed":false},"product_brand":[],"product_cat":[29,42,33,34,48],"product_tag":[57,59],"class_list":{"0":"post-14086","1":"product","2":"type-product","3":"status-publish","4":"has-post-thumbnail","6":"product_cat-cor","7":"product_cat-42","8":"product_cat-azul-e-branco","9":"product_cat-manganes","10":"product_cat-xix","11":"product_tag-caldas-da-rainha","12":"product_tag-faianca","14":"first","15":"instock","16":"shipping-taxable","17":"product-type-simple"},"acf":[],"_links":{"self":[{"href":"https:\/\/doreytiles.pt\/pt-pt\/wp-json\/wp\/v2\/product\/14086","targetHints":{"allow":["GET"]}}],"collection":[{"href":"https:\/\/doreytiles.pt\/pt-pt\/wp-json\/wp\/v2\/product"}],"about":[{"href":"https:\/\/doreytiles.pt\/pt-pt\/wp-json\/wp\/v2\/types\/product"}],"wp:featuredmedia":[{"embeddable":true,"href":"https:\/\/doreytiles.pt\/pt-pt\/wp-json\/wp\/v2\/media\/13882"}],"wp:attachment":[{"href":"https:\/\/doreytiles.pt\/pt-pt\/wp-json\/wp\/v2\/media?parent=14086"}],"wp:term":[{"taxonomy":"product_brand","embeddable":true,"href":"https:\/\/doreytiles.pt\/pt-pt\/wp-json\/wp\/v2\/product_brand?post=14086"},{"taxonomy":"product_cat","embeddable":true,"href":"https:\/\/doreytiles.pt\/pt-pt\/wp-json\/wp\/v2\/product_cat?post=14086"},{"taxonomy":"product_tag","embeddable":true,"href":"https:\/\/doreytiles.pt\/pt-pt\/wp-json\/wp\/v2\/product_tag?post=14086"}],"curies":[{"name":"wp","href":"https:\/\/api.w.org\/{rel}","templated":true}]}}