{"id":14090,"date":"2025-11-27T11:09:55","date_gmt":"2025-11-27T11:09:55","guid":{"rendered":"https:\/\/doreytiles.pt\/?post_type=product&#038;p=14090"},"modified":"2025-11-27T19:54:06","modified_gmt":"2025-11-27T19:54:06","slug":"placa-de-teto-hispano-mourisca-sec-xv-xvi","status":"publish","type":"product","link":"https:\/\/doreytiles.pt\/pt-pt\/product\/placa-de-teto-hispano-mourisca-sec-xv-xvi\/","title":{"rendered":"Placa de Teto Hispano Mourisca, s\u00e9c. XV\/XVI"},"content":{"rendered":"<p>Per\u00edodo: Finais do s\u00e9culo XV, in\u00edcios do XVI<\/p>\n<pre><\/pre>\n<p>Dimens\u00f5es: 29 x 13 cm<\/p>\n<pre><\/pre>\n<p>Placa de teto hispano mourisca dos s\u00e9culos XV a XVI com representa\u00e7\u00e3o da concha de vieira, s\u00edmbolo de Santiago de Compostela.<\/p>\n","protected":false},"excerpt":{"rendered":"<p>Per\u00edodo: Finais do s\u00e9culo XV, in\u00edcios do XVI Dimens\u00f5es: 29 x 13 cm Placa de teto hispano mourisca dos s\u00e9culos XV a XVI com representa\u00e7\u00e3o da concha de vieira, s\u00edmbolo de Santiago de Compostela.<\/p>\n","protected":false},"featured_media":13736,"template":"","meta":{"_acf_changed":false},"product_brand":[],"product_cat":[35,42,49],"product_tag":[56],"class_list":{"0":"post-14090","1":"product","2":"type-product","3":"status-publish","4":"has-post-thumbnail","6":"product_cat-amarelos","7":"product_cat-42","8":"product_cat-xvi","9":"product_tag-hispano-mourisco","11":"first","12":"instock","13":"shipping-taxable","14":"product-type-simple"},"acf":[],"_links":{"self":[{"href":"https:\/\/doreytiles.pt\/pt-pt\/wp-json\/wp\/v2\/product\/14090","targetHints":{"allow":["GET"]}}],"collection":[{"href":"https:\/\/doreytiles.pt\/pt-pt\/wp-json\/wp\/v2\/product"}],"about":[{"href":"https:\/\/doreytiles.pt\/pt-pt\/wp-json\/wp\/v2\/types\/product"}],"wp:featuredmedia":[{"embeddable":true,"href":"https:\/\/doreytiles.pt\/pt-pt\/wp-json\/wp\/v2\/media\/13736"}],"wp:attachment":[{"href":"https:\/\/doreytiles.pt\/pt-pt\/wp-json\/wp\/v2\/media?parent=14090"}],"wp:term":[{"taxonomy":"product_brand","embeddable":true,"href":"https:\/\/doreytiles.pt\/pt-pt\/wp-json\/wp\/v2\/product_brand?post=14090"},{"taxonomy":"product_cat","embeddable":true,"href":"https:\/\/doreytiles.pt\/pt-pt\/wp-json\/wp\/v2\/product_cat?post=14090"},{"taxonomy":"product_tag","embeddable":true,"href":"https:\/\/doreytiles.pt\/pt-pt\/wp-json\/wp\/v2\/product_tag?post=14090"}],"curies":[{"name":"wp","href":"https:\/\/api.w.org\/{rel}","templated":true}]}}