{"id":14092,"date":"2025-11-27T11:28:51","date_gmt":"2025-11-27T11:28:51","guid":{"rendered":"https:\/\/doreytiles.pt\/?post_type=product&#038;p=14092"},"modified":"2025-11-27T19:53:54","modified_gmt":"2025-11-27T19:53:54","slug":"placa-hispano-mourisca-com-estrela-sec-xv-xvi","status":"publish","type":"product","link":"https:\/\/doreytiles.pt\/pt-pt\/product\/placa-hispano-mourisca-com-estrela-sec-xv-xvi\/","title":{"rendered":"Placa Hispano Mourisca com Estrela, s\u00e9c. XV\/XVI"},"content":{"rendered":"<p>Per\u00edodo: Finais do s\u00e9culo XV, in\u00edcios do XVI<\/p>\n<pre><\/pre>\n<p>Dimens\u00f5es: 28 x 11,5 cm<\/p>\n<pre><\/pre>\n<p>Placa hispano mourisca dos finais do s\u00e9culo XV, in\u00edcios do XVI, com representa\u00e7\u00e3o de estrela.<\/p>\n","protected":false},"excerpt":{"rendered":"<p>Per\u00edodo: Finais do s\u00e9culo XV, in\u00edcios do XVI Dimens\u00f5es: 28 x 11,5 cm Placa hispano mourisca dos finais do s\u00e9culo XV, in\u00edcios do XVI, com representa\u00e7\u00e3o de estrela.<\/p>\n","protected":false},"featured_media":13878,"template":"","meta":{"_acf_changed":false},"product_brand":[],"product_cat":[35,33,49],"product_tag":[56],"class_list":{"0":"post-14092","1":"product","2":"type-product","3":"status-publish","4":"has-post-thumbnail","6":"product_cat-amarelos","7":"product_cat-azul-e-branco","8":"product_cat-xvi","9":"product_tag-hispano-mourisco","11":"first","12":"instock","13":"shipping-taxable","14":"product-type-simple"},"acf":[],"_links":{"self":[{"href":"https:\/\/doreytiles.pt\/pt-pt\/wp-json\/wp\/v2\/product\/14092","targetHints":{"allow":["GET"]}}],"collection":[{"href":"https:\/\/doreytiles.pt\/pt-pt\/wp-json\/wp\/v2\/product"}],"about":[{"href":"https:\/\/doreytiles.pt\/pt-pt\/wp-json\/wp\/v2\/types\/product"}],"wp:featuredmedia":[{"embeddable":true,"href":"https:\/\/doreytiles.pt\/pt-pt\/wp-json\/wp\/v2\/media\/13878"}],"wp:attachment":[{"href":"https:\/\/doreytiles.pt\/pt-pt\/wp-json\/wp\/v2\/media?parent=14092"}],"wp:term":[{"taxonomy":"product_brand","embeddable":true,"href":"https:\/\/doreytiles.pt\/pt-pt\/wp-json\/wp\/v2\/product_brand?post=14092"},{"taxonomy":"product_cat","embeddable":true,"href":"https:\/\/doreytiles.pt\/pt-pt\/wp-json\/wp\/v2\/product_cat?post=14092"},{"taxonomy":"product_tag","embeddable":true,"href":"https:\/\/doreytiles.pt\/pt-pt\/wp-json\/wp\/v2\/product_tag?post=14092"}],"curies":[{"name":"wp","href":"https:\/\/api.w.org\/{rel}","templated":true}]}}