{"id":14158,"date":"2025-12-04T15:57:10","date_gmt":"2025-12-04T15:57:10","guid":{"rendered":"https:\/\/doreytiles.pt\/?post_type=product&#038;p=14158"},"modified":"2026-04-15T15:22:28","modified_gmt":"2026-04-15T15:22:28","slug":"hunting-scene-18th-century","status":"publish","type":"product","link":"https:\/\/doreytiles.pt\/pt-pt\/product\/hunting-scene-18th-century\/","title":{"rendered":"Painel cena de ca\u00e7a, s\u00e9culo XVIII"},"content":{"rendered":"<p>Per\u00edodo: Final do s\u00e9culo XVIII<\/p>\n<pre><\/pre>\n<p>Dimens\u00f5es: 56 x 56 cm<\/p>\n<pre><\/pre>\n<p>Este painel do s\u00e9culo XVIII, apresenta uma cena de ca\u00e7a, uma atividade comum entre a alta aristocracia nesta \u00e9poca.<\/p>\n","protected":false},"excerpt":{"rendered":"<p>Per\u00edodo: Final do s\u00e9culo XVIII Dimens\u00f5es: 56 x 56 cm Este painel do s\u00e9culo XVIII, apresenta uma cena de ca\u00e7a, uma atividade comum entre a alta aristocracia nesta \u00e9poca.<\/p>\n","protected":false},"featured_media":13894,"template":"","meta":{"_acf_changed":false},"product_brand":[],"product_cat":[41,34,47],"product_tag":[],"class_list":{"0":"post-14158","1":"product","2":"type-product","3":"status-publish","4":"has-post-thumbnail","6":"product_cat-41","7":"product_cat-manganes","8":"product_cat-xviii","10":"first","11":"instock","12":"shipping-taxable","13":"product-type-simple"},"acf":[],"_links":{"self":[{"href":"https:\/\/doreytiles.pt\/pt-pt\/wp-json\/wp\/v2\/product\/14158","targetHints":{"allow":["GET"]}}],"collection":[{"href":"https:\/\/doreytiles.pt\/pt-pt\/wp-json\/wp\/v2\/product"}],"about":[{"href":"https:\/\/doreytiles.pt\/pt-pt\/wp-json\/wp\/v2\/types\/product"}],"wp:featuredmedia":[{"embeddable":true,"href":"https:\/\/doreytiles.pt\/pt-pt\/wp-json\/wp\/v2\/media\/13894"}],"wp:attachment":[{"href":"https:\/\/doreytiles.pt\/pt-pt\/wp-json\/wp\/v2\/media?parent=14158"}],"wp:term":[{"taxonomy":"product_brand","embeddable":true,"href":"https:\/\/doreytiles.pt\/pt-pt\/wp-json\/wp\/v2\/product_brand?post=14158"},{"taxonomy":"product_cat","embeddable":true,"href":"https:\/\/doreytiles.pt\/pt-pt\/wp-json\/wp\/v2\/product_cat?post=14158"},{"taxonomy":"product_tag","embeddable":true,"href":"https:\/\/doreytiles.pt\/pt-pt\/wp-json\/wp\/v2\/product_tag?post=14158"}],"curies":[{"name":"wp","href":"https:\/\/api.w.org\/{rel}","templated":true}]}}