{"id":14161,"date":"2025-12-04T16:18:05","date_gmt":"2025-12-04T16:18:05","guid":{"rendered":"https:\/\/doreytiles.pt\/?post_type=product&#038;p=14161"},"modified":"2025-12-05T15:03:35","modified_gmt":"2025-12-05T15:03:35","slug":"geometric-patthern-panel-7-17th-century","status":"publish","type":"product","link":"https:\/\/doreytiles.pt\/pt-pt\/product\/geometric-patthern-panel-7-17th-century\/","title":{"rendered":"Painel padr\u00e3o geom\u00e9trico (7), s\u00e9culo XVII"},"content":{"rendered":"<p>Per\u00edodo: segunda metade do s\u00e9culo XVII<\/p>\n<pre><\/pre>\n<p>Dimens\u00f5es: 56 x 56 cm<\/p>\n<pre><\/pre>\n<p>Painel de azulejos da segunda metade do\u00a0 s\u00e9culo XVII composto por padr\u00e3o geom\u00e9trico em azul sobre branco.<\/p>\n<p>&nbsp;<\/p>\n","protected":false},"excerpt":{"rendered":"<p>Per\u00edodo: segunda metade do s\u00e9culo XVII Dimens\u00f5es: 56 x 56 cm Painel de azulejos da segunda metade do\u00a0 s\u00e9culo XVII composto por padr\u00e3o geom\u00e9trico em azul sobre branco. &nbsp;<\/p>\n","protected":false},"featured_media":13862,"template":"","meta":{"_acf_changed":false},"product_brand":[],"product_cat":[41,33,46],"product_tag":[37],"class_list":{"0":"post-14161","1":"product","2":"type-product","3":"status-publish","4":"has-post-thumbnail","6":"product_cat-41","7":"product_cat-azul-e-branco","8":"product_cat-xvii","9":"product_tag-azulejo-padrao","11":"first","12":"instock","13":"shipping-taxable","14":"product-type-simple"},"acf":[],"_links":{"self":[{"href":"https:\/\/doreytiles.pt\/pt-pt\/wp-json\/wp\/v2\/product\/14161","targetHints":{"allow":["GET"]}}],"collection":[{"href":"https:\/\/doreytiles.pt\/pt-pt\/wp-json\/wp\/v2\/product"}],"about":[{"href":"https:\/\/doreytiles.pt\/pt-pt\/wp-json\/wp\/v2\/types\/product"}],"wp:featuredmedia":[{"embeddable":true,"href":"https:\/\/doreytiles.pt\/pt-pt\/wp-json\/wp\/v2\/media\/13862"}],"wp:attachment":[{"href":"https:\/\/doreytiles.pt\/pt-pt\/wp-json\/wp\/v2\/media?parent=14161"}],"wp:term":[{"taxonomy":"product_brand","embeddable":true,"href":"https:\/\/doreytiles.pt\/pt-pt\/wp-json\/wp\/v2\/product_brand?post=14161"},{"taxonomy":"product_cat","embeddable":true,"href":"https:\/\/doreytiles.pt\/pt-pt\/wp-json\/wp\/v2\/product_cat?post=14161"},{"taxonomy":"product_tag","embeddable":true,"href":"https:\/\/doreytiles.pt\/pt-pt\/wp-json\/wp\/v2\/product_tag?post=14161"}],"curies":[{"name":"wp","href":"https:\/\/api.w.org\/{rel}","templated":true}]}}