{"id":14169,"date":"2025-12-04T16:36:11","date_gmt":"2025-12-04T16:36:11","guid":{"rendered":"https:\/\/doreytiles.pt\/?post_type=product&#038;p=14169"},"modified":"2025-12-05T15:00:20","modified_gmt":"2025-12-05T15:00:20","slug":"neoclassical-style-representation-of-a-bird","status":"publish","type":"product","link":"https:\/\/doreytiles.pt\/pt-pt\/product\/neoclassical-style-representation-of-a-bird\/","title":{"rendered":"Representa\u00e7\u00e3o de P\u00e1ssaro ao estilo Neocl\u00e1ssico"},"content":{"rendered":"<p>Per\u00edodo: Final S\u00e9culo XVIII<\/p>\n<pre><\/pre>\n<p>Dimens\u00f5es: 126 <span class=\"a_GcMg font-feature-liga-off font-feature-clig-off font-feature-calt-off text-decoration-none text-strikethrough-none\">cm x 84 cm<\/span><\/p>\n<pre><\/pre>\n<p>Painel de azulejos com representa\u00e7\u00e3o de um p\u00e1ssaro, talvez um fais\u00e3o, decorado com grinalda de flores em tons de verdes, azuis e amarelos, rematado nas laterais com dois pequenos pain\u00e9is em mangan\u00eas de inspira\u00e7\u00e3o asi\u00e1tica.<\/p>\n","protected":false},"excerpt":{"rendered":"<p>Per\u00edodo: Final S\u00e9culo XVIII Dimens\u00f5es: 126 cm x 84 cm Painel de azulejos com representa\u00e7\u00e3o de um p\u00e1ssaro, talvez um fais\u00e3o, decorado com grinalda de flores em tons de verdes, azuis e amarelos, rematado nas laterais com dois pequenos pain\u00e9is em mangan\u00eas de inspira\u00e7\u00e3o asi\u00e1tica.<\/p>\n","protected":false},"featured_media":13794,"template":"","meta":{"_acf_changed":false},"product_brand":[],"product_cat":[41,35,33,34,47],"product_tag":[38],"class_list":{"0":"post-14169","1":"product","2":"type-product","3":"status-publish","4":"has-post-thumbnail","6":"product_cat-41","7":"product_cat-amarelos","8":"product_cat-azul-e-branco","9":"product_cat-manganes","10":"product_cat-xviii","11":"product_tag-paineis-figurativos","13":"first","14":"instock","15":"shipping-taxable","16":"product-type-simple"},"acf":[],"_links":{"self":[{"href":"https:\/\/doreytiles.pt\/pt-pt\/wp-json\/wp\/v2\/product\/14169","targetHints":{"allow":["GET"]}}],"collection":[{"href":"https:\/\/doreytiles.pt\/pt-pt\/wp-json\/wp\/v2\/product"}],"about":[{"href":"https:\/\/doreytiles.pt\/pt-pt\/wp-json\/wp\/v2\/types\/product"}],"wp:featuredmedia":[{"embeddable":true,"href":"https:\/\/doreytiles.pt\/pt-pt\/wp-json\/wp\/v2\/media\/13794"}],"wp:attachment":[{"href":"https:\/\/doreytiles.pt\/pt-pt\/wp-json\/wp\/v2\/media?parent=14169"}],"wp:term":[{"taxonomy":"product_brand","embeddable":true,"href":"https:\/\/doreytiles.pt\/pt-pt\/wp-json\/wp\/v2\/product_brand?post=14169"},{"taxonomy":"product_cat","embeddable":true,"href":"https:\/\/doreytiles.pt\/pt-pt\/wp-json\/wp\/v2\/product_cat?post=14169"},{"taxonomy":"product_tag","embeddable":true,"href":"https:\/\/doreytiles.pt\/pt-pt\/wp-json\/wp\/v2\/product_tag?post=14169"}],"curies":[{"name":"wp","href":"https:\/\/api.w.org\/{rel}","templated":true}]}}