{"id":14193,"date":"2025-12-04T16:10:49","date_gmt":"2025-12-04T16:10:49","guid":{"rendered":"https:\/\/doreytiles.pt\/product\/fonte-de-leao\/"},"modified":"2026-04-15T15:56:10","modified_gmt":"2026-04-15T15:56:10","slug":"fonte-de-leao","status":"publish","type":"product","link":"https:\/\/doreytiles.pt\/pt-pt\/product\/fonte-de-leao\/","title":{"rendered":"Fonte de le\u00e3o"},"content":{"rendered":"<p>Per\u00edodo: s\u00e9culo XX<\/p>\n<pre><\/pre>\n<p>Dimens\u00f5es: 29 x 29 cm <\/p>\n<pre><\/pre>\n<p>Fonte de le\u00e3o em faian\u00e7a branca vidrada<\/p>\n","protected":false},"excerpt":{"rendered":"<p>Per\u00edodo: s\u00e9culo XX Dimens\u00f5es: 29 x 29 cm Fonte de le\u00e3o em faian\u00e7a branca vidrada<\/p>\n","protected":false},"featured_media":13890,"template":"","meta":{"_acf_changed":false},"product_brand":[],"product_cat":[50],"product_tag":[60],"class_list":{"0":"post-14193","1":"product","2":"type-product","3":"status-publish","4":"has-post-thumbnail","6":"product_cat-xx","7":"product_tag-pedras","9":"first","10":"instock","11":"shipping-taxable","12":"product-type-simple"},"acf":[],"_links":{"self":[{"href":"https:\/\/doreytiles.pt\/pt-pt\/wp-json\/wp\/v2\/product\/14193","targetHints":{"allow":["GET"]}}],"collection":[{"href":"https:\/\/doreytiles.pt\/pt-pt\/wp-json\/wp\/v2\/product"}],"about":[{"href":"https:\/\/doreytiles.pt\/pt-pt\/wp-json\/wp\/v2\/types\/product"}],"wp:featuredmedia":[{"embeddable":true,"href":"https:\/\/doreytiles.pt\/pt-pt\/wp-json\/wp\/v2\/media\/13890"}],"wp:attachment":[{"href":"https:\/\/doreytiles.pt\/pt-pt\/wp-json\/wp\/v2\/media?parent=14193"}],"wp:term":[{"taxonomy":"product_brand","embeddable":true,"href":"https:\/\/doreytiles.pt\/pt-pt\/wp-json\/wp\/v2\/product_brand?post=14193"},{"taxonomy":"product_cat","embeddable":true,"href":"https:\/\/doreytiles.pt\/pt-pt\/wp-json\/wp\/v2\/product_cat?post=14193"},{"taxonomy":"product_tag","embeddable":true,"href":"https:\/\/doreytiles.pt\/pt-pt\/wp-json\/wp\/v2\/product_tag?post=14193"}],"curies":[{"name":"wp","href":"https:\/\/api.w.org\/{rel}","templated":true}]}}