{"id":14238,"date":"2025-12-12T12:40:59","date_gmt":"2025-12-12T12:40:59","guid":{"rendered":"https:\/\/doreytiles.pt\/?post_type=product&#038;p=14238"},"modified":"2025-12-12T12:50:36","modified_gmt":"2025-12-12T12:50:36","slug":"painel-neoclassico-busto-feminino","status":"publish","type":"product","link":"https:\/\/doreytiles.pt\/pt-pt\/product\/painel-neoclassico-busto-feminino\/","title":{"rendered":"Painel Neocl\u00e1ssico Busto Feminino"},"content":{"rendered":"<p>\u00c9poca: S\u00e9c. XVIII<\/p>\n<pre><\/pre>\n<p>Dimens\u00f5es: 168 x 84 cm<\/p>\n<pre><\/pre>\n<p>Painel neocl\u00e1ssico, segunda metade do s\u00e9c. XVIII, com busto feminino no centro, com p\u00e1ssaros e jarras de flor em tons de azul, amarelo e mangan\u00eas.<\/p>\n","protected":false},"excerpt":{"rendered":"<p>\u00c9poca: S\u00e9c. XVIII Dimens\u00f5es: 168 x 84 cm Painel neocl\u00e1ssico, segunda metade do s\u00e9c. XVIII, com busto feminino no centro, com p\u00e1ssaros e jarras de flor em tons de azul, amarelo e mangan\u00eas.<\/p>\n","protected":false},"featured_media":13776,"template":"","meta":{"_acf_changed":false},"product_brand":[],"product_cat":[41,35,33,34,47],"product_tag":[38],"class_list":{"0":"post-14238","1":"product","2":"type-product","3":"status-publish","4":"has-post-thumbnail","6":"product_cat-41","7":"product_cat-amarelos","8":"product_cat-azul-e-branco","9":"product_cat-manganes","10":"product_cat-xviii","11":"product_tag-paineis-figurativos","13":"first","14":"instock","15":"shipping-taxable","16":"product-type-simple"},"acf":[],"_links":{"self":[{"href":"https:\/\/doreytiles.pt\/pt-pt\/wp-json\/wp\/v2\/product\/14238","targetHints":{"allow":["GET"]}}],"collection":[{"href":"https:\/\/doreytiles.pt\/pt-pt\/wp-json\/wp\/v2\/product"}],"about":[{"href":"https:\/\/doreytiles.pt\/pt-pt\/wp-json\/wp\/v2\/types\/product"}],"wp:featuredmedia":[{"embeddable":true,"href":"https:\/\/doreytiles.pt\/pt-pt\/wp-json\/wp\/v2\/media\/13776"}],"wp:attachment":[{"href":"https:\/\/doreytiles.pt\/pt-pt\/wp-json\/wp\/v2\/media?parent=14238"}],"wp:term":[{"taxonomy":"product_brand","embeddable":true,"href":"https:\/\/doreytiles.pt\/pt-pt\/wp-json\/wp\/v2\/product_brand?post=14238"},{"taxonomy":"product_cat","embeddable":true,"href":"https:\/\/doreytiles.pt\/pt-pt\/wp-json\/wp\/v2\/product_cat?post=14238"},{"taxonomy":"product_tag","embeddable":true,"href":"https:\/\/doreytiles.pt\/pt-pt\/wp-json\/wp\/v2\/product_tag?post=14238"}],"curies":[{"name":"wp","href":"https:\/\/api.w.org\/{rel}","templated":true}]}}