{"id":14242,"date":"2025-12-12T13:03:04","date_gmt":"2025-12-12T13:03:04","guid":{"rendered":"https:\/\/doreytiles.pt\/?post_type=product&#038;p=14242"},"modified":"2025-12-12T13:08:11","modified_gmt":"2025-12-12T13:08:11","slug":"azulejo-hispano-mourisco-geometrico-sec-xv-xvi","status":"publish","type":"product","link":"https:\/\/doreytiles.pt\/pt-pt\/product\/azulejo-hispano-mourisco-geometrico-sec-xv-xvi\/","title":{"rendered":"Azulejo Hispano-Mourisco Geom\u00e9trico, s\u00e9c. XV\/XVI"},"content":{"rendered":"<p>\u00c9poca: S\u00e9c. XVI<\/p>\n<pre><\/pre>\n<p>Dimens\u00f5es: 14 x 14 cm<\/p>\n<pre><\/pre>\n<p>Raro azulejo hispano-mourisco dos finais do s\u00e9culo XV e in\u00edcios do XVI, com representa\u00e7\u00e3o geom\u00e9trica policrom\u00e1tica.<\/p>\n","protected":false},"excerpt":{"rendered":"<p>\u00c9poca: S\u00e9c. XVI Dimens\u00f5es: 14 x 14 cm Raro azulejo hispano-mourisco dos finais do s\u00e9culo XV e in\u00edcios do XVI, com representa\u00e7\u00e3o geom\u00e9trica policrom\u00e1tica.<\/p>\n","protected":false},"featured_media":13710,"template":"","meta":{"_acf_changed":false},"product_brand":[],"product_cat":[42,35,34,49],"product_tag":[56],"class_list":{"0":"post-14242","1":"product","2":"type-product","3":"status-publish","4":"has-post-thumbnail","6":"product_cat-42","7":"product_cat-amarelos","8":"product_cat-manganes","9":"product_cat-xvi","10":"product_tag-hispano-mourisco","12":"first","13":"instock","14":"shipping-taxable","15":"product-type-simple"},"acf":[],"_links":{"self":[{"href":"https:\/\/doreytiles.pt\/pt-pt\/wp-json\/wp\/v2\/product\/14242","targetHints":{"allow":["GET"]}}],"collection":[{"href":"https:\/\/doreytiles.pt\/pt-pt\/wp-json\/wp\/v2\/product"}],"about":[{"href":"https:\/\/doreytiles.pt\/pt-pt\/wp-json\/wp\/v2\/types\/product"}],"wp:featuredmedia":[{"embeddable":true,"href":"https:\/\/doreytiles.pt\/pt-pt\/wp-json\/wp\/v2\/media\/13710"}],"wp:attachment":[{"href":"https:\/\/doreytiles.pt\/pt-pt\/wp-json\/wp\/v2\/media?parent=14242"}],"wp:term":[{"taxonomy":"product_brand","embeddable":true,"href":"https:\/\/doreytiles.pt\/pt-pt\/wp-json\/wp\/v2\/product_brand?post=14242"},{"taxonomy":"product_cat","embeddable":true,"href":"https:\/\/doreytiles.pt\/pt-pt\/wp-json\/wp\/v2\/product_cat?post=14242"},{"taxonomy":"product_tag","embeddable":true,"href":"https:\/\/doreytiles.pt\/pt-pt\/wp-json\/wp\/v2\/product_tag?post=14242"}],"curies":[{"name":"wp","href":"https:\/\/api.w.org\/{rel}","templated":true}]}}