{"id":14295,"date":"2025-12-18T10:48:40","date_gmt":"2025-12-18T10:48:40","guid":{"rendered":"https:\/\/doreytiles.pt\/?post_type=product&#038;p=14295"},"modified":"2025-12-19T10:49:19","modified_gmt":"2025-12-19T10:49:19","slug":"quadra-hispano-mourisca-sec-xv-xvi-8","status":"publish","type":"product","link":"https:\/\/doreytiles.pt\/pt-pt\/product\/quadra-hispano-mourisca-sec-xv-xvi-8\/","title":{"rendered":"Quadra Hispano-Mourisca, s\u00e9c. XV\/XVI (8)"},"content":{"rendered":"<p>\u00c9poca: S\u00e9c. XV\/XVI<\/p>\n<pre><\/pre>\n<p>Dimens\u00f5es: 28 x 28 cm<\/p>\n<pre><\/pre>\n<p>Esta quadra hispano mourisca \u00e9 composta por azulejos que formam um motivo geom\u00e9trico\u00a0 em tons de azul, verde, castanho e amarelo. Os elementos decorativos remetem aos arabescos e \u00e0 est\u00e9tica da arte isl\u00e2mica, muito presente na Pen\u00ednsula Ib\u00e9rica. Dispon\u00edvel para criar diversos tamanhos de composi\u00e7\u00e3o.<\/p>\n","protected":false},"excerpt":{"rendered":"<p>\u00c9poca: S\u00e9c. XV\/XVI Dimens\u00f5es: 28 x 28 cm Esta quadra hispano mourisca \u00e9 composta por azulejos que formam um motivo geom\u00e9trico\u00a0 em tons de azul, verde, castanho e amarelo. Os elementos decorativos remetem aos arabescos e \u00e0 est\u00e9tica da arte isl\u00e2mica, muito presente na Pen\u00ednsula Ib\u00e9rica. Dispon\u00edvel para criar diversos tamanhos de composi\u00e7\u00e3o.<\/p>\n","protected":false},"featured_media":13714,"template":"","meta":{"_acf_changed":false},"product_brand":[],"product_cat":[42,35,33,34,49],"product_tag":[56],"class_list":{"0":"post-14295","1":"product","2":"type-product","3":"status-publish","4":"has-post-thumbnail","6":"product_cat-42","7":"product_cat-amarelos","8":"product_cat-azul-e-branco","9":"product_cat-manganes","10":"product_cat-xvi","11":"product_tag-hispano-mourisco","13":"first","14":"instock","15":"shipping-taxable","16":"product-type-simple"},"acf":[],"_links":{"self":[{"href":"https:\/\/doreytiles.pt\/pt-pt\/wp-json\/wp\/v2\/product\/14295","targetHints":{"allow":["GET"]}}],"collection":[{"href":"https:\/\/doreytiles.pt\/pt-pt\/wp-json\/wp\/v2\/product"}],"about":[{"href":"https:\/\/doreytiles.pt\/pt-pt\/wp-json\/wp\/v2\/types\/product"}],"wp:featuredmedia":[{"embeddable":true,"href":"https:\/\/doreytiles.pt\/pt-pt\/wp-json\/wp\/v2\/media\/13714"}],"wp:attachment":[{"href":"https:\/\/doreytiles.pt\/pt-pt\/wp-json\/wp\/v2\/media?parent=14295"}],"wp:term":[{"taxonomy":"product_brand","embeddable":true,"href":"https:\/\/doreytiles.pt\/pt-pt\/wp-json\/wp\/v2\/product_brand?post=14295"},{"taxonomy":"product_cat","embeddable":true,"href":"https:\/\/doreytiles.pt\/pt-pt\/wp-json\/wp\/v2\/product_cat?post=14295"},{"taxonomy":"product_tag","embeddable":true,"href":"https:\/\/doreytiles.pt\/pt-pt\/wp-json\/wp\/v2\/product_tag?post=14295"}],"curies":[{"name":"wp","href":"https:\/\/api.w.org\/{rel}","templated":true}]}}