{"id":14297,"date":"2025-12-18T10:53:15","date_gmt":"2025-12-18T10:53:15","guid":{"rendered":"https:\/\/doreytiles.pt\/?post_type=product&#038;p=14297"},"modified":"2025-12-19T10:48:22","modified_gmt":"2025-12-19T10:48:22","slug":"painel-rocaile-com-cena-galante-em-jardim","status":"publish","type":"product","link":"https:\/\/doreytiles.pt\/pt-pt\/product\/painel-rocaile-com-cena-galante-em-jardim\/","title":{"rendered":"Painel Rocaile com cena galante em jardim"},"content":{"rendered":"<p>\u00c9poca: S\u00e9c. XVIII<\/p>\n<pre><\/pre>\n<p>Dimens\u00f5es: 294x 84 cm<\/p>\n<pre><\/pre>\n<p>Painel Rocaile em tons de azul e cercadura em mangan\u00eas e amarelos, com representa\u00e7\u00e3o central de um casal num jardim, \u00e0 esquerda um menino com um c\u00e3o e na parte direita dois nobres conversam .<\/p>\n","protected":false},"excerpt":{"rendered":"<p>\u00c9poca: S\u00e9c. XVIII Dimens\u00f5es: 294x 84 cm Painel Rocaile em tons de azul e cercadura em mangan\u00eas e amarelos, com representa\u00e7\u00e3o central de um casal num jardim, \u00e0 esquerda um menino com um c\u00e3o e na parte direita dois nobres conversam .<\/p>\n","protected":false},"featured_media":13844,"template":"","meta":{"_acf_changed":false},"product_brand":[],"product_cat":[41,35,33,34,47],"product_tag":[38],"class_list":{"0":"post-14297","1":"product","2":"type-product","3":"status-publish","4":"has-post-thumbnail","6":"product_cat-41","7":"product_cat-amarelos","8":"product_cat-azul-e-branco","9":"product_cat-manganes","10":"product_cat-xviii","11":"product_tag-paineis-figurativos","13":"first","14":"instock","15":"shipping-taxable","16":"product-type-simple"},"acf":[],"_links":{"self":[{"href":"https:\/\/doreytiles.pt\/pt-pt\/wp-json\/wp\/v2\/product\/14297","targetHints":{"allow":["GET"]}}],"collection":[{"href":"https:\/\/doreytiles.pt\/pt-pt\/wp-json\/wp\/v2\/product"}],"about":[{"href":"https:\/\/doreytiles.pt\/pt-pt\/wp-json\/wp\/v2\/types\/product"}],"wp:featuredmedia":[{"embeddable":true,"href":"https:\/\/doreytiles.pt\/pt-pt\/wp-json\/wp\/v2\/media\/13844"}],"wp:attachment":[{"href":"https:\/\/doreytiles.pt\/pt-pt\/wp-json\/wp\/v2\/media?parent=14297"}],"wp:term":[{"taxonomy":"product_brand","embeddable":true,"href":"https:\/\/doreytiles.pt\/pt-pt\/wp-json\/wp\/v2\/product_brand?post=14297"},{"taxonomy":"product_cat","embeddable":true,"href":"https:\/\/doreytiles.pt\/pt-pt\/wp-json\/wp\/v2\/product_cat?post=14297"},{"taxonomy":"product_tag","embeddable":true,"href":"https:\/\/doreytiles.pt\/pt-pt\/wp-json\/wp\/v2\/product_tag?post=14297"}],"curies":[{"name":"wp","href":"https:\/\/api.w.org\/{rel}","templated":true}]}}