{"id":14299,"date":"2025-12-18T11:12:13","date_gmt":"2025-12-18T11:12:13","guid":{"rendered":"https:\/\/doreytiles.pt\/?post_type=product&#038;p=14299"},"modified":"2025-12-19T10:47:30","modified_gmt":"2025-12-19T10:47:30","slug":"composicao-de-azulejos-arte-tribal-africana-sec-xx","status":"publish","type":"product","link":"https:\/\/doreytiles.pt\/pt-pt\/product\/composicao-de-azulejos-arte-tribal-africana-sec-xx\/","title":{"rendered":"Composi\u00e7\u00e3o de Azulejos Arte Tribal Africana, s\u00e9c. XX"},"content":{"rendered":"<p>Per\u00edodo: S\u00e9culo XX &#8211; 1981<\/p>\n<pre><\/pre>\n<p>Dimens\u00f5es: 70 x 56 cm<\/p>\n<pre><\/pre>\n<p>Composi\u00e7\u00e3o de azulejos de inspira\u00e7\u00e3o em arte tribal africana.<\/p>\n<p>Autor: In\u00e1cio Matsinhe<\/p>\n","protected":false},"excerpt":{"rendered":"<p>Per\u00edodo: S\u00e9culo XX &#8211; 1981 Dimens\u00f5es: 70 x 56 cm Composi\u00e7\u00e3o de azulejos de inspira\u00e7\u00e3o em arte tribal africana. Autor: In\u00e1cio Matsinhe<\/p>\n","protected":false},"featured_media":13828,"template":"","meta":{"_acf_changed":false},"product_brand":[],"product_cat":[41,35,33,29,34,50],"product_tag":[61],"class_list":{"0":"post-14299","1":"product","2":"type-product","3":"status-publish","4":"has-post-thumbnail","6":"product_cat-41","7":"product_cat-amarelos","8":"product_cat-azul-e-branco","9":"product_cat-cor","10":"product_cat-manganes","11":"product_cat-xx","12":"product_tag-modernismo","14":"first","15":"instock","16":"shipping-taxable","17":"product-type-simple"},"acf":[],"_links":{"self":[{"href":"https:\/\/doreytiles.pt\/pt-pt\/wp-json\/wp\/v2\/product\/14299","targetHints":{"allow":["GET"]}}],"collection":[{"href":"https:\/\/doreytiles.pt\/pt-pt\/wp-json\/wp\/v2\/product"}],"about":[{"href":"https:\/\/doreytiles.pt\/pt-pt\/wp-json\/wp\/v2\/types\/product"}],"wp:featuredmedia":[{"embeddable":true,"href":"https:\/\/doreytiles.pt\/pt-pt\/wp-json\/wp\/v2\/media\/13828"}],"wp:attachment":[{"href":"https:\/\/doreytiles.pt\/pt-pt\/wp-json\/wp\/v2\/media?parent=14299"}],"wp:term":[{"taxonomy":"product_brand","embeddable":true,"href":"https:\/\/doreytiles.pt\/pt-pt\/wp-json\/wp\/v2\/product_brand?post=14299"},{"taxonomy":"product_cat","embeddable":true,"href":"https:\/\/doreytiles.pt\/pt-pt\/wp-json\/wp\/v2\/product_cat?post=14299"},{"taxonomy":"product_tag","embeddable":true,"href":"https:\/\/doreytiles.pt\/pt-pt\/wp-json\/wp\/v2\/product_tag?post=14299"}],"curies":[{"name":"wp","href":"https:\/\/api.w.org\/{rel}","templated":true}]}}