{"id":14303,"date":"2025-12-18T13:26:58","date_gmt":"2025-12-18T13:26:58","guid":{"rendered":"https:\/\/doreytiles.pt\/?post_type=product&#038;p=14303"},"modified":"2025-12-19T10:42:01","modified_gmt":"2025-12-19T10:42:01","slug":"painel-rocaile-com-nobres-em-ambiente-palaciano","status":"publish","type":"product","link":"https:\/\/doreytiles.pt\/pt-pt\/product\/painel-rocaile-com-nobres-em-ambiente-palaciano\/","title":{"rendered":"Painel Rocaile com nobres em ambiente palaciano"},"content":{"rendered":"<p>\u00c9poca: S\u00e9c. XVIII<\/p>\n<pre><\/pre>\n<p>Dimens\u00f5es: 210 x\u00a0 56 cm<\/p>\n<pre><\/pre>\n<p>Painel Rocaile em tons de azul e branco, com representa\u00e7\u00e3o de nobres em ambiente palaciano.<\/p>\n","protected":false},"excerpt":{"rendered":"<p>\u00c9poca: S\u00e9c. XVIII Dimens\u00f5es: 210 x\u00a0 56 cm Painel Rocaile em tons de azul e branco, com representa\u00e7\u00e3o de nobres em ambiente palaciano.<\/p>\n","protected":false},"featured_media":13900,"template":"","meta":{"_acf_changed":false},"product_brand":[],"product_cat":[41,33,47],"product_tag":[38],"class_list":{"0":"post-14303","1":"product","2":"type-product","3":"status-publish","4":"has-post-thumbnail","6":"product_cat-41","7":"product_cat-azul-e-branco","8":"product_cat-xviii","9":"product_tag-paineis-figurativos","11":"first","12":"instock","13":"shipping-taxable","14":"product-type-simple"},"acf":[],"_links":{"self":[{"href":"https:\/\/doreytiles.pt\/pt-pt\/wp-json\/wp\/v2\/product\/14303","targetHints":{"allow":["GET"]}}],"collection":[{"href":"https:\/\/doreytiles.pt\/pt-pt\/wp-json\/wp\/v2\/product"}],"about":[{"href":"https:\/\/doreytiles.pt\/pt-pt\/wp-json\/wp\/v2\/types\/product"}],"wp:featuredmedia":[{"embeddable":true,"href":"https:\/\/doreytiles.pt\/pt-pt\/wp-json\/wp\/v2\/media\/13900"}],"wp:attachment":[{"href":"https:\/\/doreytiles.pt\/pt-pt\/wp-json\/wp\/v2\/media?parent=14303"}],"wp:term":[{"taxonomy":"product_brand","embeddable":true,"href":"https:\/\/doreytiles.pt\/pt-pt\/wp-json\/wp\/v2\/product_brand?post=14303"},{"taxonomy":"product_cat","embeddable":true,"href":"https:\/\/doreytiles.pt\/pt-pt\/wp-json\/wp\/v2\/product_cat?post=14303"},{"taxonomy":"product_tag","embeddable":true,"href":"https:\/\/doreytiles.pt\/pt-pt\/wp-json\/wp\/v2\/product_tag?post=14303"}],"curies":[{"name":"wp","href":"https:\/\/api.w.org\/{rel}","templated":true}]}}