{"id":14325,"date":"2025-12-19T11:21:34","date_gmt":"2025-12-19T11:21:34","guid":{"rendered":"https:\/\/doreytiles.pt\/?post_type=product&#038;p=14325"},"modified":"2025-12-26T10:42:09","modified_gmt":"2025-12-26T10:42:09","slug":"painel-neoclassico-com-grinaldas-de-flores-sec-xviii","status":"publish","type":"product","link":"https:\/\/doreytiles.pt\/pt-pt\/product\/painel-neoclassico-com-grinaldas-de-flores-sec-xviii\/","title":{"rendered":"Painel Neocl\u00e1ssico com grinaldas de flores, S\u00e9c. XVIII"},"content":{"rendered":"<p>Per\u00edodo: Finais do s\u00e9culo XVIII, in\u00edcios do XIX<\/p>\n<pre><\/pre>\n<p>Dimens\u00f5es: 56 x 126 cm<\/p>\n<pre><\/pre>\n<p>Painel Neocl\u00e1ssico com grinalda de flores. Utilizado sobretudo na decora\u00e7\u00e3o de interiores e espa\u00e7os ajardinados.<\/p>\n","protected":false},"excerpt":{"rendered":"<p>Per\u00edodo: Finais do s\u00e9culo XVIII, in\u00edcios do XIX Dimens\u00f5es: 56 x 126 cm Painel Neocl\u00e1ssico com grinalda de flores. Utilizado sobretudo na decora\u00e7\u00e3o de interiores e espa\u00e7os ajardinados.<\/p>\n","protected":false},"featured_media":13892,"template":"","meta":{"_acf_changed":false},"product_brand":[],"product_cat":[41,35,33,34,47],"product_tag":[38],"class_list":{"0":"post-14325","1":"product","2":"type-product","3":"status-publish","4":"has-post-thumbnail","6":"product_cat-41","7":"product_cat-amarelos","8":"product_cat-azul-e-branco","9":"product_cat-manganes","10":"product_cat-xviii","11":"product_tag-paineis-figurativos","13":"first","14":"instock","15":"shipping-taxable","16":"product-type-simple"},"acf":[],"_links":{"self":[{"href":"https:\/\/doreytiles.pt\/pt-pt\/wp-json\/wp\/v2\/product\/14325","targetHints":{"allow":["GET"]}}],"collection":[{"href":"https:\/\/doreytiles.pt\/pt-pt\/wp-json\/wp\/v2\/product"}],"about":[{"href":"https:\/\/doreytiles.pt\/pt-pt\/wp-json\/wp\/v2\/types\/product"}],"wp:featuredmedia":[{"embeddable":true,"href":"https:\/\/doreytiles.pt\/pt-pt\/wp-json\/wp\/v2\/media\/13892"}],"wp:attachment":[{"href":"https:\/\/doreytiles.pt\/pt-pt\/wp-json\/wp\/v2\/media?parent=14325"}],"wp:term":[{"taxonomy":"product_brand","embeddable":true,"href":"https:\/\/doreytiles.pt\/pt-pt\/wp-json\/wp\/v2\/product_brand?post=14325"},{"taxonomy":"product_cat","embeddable":true,"href":"https:\/\/doreytiles.pt\/pt-pt\/wp-json\/wp\/v2\/product_cat?post=14325"},{"taxonomy":"product_tag","embeddable":true,"href":"https:\/\/doreytiles.pt\/pt-pt\/wp-json\/wp\/v2\/product_tag?post=14325"}],"curies":[{"name":"wp","href":"https:\/\/api.w.org\/{rel}","templated":true}]}}