{"id":1440,"date":"2025-06-01T20:30:44","date_gmt":"2025-06-01T20:30:44","guid":{"rendered":"https:\/\/doreytiles.pt\/?post_type=product&#038;p=1440"},"modified":"2025-07-03T09:10:05","modified_gmt":"2025-07-03T09:10:05","slug":"teste-1","status":"publish","type":"product","link":"https:\/\/doreytiles.pt\/pt-pt\/product\/teste-1\/","title":{"rendered":"Albarrada, Lucien Donnat &#038; Rog\u00e9rio Amaral"},"content":{"rendered":"<p>Per\u00edodo: S\u00e9c. XX<\/p>\n<pre><\/pre>\n<p>Dimens\u00f5es: 84cm x 98cm<\/p>\n<pre><\/pre>\n<p>Painel de azulejos concebido por Lucien Donnat, pintado por Rog\u00e9rio Amaral, na f\u00e1brica Sant\u2019Anna , representa um vaso estilizado de onde brotam ramos e flores, pintado em tons de vermelho-escuro sobre fundo claro. A composi\u00e7\u00e3o \u00e9 vertical e sim\u00e9trica, mantendo a tradi\u00e7\u00e3o das albarradas hist\u00f3ricas portuguesas, mas com linhas mais soltas e uma interpreta\u00e7\u00e3o mais gr\u00e1fica e moderna. Apesar da atualiza\u00e7\u00e3o no estilo, o painel conserva a refer\u00eancia cl\u00e1ssica ao motivo da abund\u00e2ncia e da natureza ordenada.<\/p>\n","protected":false},"excerpt":{"rendered":"<p>Per\u00edodo: S\u00e9c. XX Dimens\u00f5es: 84cm x 98cm Painel de azulejos concebido por Lucien Donnat, pintado por Rog\u00e9rio Amaral, na f\u00e1brica Sant\u2019Anna , representa um vaso estilizado de onde brotam ramos e flores, pintado em tons de vermelho-escuro sobre fundo claro. A composi\u00e7\u00e3o \u00e9 vertical e sim\u00e9trica, mantendo a tradi\u00e7\u00e3o das albarradas hist\u00f3ricas portuguesas, mas com [&hellip;]<\/p>\n","protected":false},"featured_media":3448,"template":"","meta":{"_acf_changed":false},"product_brand":[],"product_cat":[41,34,50],"product_tag":[53,61],"class_list":{"0":"post-1440","1":"product","2":"type-product","3":"status-publish","4":"has-post-thumbnail","6":"product_cat-41","7":"product_cat-manganes","8":"product_cat-xx","9":"product_tag-albarradas","10":"product_tag-modernismo","12":"first","13":"instock","14":"shipping-taxable","15":"product-type-simple"},"acf":[],"_links":{"self":[{"href":"https:\/\/doreytiles.pt\/pt-pt\/wp-json\/wp\/v2\/product\/1440","targetHints":{"allow":["GET"]}}],"collection":[{"href":"https:\/\/doreytiles.pt\/pt-pt\/wp-json\/wp\/v2\/product"}],"about":[{"href":"https:\/\/doreytiles.pt\/pt-pt\/wp-json\/wp\/v2\/types\/product"}],"wp:featuredmedia":[{"embeddable":true,"href":"https:\/\/doreytiles.pt\/pt-pt\/wp-json\/wp\/v2\/media\/3448"}],"wp:attachment":[{"href":"https:\/\/doreytiles.pt\/pt-pt\/wp-json\/wp\/v2\/media?parent=1440"}],"wp:term":[{"taxonomy":"product_brand","embeddable":true,"href":"https:\/\/doreytiles.pt\/pt-pt\/wp-json\/wp\/v2\/product_brand?post=1440"},{"taxonomy":"product_cat","embeddable":true,"href":"https:\/\/doreytiles.pt\/pt-pt\/wp-json\/wp\/v2\/product_cat?post=1440"},{"taxonomy":"product_tag","embeddable":true,"href":"https:\/\/doreytiles.pt\/pt-pt\/wp-json\/wp\/v2\/product_tag?post=1440"}],"curies":[{"name":"wp","href":"https:\/\/api.w.org\/{rel}","templated":true}]}}