{"id":14554,"date":"2025-12-24T11:24:54","date_gmt":"2025-12-24T11:24:54","guid":{"rendered":"https:\/\/doreytiles.pt\/?post_type=product&#038;p=14554"},"modified":"2025-12-26T10:41:55","modified_gmt":"2025-12-26T10:41:55","slug":"painel-neoclassico-com-urnas-e-flores-sec-xviii","status":"publish","type":"product","link":"https:\/\/doreytiles.pt\/pt-pt\/product\/painel-neoclassico-com-urnas-e-flores-sec-xviii\/","title":{"rendered":"Painel Neocl\u00e1ssico com urnas e flores, s\u00e9c. XVIII"},"content":{"rendered":"<p>Per\u00edodo: Finais do s\u00e9culo XVIII, in\u00edcios do XIX<\/p>\n<pre><\/pre>\n<p>Dimens\u00f5es: 84 x 70 cm<\/p>\n<pre><\/pre>\n<p>Painel neocl\u00e1ssico dos finais do s\u00e9culo XVIII, com representa\u00e7\u00e3o de urnas e grinalda de flores.<\/p>\n","protected":false},"excerpt":{"rendered":"<p>Per\u00edodo: Finais do s\u00e9culo XVIII, in\u00edcios do XIX Dimens\u00f5es: 84 x 70 cm Painel neocl\u00e1ssico dos finais do s\u00e9culo XVIII, com representa\u00e7\u00e3o de urnas e grinalda de flores.<\/p>\n","protected":false},"featured_media":13902,"template":"","meta":{"_acf_changed":false},"product_brand":[],"product_cat":[35,41,33,34,48,47],"product_tag":[38],"class_list":{"0":"post-14554","1":"product","2":"type-product","3":"status-publish","4":"has-post-thumbnail","6":"product_cat-amarelos","7":"product_cat-41","8":"product_cat-azul-e-branco","9":"product_cat-manganes","10":"product_cat-xix","11":"product_cat-xviii","12":"product_tag-paineis-figurativos","14":"first","15":"instock","16":"shipping-taxable","17":"product-type-simple"},"acf":[],"_links":{"self":[{"href":"https:\/\/doreytiles.pt\/pt-pt\/wp-json\/wp\/v2\/product\/14554","targetHints":{"allow":["GET"]}}],"collection":[{"href":"https:\/\/doreytiles.pt\/pt-pt\/wp-json\/wp\/v2\/product"}],"about":[{"href":"https:\/\/doreytiles.pt\/pt-pt\/wp-json\/wp\/v2\/types\/product"}],"wp:featuredmedia":[{"embeddable":true,"href":"https:\/\/doreytiles.pt\/pt-pt\/wp-json\/wp\/v2\/media\/13902"}],"wp:attachment":[{"href":"https:\/\/doreytiles.pt\/pt-pt\/wp-json\/wp\/v2\/media?parent=14554"}],"wp:term":[{"taxonomy":"product_brand","embeddable":true,"href":"https:\/\/doreytiles.pt\/pt-pt\/wp-json\/wp\/v2\/product_brand?post=14554"},{"taxonomy":"product_cat","embeddable":true,"href":"https:\/\/doreytiles.pt\/pt-pt\/wp-json\/wp\/v2\/product_cat?post=14554"},{"taxonomy":"product_tag","embeddable":true,"href":"https:\/\/doreytiles.pt\/pt-pt\/wp-json\/wp\/v2\/product_tag?post=14554"}],"curies":[{"name":"wp","href":"https:\/\/api.w.org\/{rel}","templated":true}]}}